{"id":48215,"date":"2025-04-10T12:06:46","date_gmt":"2025-04-10T10:06:46","guid":{"rendered":"https:\/\/myspainfood.com\/producto\/sparagai-d-o-navarra-5-vaisiai-cambra\/"},"modified":"2025-04-10T12:06:46","modified_gmt":"2025-04-10T10:06:46","slug":"sparagai-d-o-navarra-5-vaisiai-cambra","status":"publish","type":"product","link":"https:\/\/myspainfood.com\/lt\/producto\/sparagai-d-o-navarra-5-vaisiai-cambra\/","title":{"rendered":"\u0160paragai D. O. Navarra 5 vaisiai Cambra"},"content":{"rendered":"<p>\u0160paragai <strong>D.O. Navarra<\/strong> stiklin\u0117je pakuot\u0117je, 5 vaisiai ekstra.<\/p>\n<p> Autenti\u0161ki labai dideli \u0161paragai i\u0161 Navaros. <strong>Auk\u0161\u010diausios kokyb\u0117s.<\/strong><\/p>\n","protected":false},"excerpt":{"rendered":"<p>\u0160paragai D.O. Navarra stiklin\u0117je pakuot\u0117je, 5 vaisiai ekstra. Autenti\u0161ki labai dideli \u0161paragai i\u0161 Navaros. Auk\u0161\u010diausios kokyb\u0117s.<\/p>\n","protected":false},"featured_media":48224,"template":"","meta":{"_et_pb_use_builder":"","_et_pb_old_content":"","_et_gb_content_width":""},"product_brand":[1129],"product_cat":[1966,6385],"product_tag":[9855],"class_list":{"0":"post-48215","1":"product","2":"type-product","3":"status-publish","4":"has-post-thumbnail","6":"product_brand-mateo","7":"product_cat-konservai","8":"product_cat-sparagai","9":"product_tag-navarra-lt","11":"first","12":"outofstock","13":"taxable","14":"shipping-taxable","15":"product-type-variable"},"_links":{"self":[{"href":"https:\/\/myspainfood.com\/lt\/wp-json\/wp\/v2\/product\/48215","targetHints":{"allow":["GET"]}}],"collection":[{"href":"https:\/\/myspainfood.com\/lt\/wp-json\/wp\/v2\/product"}],"about":[{"href":"https:\/\/myspainfood.com\/lt\/wp-json\/wp\/v2\/types\/product"}],"wp:featuredmedia":[{"embeddable":true,"href":"https:\/\/myspainfood.com\/lt\/wp-json\/wp\/v2\/media\/48224"}],"wp:attachment":[{"href":"https:\/\/myspainfood.com\/lt\/wp-json\/wp\/v2\/media?parent=48215"}],"wp:term":[{"taxonomy":"product_brand","embeddable":true,"href":"https:\/\/myspainfood.com\/lt\/wp-json\/wp\/v2\/product_brand?post=48215"},{"taxonomy":"product_cat","embeddable":true,"href":"https:\/\/myspainfood.com\/lt\/wp-json\/wp\/v2\/product_cat?post=48215"},{"taxonomy":"product_tag","embeddable":true,"href":"https:\/\/myspainfood.com\/lt\/wp-json\/wp\/v2\/product_tag?post=48215"}],"curies":[{"name":"wp","href":"https:\/\/api.w.org\/{rel}","templated":true}]}}