{"id":48317,"date":"2025-04-10T12:06:56","date_gmt":"2025-04-10T10:06:56","guid":{"rendered":"https:\/\/myspainfood.com\/producto\/gulas-arlequinitos\/"},"modified":"2025-08-20T15:01:37","modified_gmt":"2025-08-20T13:01:37","slug":"gulas-arlequinitos","status":"publish","type":"product","link":"https:\/\/myspainfood.com\/lt\/producto\/gulas-arlequinitos\/","title":{"rendered":"Arlequinitos Arlequin 230 gram\u0173"},"content":{"rendered":"<p>Arlequinitos de <a href=\"https:\/\/conservasarlequin.com\/arlequin\/\" target=\"_blank\" rel=\"noopener noreferrer nofollow\">Arlequ\u00edn<\/a> yra rank\u0173 darbo konservuotas produktas.<\/p>\n<p><strong>Grynasis \/ i\u0161spaustas svoris: <\/strong>230g\/110g<\/p>\n<p><strong>Galiojimo laikas:<\/strong> 5 metai<\/p>\n<p><strong>Aplinkosauga:<\/strong> Aplinka<\/p>\n<p>&#8222;Conservas <a href=\"https:\/\/latiendadesami.com\/marca\/arlequin\/\" target=\"_blank\" rel=\"noopener noreferrer nofollow\">Arlequ\u00edn<\/a> &#8221; misija - pasi\u016blyti puik\u0173 produkt\u0105, geriausi\u0105 aptarnavim\u0105 ir plat\u0173 \u017euv\u0173 konserv\u0173 asortiment\u0105 u\u017e geriausi\u0105 kain\u0105.<\/p>\n<p>Jie taip pat specializuojasi an\u010diuvi\u0173, an\u010diuvi\u0173, an\u010diuvi\u0173, Bonito, geltonpeleki\u0173 tun\u0173, midij\u0173, skumbri\u0173, Gulas arlequinitos ir Sardinillas.<\/p>\n<p>Pavyzd\u017eiui, laikra\u0161\u010dio &#8222;El Pa\u00eds&#8221; laikra\u0161\u010dio &#8222;Comidista&#8221; \u017eurnalistas apie ventresk\u0105 ra\u0161\u0117: &#8222;Ji tokia \u0161velni, beveik kremin\u0117, kad norisi j\u0105 vesti ir gyventi laimingai, kol Vie\u0161pats jus pasiims&#8221;.<\/p>\n<h4>Pagrindiniai konservuoto maisto privalumai<\/h4>\n<ol>\n<li>Jie i\u0161saugo visas maistines maisto produkto savybes. Maistas i\u0161lieka \u0161vie\u017eias. <\/li>\n<li>Naudojami sveiki maisto produktai, tod\u0117l d\u0117l didelio vitamin\u0173 ir baltym\u0173 kiekio tinka optimaliai mitybai.<\/li>\n<li>\u0160i\u0173 gamini\u0173 naudojimo trukm\u0117 ilgesn\u0117 (paprastai 2-5 metai).<\/li>\n<li>Konservus labai lengva laikyti, nes j\u0173 pakuot\u0119 lengva u\u017ed\u0117ti.<\/li>\n<\/ol>\n<p>Jei norite \u012fsigyti tun\u0173 ar bet kurios kitos r\u016b\u0161ies <a href=\"https:\/\/latiendadesami.com\/categoria-producto\/conservas\/\" rel=\"noopener noreferrer nofollow\" target=\"_blank\">konserv\u0173<\/a>, nedvejodami per\u017ei\u016br\u0117kite m\u016bs\u0173 internetin\u012f katalog\u0105 ir susipa\u017einkite su pla\u010dia <a href=\"https:\/\/latiendadesami.com\/categoria-producto\/conservas\/atun-y-bonito\/\" target=\"_blank\" rel=\"noopener noreferrer nofollow\">tun\u0173<\/a> \u012fvairove.<\/p>\n<p>Nor\u0117dami gauti daugiau informacijos, ra\u0161ykite mums.<\/p>\n","protected":false},"excerpt":{"rendered":"<p>Arlequinitos de Arlequ\u00edn yra rank\u0173 darbo konservuotas produktas. Grynasis \/ i\u0161spaustas svoris: 230g\/110g Galiojimo laikas: 5 metai Aplinkosauga: Aplinka &#8222;Conservas Arlequ\u00edn &#8221; misija - pasi\u016blyti puik\u0173 produkt\u0105, geriausi\u0105 aptarnavim\u0105 ir plat\u0173 \u017euv\u0173 konserv\u0173 asortiment\u0105 u\u017e geriausi\u0105 kain\u0105. Jie taip pat specializuojasi an\u010diuvi\u0173, an\u010diuvi\u0173, an\u010diuvi\u0173, Bonito, geltonpeleki\u0173 tun\u0173, midij\u0173, skumbri\u0173, Gulas arlequinitos ir Sardinillas. Pavyzd\u017eiui, laikra\u0161\u010dio [&hellip;]<\/p>\n","protected":false},"featured_media":48323,"template":"","meta":{"_et_pb_use_builder":"","_et_pb_old_content":"","_et_gb_content_width":""},"product_brand":[1162],"product_cat":[1966],"product_tag":[],"class_list":{"0":"post-48317","1":"product","2":"type-product","3":"status-publish","4":"has-post-thumbnail","6":"product_brand-arlequin","7":"product_cat-konservai","9":"first","10":"outofstock","11":"taxable","12":"shipping-taxable","13":"purchasable","14":"product-type-variable"},"_links":{"self":[{"href":"https:\/\/myspainfood.com\/lt\/wp-json\/wp\/v2\/product\/48317","targetHints":{"allow":["GET"]}}],"collection":[{"href":"https:\/\/myspainfood.com\/lt\/wp-json\/wp\/v2\/product"}],"about":[{"href":"https:\/\/myspainfood.com\/lt\/wp-json\/wp\/v2\/types\/product"}],"wp:featuredmedia":[{"embeddable":true,"href":"https:\/\/myspainfood.com\/lt\/wp-json\/wp\/v2\/media\/48323"}],"wp:attachment":[{"href":"https:\/\/myspainfood.com\/lt\/wp-json\/wp\/v2\/media?parent=48317"}],"wp:term":[{"taxonomy":"product_brand","embeddable":true,"href":"https:\/\/myspainfood.com\/lt\/wp-json\/wp\/v2\/product_brand?post=48317"},{"taxonomy":"product_cat","embeddable":true,"href":"https:\/\/myspainfood.com\/lt\/wp-json\/wp\/v2\/product_cat?post=48317"},{"taxonomy":"product_tag","embeddable":true,"href":"https:\/\/myspainfood.com\/lt\/wp-json\/wp\/v2\/product_tag?post=48317"}],"curies":[{"name":"wp","href":"https:\/\/api.w.org\/{rel}","templated":true}]}}