{"id":48411,"date":"2025-04-10T12:06:58","date_gmt":"2025-04-10T10:06:58","guid":{"rendered":"https:\/\/myspainfood.com\/producto\/mini-mazosios-pupeles\/"},"modified":"2025-04-10T12:06:58","modified_gmt":"2025-04-10T10:06:58","slug":"mini-mazosios-pupeles","status":"publish","type":"product","link":"https:\/\/myspainfood.com\/lt\/producto\/mini-mazosios-pupeles\/","title":{"rendered":"Mini ma\u017eosios pupel\u0117s"},"content":{"rendered":"<p>&#8221; <a href=\"https:\/\/www.alsurvegetales.com\/producto\/id\/12\/habas-frita-mini-baby\" target=\"_blank\" rel=\"noopener noreferrer nofollow\">Alsur&#8221;<\/a> gaminamos ma\u017eosios pupel\u0117s nuimamos rankomis, kad b\u016bt\u0173 u\u017etikrinta auk\u0161\u010diausia kokyb\u0117.<\/p>\n<p>Produktas atrenkamas atsi\u017evelgiant \u012f jo dyd\u012f ir ideal\u0173 nokimo moment\u0105, kad b\u016bt\u0173 pasiekta auk\u0161\u010diausia skonio kokyb\u0117 ir ploniausia odel\u0117.<\/p>\n<p>Tod\u0117l tik 8 % derliaus naudojama galutiniam pakavimui, kur alyvuogi\u0173 aliejus veikia kaip konservantas.<\/p>\n<p>Laikykite v\u0117sioje ir sausoje vietoje. Atidaryt\u0105 laikykite \u0161aldytuve ir suvartokite per 7 dienas. <\/p>\n<p>Sudedamosios dalys: Ypa\u010d smulkios pupel\u0117s, tyras alyvuogi\u0173 aliejus (31 %), druska ir r\u016bg\u0161tingum\u0105 reguliuojanti med\u017eiaga citrin\u0173 r\u016bg\u0161tis.<\/p>\n<p>&#8222;Alsur&#8221; yra \u0161eimos verslas, kurio pagrindinis veik\u0117jas - maisto esm\u0117.<\/p>\n<h4>Pagrindiniai konservuoto maisto privalumai<\/h4>\n<ol>\n<li>Jie i\u0161saugo visas maistines maisto produkto savybes. Maistas i\u0161lieka \u0161vie\u017eias. <\/li>\n<li>Naudojami sveiki maisto produktai, tod\u0117l d\u0117l didelio vitamin\u0173 ir baltym\u0173 kiekio tinka optimaliai mitybai.<\/li>\n<li>\u0160i\u0173 gamini\u0173 naudojimo trukm\u0117 ilgesn\u0117 (paprastai 2-5 metai).<\/li>\n<li>Konservus labai lengva laikyti, nes j\u0173 pakuot\u0119 lengva u\u017ed\u0117ti.<\/li>\n<\/ol>\n<p>Jei norite nusipirkti k\u016bdiki\u0173 pupeli\u0173 su tunu ar bet kurios kitos r\u016b\u0161ies <a href=\"https:\/\/latiendadesami.com\/categoria-producto\/conservas\/\" rel=\"noopener noreferrer nofollow\" target=\"_blank\">konserv\u0173<\/a>, nedvejodami per\u017ei\u016br\u0117kite m\u016bs\u0173 internetin\u012f katalog\u0105 ir susipa\u017einkite su pla\u010dia <a href=\"https:\/\/latiendadesami.com\/categoria-producto\/conservas\/atun-y-bonito\/\" target=\"_blank\" rel=\"noopener noreferrer nofollow\">tun\u0173<\/a> \u012fvairove.<\/p>\n<p>Nor\u0117dami gauti daugiau informacijos, ra\u0161ykite mums.<\/p>\n","protected":false},"excerpt":{"rendered":"<p>Ma\u017eosios pupel\u0117s<\/p>\n","protected":false},"featured_media":48419,"template":"","meta":{"_et_pb_use_builder":"","_et_pb_old_content":"","_et_gb_content_width":""},"product_brand":[1196],"product_cat":[3716,1966],"product_tag":[],"class_list":{"0":"post-48411","1":"product","2":"type-product","3":"status-publish","4":"has-post-thumbnail","6":"product_brand-alsur","7":"product_cat-darzoves","8":"product_cat-konservai","10":"first","11":"instock","12":"taxable","13":"shipping-taxable","14":"product-type-variable"},"_links":{"self":[{"href":"https:\/\/myspainfood.com\/lt\/wp-json\/wp\/v2\/product\/48411","targetHints":{"allow":["GET"]}}],"collection":[{"href":"https:\/\/myspainfood.com\/lt\/wp-json\/wp\/v2\/product"}],"about":[{"href":"https:\/\/myspainfood.com\/lt\/wp-json\/wp\/v2\/types\/product"}],"wp:featuredmedia":[{"embeddable":true,"href":"https:\/\/myspainfood.com\/lt\/wp-json\/wp\/v2\/media\/48419"}],"wp:attachment":[{"href":"https:\/\/myspainfood.com\/lt\/wp-json\/wp\/v2\/media?parent=48411"}],"wp:term":[{"taxonomy":"product_brand","embeddable":true,"href":"https:\/\/myspainfood.com\/lt\/wp-json\/wp\/v2\/product_brand?post=48411"},{"taxonomy":"product_cat","embeddable":true,"href":"https:\/\/myspainfood.com\/lt\/wp-json\/wp\/v2\/product_cat?post=48411"},{"taxonomy":"product_tag","embeddable":true,"href":"https:\/\/myspainfood.com\/lt\/wp-json\/wp\/v2\/product_tag?post=48411"}],"curies":[{"name":"wp","href":"https:\/\/api.w.org\/{rel}","templated":true}]}}