{"id":48517,"date":"2025-04-10T12:10:00","date_gmt":"2025-04-10T10:10:00","guid":{"rendered":"https:\/\/myspainfood.com\/producto\/alino-de-mi-pueblo-chicon-alyvuoges-900-g-pakuote-6-vnt\/"},"modified":"2025-09-02T10:50:23","modified_gmt":"2025-09-02T08:50:23","slug":"alino-de-mi-pueblo-chicon-alyvuoges-900-g-pakuote-6-vnt","status":"publish","type":"product","link":"https:\/\/myspainfood.com\/lt\/producto\/alino-de-mi-pueblo-chicon-alyvuoges-900-g-pakuote-6-vnt\/","title":{"rendered":"Ali\u00f1o de mi pueblo Chic\u00f3n alyvuog\u0117s 900 g pakuot\u0117 6 vnt."},"content":{"rendered":"<p>&#8222;Ali\u00f1o de mi Pueblo&#8221; manzaniljos <strong>alyvuog\u0117s su<\/strong> <a href=\"https:\/\/aceitunaschiconlebron.com\/catalogo-productos\/comprar-aceitunas\/deshuesadas\/\" target=\"_blank\" rel=\"noopener noreferrer nofollow\">kauliukais - tai alyvuog\u0117s be kauliuk\u0173,<\/a> pagardintos geriausiais ingredientais pagal tradicin\u012f recept\u0105.<\/p>\n<p>\u0160i\u0173 alyvuogi\u0173 ypatingo skonio paslaptis - nat\u016brali\u0173 prieskoni\u0173 naudojimas ir temperat\u016bros kontrol\u0117.<\/p>\n<p>Ali\u00f1o de mi pueblo alyvuog\u0117s yra mink\u0161tos, o sultingas mink\u0161timas suteikia joms nepakartojam\u0105 skon\u012f.<\/p>\n<p>S\u016bryme mirkytos ir apdorotos, kad suma\u017e\u0117t\u0173 j\u0173 r\u016bg\u0161tingumas, namin\u0117s <a href=\"https:\/\/latiendadesami.com\/categoria-producto\/encurtidos\/\" target=\"_blank\" rel=\"noopener noreferrer nofollow\">marinuotos<\/a> alyvuog\u0117s yra \u012fprastas vaizdas daugelyje teras\u0173 ir restoran\u0173.<\/p>\n<h3>Ali\u00f1o de mi Pueblo alyvuogi\u0173 nauda<\/h3>\n<p>Ar \u017einojote, kad \u0161ios <strong>alyvuog\u0117s<\/strong> turi daugyb\u0119 privalum\u0173? Jos labai veiksmingai apsaugo nuo \u0161irdies ir kraujotakos sistemos lig\u0173 apskritai. <\/p>\n<p>Taip yra d\u0117l didelio neso\u010di\u0173j\u0173 riebal\u0173 kiekio. Be to, tai maistas, kuriame yra daug gele\u017eies ir skaidul\u0173, jis labai sotus, tod\u0117l puikiai tinka u\u017ekand\u017eiams. <\/p>\n<p>Jei norite nusipirkti alyvuogi\u0173 ar kit\u0173 <a href=\"https:\/\/latiendadesami.com\/categoria-producto\/encurtidos\/\" rel=\"noopener noreferrer nofollow\" target=\"_blank\">marinuot\u0173 maisto produkt\u0173<\/a>, nedvejodami per\u017ei\u016br\u0117kite m\u016bs\u0173 internetin\u012f katalog\u0105 ir susipa\u017einkite su pla\u010dia <a href=\"https:\/\/latiendadesami.com\/categoria-producto\/encurtidos\/aceitunas\/\" target=\"_blank\" rel=\"noopener noreferrer nofollow\">alyvuogi\u0173<\/a> \u012fvairove.<\/p>\n","protected":false},"excerpt":{"rendered":"<p>&#8222;Ali\u00f1o de mi Pueblo&#8221; manzaniljos alyvuog\u0117s su kauliukais - tai alyvuog\u0117s be kauliuk\u0173, pagardintos geriausiais ingredientais pagal tradicin\u012f recept\u0105. \u0160i\u0173 alyvuogi\u0173 ypatingo skonio paslaptis - nat\u016brali\u0173 prieskoni\u0173 naudojimas ir temperat\u016bros kontrol\u0117. Ali\u00f1o de mi pueblo alyvuog\u0117s yra mink\u0161tos, o sultingas mink\u0161timas suteikia joms nepakartojam\u0105 skon\u012f. S\u016bryme mirkytos ir apdorotos, kad suma\u017e\u0117t\u0173 j\u0173 r\u016bg\u0161tingumas, namin\u0117s marinuotos [&hellip;]<\/p>\n","protected":false},"featured_media":48525,"template":"","meta":{"_et_pb_use_builder":"","_et_pb_old_content":"","_et_gb_content_width":""},"product_brand":[1036],"product_cat":[2855,3126],"product_tag":[9862],"class_list":{"0":"post-48517","1":"product","2":"type-product","3":"status-publish","4":"has-post-thumbnail","6":"product_brand-chicon","7":"product_cat-didmenine-prekyba","8":"product_cat-pickles-lt-2","9":"product_tag-kaimas","11":"first","12":"instock","13":"taxable","14":"shipping-taxable","15":"purchasable","16":"product-type-variable"},"_links":{"self":[{"href":"https:\/\/myspainfood.com\/lt\/wp-json\/wp\/v2\/product\/48517","targetHints":{"allow":["GET"]}}],"collection":[{"href":"https:\/\/myspainfood.com\/lt\/wp-json\/wp\/v2\/product"}],"about":[{"href":"https:\/\/myspainfood.com\/lt\/wp-json\/wp\/v2\/types\/product"}],"wp:featuredmedia":[{"embeddable":true,"href":"https:\/\/myspainfood.com\/lt\/wp-json\/wp\/v2\/media\/48525"}],"wp:attachment":[{"href":"https:\/\/myspainfood.com\/lt\/wp-json\/wp\/v2\/media?parent=48517"}],"wp:term":[{"taxonomy":"product_brand","embeddable":true,"href":"https:\/\/myspainfood.com\/lt\/wp-json\/wp\/v2\/product_brand?post=48517"},{"taxonomy":"product_cat","embeddable":true,"href":"https:\/\/myspainfood.com\/lt\/wp-json\/wp\/v2\/product_cat?post=48517"},{"taxonomy":"product_tag","embeddable":true,"href":"https:\/\/myspainfood.com\/lt\/wp-json\/wp\/v2\/product_tag?post=48517"}],"curies":[{"name":"wp","href":"https:\/\/api.w.org\/{rel}","templated":true}]}}