{"id":49200,"date":"2025-04-10T12:07:42","date_gmt":"2025-04-10T10:07:42","guid":{"rendered":"https:\/\/myspainfood.com\/producto\/aitriosios-paprikos-15-kg-grynojo-svorio\/"},"modified":"2025-04-10T12:07:42","modified_gmt":"2025-04-10T10:07:42","slug":"aitriosios-paprikos-15-kg-grynojo-svorio","status":"publish","type":"product","link":"https:\/\/myspainfood.com\/lt\/producto\/aitriosios-paprikos-15-kg-grynojo-svorio\/","title":{"rendered":"Aitriosios paprikos 1,5 kg grynojo svorio"},"content":{"rendered":"<p>1,5 kg grynojo svorio &#8222;Piparra&#8221; actas suteiks m\u016bs\u0173 <a href=\"https:\/\/es.wikipedia.org\/wiki\/Guindilla_de_Ibarra\" target=\"_blank\" rel=\"noopener noreferrer nofollow\">patiekalams<\/a> pikanti\u0161kumo, kuris leis jiems i\u0161siskirti.<\/p>\n<p>\u0160is produktas privers suvirp\u0117ti gomur\u012f, nes bus labai vertinamas \u0161alia tro\u0161kini\u0173 ar aromating\u0173 pada\u017e\u0173.<\/p>\n<p>Tarp daugelio tradicini\u0173 bask\u0173 virtuv\u0117s ingredient\u0173 yra piparra aitrioji paprika.<\/p>\n<p>Labai ypatinga aitrioji paprika, nes ji beveik neerzina.<\/p>\n<p>Jis puikiai tinka \u012f vis\u0173 r\u016b\u0161i\u0173 valgiara\u0161\u010dius ir yra puikiai priimamas t\u0173, kurie \u0161io skonio nelabai m\u0117gsta.<\/p>\n<p>1,5 kg grynojo svorio &#8222;Piparra&#8221; i\u0161 \u0161io konteinerio yra vidutinio dyd\u017eio ir ruo\u0161iami su actu.<\/p>\n<p>Tikras prisilietimas, su kuriuo paprastai patiekiami pipirai ir kuris su kiekvienu k\u0105sniu per k\u016bn\u0105 perskrod\u017eia intensyvaus skonio drebul\u012f.<\/p>\n<p>Kai kurios gvin\u0117jos savyb\u0117s:<\/p>\n<ul>\n<li>Ma\u017eina cholesterolio kiek\u012f kraujyje.<\/li>\n<li>Stimuliuoja kraujo ir kv\u0117pavimo tak\u0173 kraujotak\u0105.<\/li>\n<li>Manoma, kad jis gali pad\u0117ti suma\u017einti vir\u0161svor\u012f pagreitindamas med\u017eiag\u0173 apykait\u0105.<\/li>\n<li>Kai kuri\u0173 tyrim\u0173 duomenimis, jis apsaugo skrand\u012f, nes priver\u010dia j\u012f gaminti daugiau gleivi\u0173.<\/li>\n<\/ul>\n<p>Jei norite nusipirkti alyvuogi\u0173 ar kit\u0173 <a href=\"https:\/\/latiendadesami.com\/categoria-producto\/encurtidos\/\" rel=\"noopener noreferrer nofollow\" target=\"_blank\">marinuot\u0173 agurk\u0173<\/a>, nedvejodami per\u017ei\u016br\u0117kite m\u016bs\u0173 internetin\u012f katalog\u0105 ir susipa\u017einkite su pla\u010dia <a href=\"https:\/\/latiendadesami.com\/categoria-producto\/encurtidos\/pepinillos\/\" target=\"_blank\" rel=\"noopener noreferrer nofollow\">marinuot\u0173 agurk\u0173<\/a> \u012fvairove.<\/p>\n","protected":false},"excerpt":{"rendered":"<p>1,5 kg grynojo svorio &#8222;Piparra&#8221; actas suteiks m\u016bs\u0173 patiekalams pikanti\u0161kumo, kuris leis jiems i\u0161siskirti. \u0160is produktas privers suvirp\u0117ti gomur\u012f, nes bus labai vertinamas \u0161alia tro\u0161kini\u0173 ar aromating\u0173 pada\u017e\u0173. Tarp daugelio tradicini\u0173 bask\u0173 virtuv\u0117s ingredient\u0173 yra piparra aitrioji paprika. Labai ypatinga aitrioji paprika, nes ji beveik neerzina. Jis puikiai tinka \u012f vis\u0173 r\u016b\u0161i\u0173 valgiara\u0161\u010dius ir yra [&hellip;]<\/p>\n","protected":false},"featured_media":49207,"template":"","meta":{"_et_pb_use_builder":"","_et_pb_old_content":"","_et_gb_content_width":""},"product_brand":[1069],"product_cat":[4012,1715],"product_tag":[9944],"class_list":{"0":"post-49200","1":"product","2":"type-product","3":"status-publish","4":"has-post-thumbnail","6":"product_brand-sangar","7":"product_cat-aitriosios-paprikos","8":"product_cat-pickles-lt","9":"product_tag-piparra-lt","11":"first","12":"outofstock","13":"taxable","14":"shipping-taxable","15":"purchasable","16":"product-type-simple"},"_links":{"self":[{"href":"https:\/\/myspainfood.com\/lt\/wp-json\/wp\/v2\/product\/49200","targetHints":{"allow":["GET"]}}],"collection":[{"href":"https:\/\/myspainfood.com\/lt\/wp-json\/wp\/v2\/product"}],"about":[{"href":"https:\/\/myspainfood.com\/lt\/wp-json\/wp\/v2\/types\/product"}],"wp:featuredmedia":[{"embeddable":true,"href":"https:\/\/myspainfood.com\/lt\/wp-json\/wp\/v2\/media\/49207"}],"wp:attachment":[{"href":"https:\/\/myspainfood.com\/lt\/wp-json\/wp\/v2\/media?parent=49200"}],"wp:term":[{"taxonomy":"product_brand","embeddable":true,"href":"https:\/\/myspainfood.com\/lt\/wp-json\/wp\/v2\/product_brand?post=49200"},{"taxonomy":"product_cat","embeddable":true,"href":"https:\/\/myspainfood.com\/lt\/wp-json\/wp\/v2\/product_cat?post=49200"},{"taxonomy":"product_tag","embeddable":true,"href":"https:\/\/myspainfood.com\/lt\/wp-json\/wp\/v2\/product_tag?post=49200"}],"curies":[{"name":"wp","href":"https:\/\/api.w.org\/{rel}","templated":true}]}}