{"id":49271,"date":"2025-04-10T12:07:46","date_gmt":"2025-04-10T10:07:46","guid":{"rendered":"https:\/\/myspainfood.com\/producto\/manzanilla-4-kg-kalibro-180-200\/"},"modified":"2025-04-10T12:07:46","modified_gmt":"2025-04-10T10:07:46","slug":"manzanilla-4-kg-kalibro-180-200","status":"publish","type":"product","link":"https:\/\/myspainfood.com\/lt\/producto\/manzanilla-4-kg-kalibro-180-200\/","title":{"rendered":"Manzanilla 4 kg kalibro 180\/200"},"content":{"rendered":"<p>Manzanilla alyvuog\u0117s 180\/200 kalibro, 4 kg, i\u0161laiko savo <a href=\"https:\/\/www.google.com\/search?q=aceituna+manzanilla+calibre&amp;tbm=isch&amp;ved=2ahUKEwjzs-WOhPD1AhWHh1wKHXXjAgAQ2-cCegQIABAA&amp;oq=aceituna+manzanilla+calibre&amp;gs_lcp=CgNpbWcQA1CzBli4GGC8GWgAcAB4AIABbYgBzQySAQQxNy4ymAEAoAEBqgELZ3dzLXdpei1pbWfAAQE&amp;sclient=img&amp;ei=6FcCYvOfBoeP8gL1xgs&amp;bih=780&amp;biw=1577\" target=\"_blank\" rel=\"noopener noreferrer nofollow\">pirmin\u0119<\/a> form\u0105, o kauliukas lieka vaisiaus viduje.<\/p>\n<p>\u012evairios alyvmed\u017eio (Olea europaea) veisl\u0117s vadinamos ramun\u0117l\u0117mis.<\/p>\n<p>\u0160iuo vardu taip pat vadinami j\u0173 vaisiai arba alyvuog\u0117s.<\/p>\n<p>Pagrindin\u0117s veisl\u0117s yra manzanilla sevillana, manzanilla cacere\u00f1a ir manzanilla alore\u00f1a.<\/p>\n<p>Patartina \u0161ias sveikas alyvuoges laikyti v\u0117sioje, sausoje vietoje, atokiau nuo saul\u0117s spinduli\u0173.<\/p>\n<h3>Ramun\u0117li\u0173 180\/200 kalibro 4kg nauda<\/h3>\n<p>Ar \u017einojote, koki\u0105 naud\u0105 teikia \u0161ios alyvuog\u0117s? Jos labai veiksmingai apsaugo nuo \u0161irdies ir kraujotakos sistemos lig\u0173 apskritai. <\/p>\n<p>Taip yra d\u0117l didelio neso\u010di\u0173j\u0173 riebal\u0173 kiekio. Be to, tai maistas, kuriame yra daug gele\u017eies ir skaidul\u0173, jis labai sotus, tod\u0117l puikiai tinka u\u017ekand\u017eiams. <\/p>\n<p>Jei norite nusipirkti alyvuogi\u0173 ar kit\u0173 <a href=\"https:\/\/latiendadesami.com\/categoria-producto\/encurtidos\/\" rel=\"noopener noreferrer nofollow\" target=\"_blank\">marinuot\u0173 maisto produkt\u0173<\/a>, nedvejodami per\u017ei\u016br\u0117kite m\u016bs\u0173 internetin\u012f katalog\u0105 ir susipa\u017einkite su pla\u010dia <a href=\"https:\/\/latiendadesami.com\/categoria-producto\/encurtidos\/aceitunas\/\" target=\"_blank\" rel=\"noopener noreferrer nofollow\">alyvuogi\u0173<\/a> \u012fvairove.<\/p>\n","protected":false},"excerpt":{"rendered":"<p>Manzanilla alyvuog\u0117s 180\/200 kalibro, 4 kg, i\u0161laiko savo pirmin\u0119 form\u0105, o kauliukas lieka vaisiaus viduje. \u012evairios alyvmed\u017eio (Olea europaea) veisl\u0117s vadinamos ramun\u0117l\u0117mis. \u0160iuo vardu taip pat vadinami j\u0173 vaisiai arba alyvuog\u0117s. Pagrindin\u0117s veisl\u0117s yra manzanilla sevillana, manzanilla cacere\u00f1a ir manzanilla alore\u00f1a. Patartina \u0161ias sveikas alyvuoges laikyti v\u0117sioje, sausoje vietoje, atokiau nuo saul\u0117s spinduli\u0173. Ramun\u0117li\u0173 180\/200 [&hellip;]<\/p>\n","protected":false},"featured_media":49274,"template":"","meta":{"_et_pb_use_builder":"","_et_pb_old_content":"","_et_gb_content_width":""},"product_brand":[1069],"product_cat":[1718,1715],"product_tag":[2051],"class_list":{"0":"post-49271","1":"product","2":"type-product","3":"status-publish","4":"has-post-thumbnail","6":"product_brand-sangar","7":"product_cat-alyvuoges","8":"product_cat-pickles-lt","9":"product_tag-ramuneles","11":"first","12":"outofstock","13":"taxable","14":"shipping-taxable","15":"purchasable","16":"product-type-simple"},"_links":{"self":[{"href":"https:\/\/myspainfood.com\/lt\/wp-json\/wp\/v2\/product\/49271","targetHints":{"allow":["GET"]}}],"collection":[{"href":"https:\/\/myspainfood.com\/lt\/wp-json\/wp\/v2\/product"}],"about":[{"href":"https:\/\/myspainfood.com\/lt\/wp-json\/wp\/v2\/types\/product"}],"wp:featuredmedia":[{"embeddable":true,"href":"https:\/\/myspainfood.com\/lt\/wp-json\/wp\/v2\/media\/49274"}],"wp:attachment":[{"href":"https:\/\/myspainfood.com\/lt\/wp-json\/wp\/v2\/media?parent=49271"}],"wp:term":[{"taxonomy":"product_brand","embeddable":true,"href":"https:\/\/myspainfood.com\/lt\/wp-json\/wp\/v2\/product_brand?post=49271"},{"taxonomy":"product_cat","embeddable":true,"href":"https:\/\/myspainfood.com\/lt\/wp-json\/wp\/v2\/product_cat?post=49271"},{"taxonomy":"product_tag","embeddable":true,"href":"https:\/\/myspainfood.com\/lt\/wp-json\/wp\/v2\/product_tag?post=49271"}],"curies":[{"name":"wp","href":"https:\/\/api.w.org\/{rel}","templated":true}]}}