{"id":49386,"date":"2025-04-10T12:08:25","date_gmt":"2025-04-10T10:08:25","guid":{"rendered":"https:\/\/myspainfood.com\/producto\/menke-10-20-visa-sudyta-fareru-menke\/"},"modified":"2025-06-24T16:24:09","modified_gmt":"2025-06-24T14:24:09","slug":"menke-10-20-visa-sudyta-fareru-menke","status":"publish","type":"product","link":"https:\/\/myspainfood.com\/lt\/producto\/menke-10-20-visa-sudyta-fareru-menke\/","title":{"rendered":"Menk\u0117 10\/20 Visa s\u016bdyta Farer\u0173 menk\u0117"},"content":{"rendered":"","protected":false},"excerpt":{"rendered":"","protected":false},"featured_media":0,"template":"","meta":{"_et_pb_use_builder":"","_et_pb_old_content":"","_et_gb_content_width":""},"product_brand":[1290],"product_cat":[3516,1812],"product_tag":[],"class_list":{"0":"post-49386","1":"product","2":"type-product","3":"status-publish","5":"product_brand-la-barajilla","6":"product_cat-menkes","7":"product_cat-saltas","8":"product_shipping_class-saltoji-siunta","10":"first","11":"instock","12":"taxable","13":"shipping-taxable","14":"purchasable","15":"product-type-variable"},"_links":{"self":[{"href":"https:\/\/myspainfood.com\/lt\/wp-json\/wp\/v2\/product\/49386","targetHints":{"allow":["GET"]}}],"collection":[{"href":"https:\/\/myspainfood.com\/lt\/wp-json\/wp\/v2\/product"}],"about":[{"href":"https:\/\/myspainfood.com\/lt\/wp-json\/wp\/v2\/types\/product"}],"wp:attachment":[{"href":"https:\/\/myspainfood.com\/lt\/wp-json\/wp\/v2\/media?parent=49386"}],"wp:term":[{"taxonomy":"product_brand","embeddable":true,"href":"https:\/\/myspainfood.com\/lt\/wp-json\/wp\/v2\/product_brand?post=49386"},{"taxonomy":"product_cat","embeddable":true,"href":"https:\/\/myspainfood.com\/lt\/wp-json\/wp\/v2\/product_cat?post=49386"},{"taxonomy":"product_tag","embeddable":true,"href":"https:\/\/myspainfood.com\/lt\/wp-json\/wp\/v2\/product_tag?post=49386"}],"curies":[{"name":"wp","href":"https:\/\/api.w.org\/{rel}","templated":true}]}}