{"id":49427,"date":"2025-04-10T12:08:30","date_gmt":"2025-04-10T10:08:30","guid":{"rendered":"https:\/\/myspainfood.com\/producto\/sudytu-menkiu-file-1000-1500-faroe-10kg\/"},"modified":"2025-06-24T14:12:47","modified_gmt":"2025-06-24T12:12:47","slug":"sudytu-menkiu-file-1000-1500-faroe-10kg","status":"publish","type":"product","link":"https:\/\/myspainfood.com\/lt\/producto\/sudytu-menkiu-file-1000-1500-faroe-10kg\/","title":{"rendered":"S\u016bdyt\u0173 menki\u0173 fil\u0117 +1000-1500 FAROE 10kg"},"content":{"rendered":"","protected":false},"excerpt":{"rendered":"","protected":false},"featured_media":44460,"template":"","meta":{"_et_pb_use_builder":"","_et_pb_old_content":"","_et_gb_content_width":""},"product_brand":[1290],"product_cat":[3516,1812],"product_tag":[],"class_list":{"0":"post-49427","1":"product","2":"type-product","3":"status-publish","4":"has-post-thumbnail","6":"product_brand-la-barajilla","7":"product_cat-menkes","8":"product_cat-saltas","9":"product_shipping_class-saltoji-siunta","11":"first","12":"outofstock","13":"taxable","14":"shipping-taxable","15":"purchasable","16":"product-type-simple"},"_links":{"self":[{"href":"https:\/\/myspainfood.com\/lt\/wp-json\/wp\/v2\/product\/49427","targetHints":{"allow":["GET"]}}],"collection":[{"href":"https:\/\/myspainfood.com\/lt\/wp-json\/wp\/v2\/product"}],"about":[{"href":"https:\/\/myspainfood.com\/lt\/wp-json\/wp\/v2\/types\/product"}],"wp:featuredmedia":[{"embeddable":true,"href":"https:\/\/myspainfood.com\/lt\/wp-json\/wp\/v2\/media\/44460"}],"wp:attachment":[{"href":"https:\/\/myspainfood.com\/lt\/wp-json\/wp\/v2\/media?parent=49427"}],"wp:term":[{"taxonomy":"product_brand","embeddable":true,"href":"https:\/\/myspainfood.com\/lt\/wp-json\/wp\/v2\/product_brand?post=49427"},{"taxonomy":"product_cat","embeddable":true,"href":"https:\/\/myspainfood.com\/lt\/wp-json\/wp\/v2\/product_cat?post=49427"},{"taxonomy":"product_tag","embeddable":true,"href":"https:\/\/myspainfood.com\/lt\/wp-json\/wp\/v2\/product_tag?post=49427"}],"curies":[{"name":"wp","href":"https:\/\/api.w.org\/{rel}","templated":true}]}}