{"id":49502,"date":"2025-04-10T12:08:45","date_gmt":"2025-04-10T10:08:45","guid":{"rendered":"https:\/\/myspainfood.com\/producto\/riojana-suris-75-vnt\/"},"modified":"2025-07-28T10:35:11","modified_gmt":"2025-07-28T08:35:11","slug":"riojana-suris-75-vnt","status":"publish","type":"product","link":"https:\/\/myspainfood.com\/lt\/producto\/riojana-suris-75-vnt\/","title":{"rendered":"Riojana s\u016bris 75 vnt."},"content":{"rendered":"<p>Aliejus (85 % saul\u0117gr\u0105\u017e\u0173, 15 % alyvuogi\u0173), alyvuog\u0117s, \u012fdarytos <strong>an\u010diuviais<\/strong>,<strong> an\u010diuvi\u0173<\/strong> fil\u0117, a\u0161trus mink\u0161tasis s\u016bris ir raudonieji pipirai.<\/p>\n","protected":false},"excerpt":{"rendered":"<p>Aliejus (85 % saul\u0117gr\u0105\u017e\u0173, 15 % alyvuogi\u0173), alyvuog\u0117s, \u012fdarytos an\u010diuviais, an\u010diuvi\u0173 fil\u0117, a\u0161trus mink\u0161tasis s\u016bris ir raudonieji pipirai.<\/p>\n","protected":false},"featured_media":49504,"template":"","meta":{"_et_pb_use_builder":"","_et_pb_old_content":"","_et_gb_content_width":""},"product_brand":[1277],"product_cat":[1718,1814,1715,1816,2327,1812,2256],"product_tag":[],"class_list":{"0":"post-49502","1":"product","2":"type-product","3":"status-publish","4":"has-post-thumbnail","6":"product_brand-bokeo","7":"product_cat-alyvuoges","8":"product_cat-anciuviai","9":"product_cat-pickles-lt","10":"product_cat-pintxos-lt","11":"product_cat-pipirai","12":"product_cat-saltas","13":"product_cat-suris-ir-desra","14":"product_shipping_class-saltoji-siunta","16":"first","17":"outofstock","18":"taxable","19":"shipping-taxable","20":"purchasable","21":"product-type-simple"},"_links":{"self":[{"href":"https:\/\/myspainfood.com\/lt\/wp-json\/wp\/v2\/product\/49502","targetHints":{"allow":["GET"]}}],"collection":[{"href":"https:\/\/myspainfood.com\/lt\/wp-json\/wp\/v2\/product"}],"about":[{"href":"https:\/\/myspainfood.com\/lt\/wp-json\/wp\/v2\/types\/product"}],"wp:featuredmedia":[{"embeddable":true,"href":"https:\/\/myspainfood.com\/lt\/wp-json\/wp\/v2\/media\/49504"}],"wp:attachment":[{"href":"https:\/\/myspainfood.com\/lt\/wp-json\/wp\/v2\/media?parent=49502"}],"wp:term":[{"taxonomy":"product_brand","embeddable":true,"href":"https:\/\/myspainfood.com\/lt\/wp-json\/wp\/v2\/product_brand?post=49502"},{"taxonomy":"product_cat","embeddable":true,"href":"https:\/\/myspainfood.com\/lt\/wp-json\/wp\/v2\/product_cat?post=49502"},{"taxonomy":"product_tag","embeddable":true,"href":"https:\/\/myspainfood.com\/lt\/wp-json\/wp\/v2\/product_tag?post=49502"}],"curies":[{"name":"wp","href":"https:\/\/api.w.org\/{rel}","templated":true}]}}