{"id":49528,"date":"2025-04-10T12:08:47","date_gmt":"2025-04-10T10:08:47","guid":{"rendered":"https:\/\/myspainfood.com\/producto\/surio-pagundos-18-kg\/"},"modified":"2025-04-10T12:08:47","modified_gmt":"2025-04-10T10:08:47","slug":"surio-pagundos-18-kg","status":"publish","type":"product","link":"https:\/\/myspainfood.com\/lt\/producto\/surio-pagundos-18-kg\/","title":{"rendered":"S\u016brio pagundos 1,8 kg"},"content":{"rendered":"<p>Aliejus (100 % saul\u0117gr\u0105\u017e\u0173), sald\u017eiosios vy\u0161nios, grietin\u0117l\u0117s s\u016bris.<\/p>\n","protected":false},"excerpt":{"rendered":"<p>Aliejus (100 % saul\u0117gr\u0105\u017e\u0173), sald\u017eiosios vy\u0161nios, grietin\u0117l\u0117s s\u016bris.<\/p>\n","protected":false},"featured_media":49531,"template":"","meta":{"_et_pb_use_builder":"","_et_pb_old_content":"","_et_gb_content_width":""},"product_brand":[1277],"product_cat":[1966,2327,2256],"product_tag":[],"class_list":{"0":"post-49528","1":"product","2":"type-product","3":"status-publish","4":"has-post-thumbnail","6":"product_brand-bokeo","7":"product_cat-konservai","8":"product_cat-pipirai","9":"product_cat-suris-ir-desra","10":"product_shipping_class-saltoji-siunta","12":"first","13":"instock","14":"featured","15":"taxable","16":"shipping-taxable","17":"purchasable","18":"product-type-simple"},"_links":{"self":[{"href":"https:\/\/myspainfood.com\/lt\/wp-json\/wp\/v2\/product\/49528","targetHints":{"allow":["GET"]}}],"collection":[{"href":"https:\/\/myspainfood.com\/lt\/wp-json\/wp\/v2\/product"}],"about":[{"href":"https:\/\/myspainfood.com\/lt\/wp-json\/wp\/v2\/types\/product"}],"wp:featuredmedia":[{"embeddable":true,"href":"https:\/\/myspainfood.com\/lt\/wp-json\/wp\/v2\/media\/49531"}],"wp:attachment":[{"href":"https:\/\/myspainfood.com\/lt\/wp-json\/wp\/v2\/media?parent=49528"}],"wp:term":[{"taxonomy":"product_brand","embeddable":true,"href":"https:\/\/myspainfood.com\/lt\/wp-json\/wp\/v2\/product_brand?post=49528"},{"taxonomy":"product_cat","embeddable":true,"href":"https:\/\/myspainfood.com\/lt\/wp-json\/wp\/v2\/product_cat?post=49528"},{"taxonomy":"product_tag","embeddable":true,"href":"https:\/\/myspainfood.com\/lt\/wp-json\/wp\/v2\/product_tag?post=49528"}],"curies":[{"name":"wp","href":"https:\/\/api.w.org\/{rel}","templated":true}]}}