{"id":49548,"date":"2025-04-10T12:08:48","date_gmt":"2025-04-10T10:08:48","guid":{"rendered":"https:\/\/myspainfood.com\/producto\/anciuviu-pagundos-18-kg\/"},"modified":"2025-04-10T12:08:48","modified_gmt":"2025-04-10T10:08:48","slug":"anciuviu-pagundos-18-kg","status":"publish","type":"product","link":"https:\/\/myspainfood.com\/lt\/producto\/anciuviu-pagundos-18-kg\/","title":{"rendered":"An\u010diuvi\u0173 pagundos 1,8 kg"},"content":{"rendered":"<p>Aliejus (100 % saul\u0117gr\u0105\u017e\u0173), vy\u0161ni\u0173 pipirai, grietin\u0117l\u0117s s\u016bris ir smulkintas <strong>an\u010diuvis<\/strong>.<\/p>\n","protected":false},"excerpt":{"rendered":"<p>Aliejus (100 % saul\u0117gr\u0105\u017e\u0173), vy\u0161ni\u0173 pipirai, grietin\u0117l\u0117s s\u016bris ir smulkintas an\u010diuvis.<\/p>\n","protected":false},"featured_media":49551,"template":"","meta":{"_et_pb_use_builder":"","_et_pb_old_content":"","_et_gb_content_width":""},"product_brand":[1277],"product_cat":[1966,2327,2256],"product_tag":[],"class_list":{"0":"post-49548","1":"product","2":"type-product","3":"status-publish","4":"has-post-thumbnail","6":"product_brand-bokeo","7":"product_cat-konservai","8":"product_cat-pipirai","9":"product_cat-suris-ir-desra","10":"product_shipping_class-saltoji-siunta","12":"first","13":"outofstock","14":"taxable","15":"shipping-taxable","16":"purchasable","17":"product-type-simple"},"_links":{"self":[{"href":"https:\/\/myspainfood.com\/lt\/wp-json\/wp\/v2\/product\/49548","targetHints":{"allow":["GET"]}}],"collection":[{"href":"https:\/\/myspainfood.com\/lt\/wp-json\/wp\/v2\/product"}],"about":[{"href":"https:\/\/myspainfood.com\/lt\/wp-json\/wp\/v2\/types\/product"}],"wp:featuredmedia":[{"embeddable":true,"href":"https:\/\/myspainfood.com\/lt\/wp-json\/wp\/v2\/media\/49551"}],"wp:attachment":[{"href":"https:\/\/myspainfood.com\/lt\/wp-json\/wp\/v2\/media?parent=49548"}],"wp:term":[{"taxonomy":"product_brand","embeddable":true,"href":"https:\/\/myspainfood.com\/lt\/wp-json\/wp\/v2\/product_brand?post=49548"},{"taxonomy":"product_cat","embeddable":true,"href":"https:\/\/myspainfood.com\/lt\/wp-json\/wp\/v2\/product_cat?post=49548"},{"taxonomy":"product_tag","embeddable":true,"href":"https:\/\/myspainfood.com\/lt\/wp-json\/wp\/v2\/product_tag?post=49548"}],"curies":[{"name":"wp","href":"https:\/\/api.w.org\/{rel}","templated":true}]}}