{"id":49587,"date":"2025-04-10T12:09:49","date_gmt":"2025-04-10T10:09:49","guid":{"rendered":"https:\/\/myspainfood.com\/producto\/120-und-artisoko-sirdeles-naturalios-10-14-papildomu-vaisiu\/"},"modified":"2025-04-10T12:09:49","modified_gmt":"2025-04-10T10:09:49","slug":"120-und-artisoko-sirdeles-naturalios-10-14-papildomu-vaisiu","status":"publish","type":"product","link":"https:\/\/myspainfood.com\/lt\/producto\/120-und-artisoko-sirdeles-naturalios-10-14-papildomu-vaisiu\/","title":{"rendered":"120 und Arti\u0161oko \u0161irdel\u0117s, nat\u016bralios 10\/14 papildom\u0173 vaisi\u0173"},"content":{"rendered":"<p>Arti\u0161oko \u0161irdel\u0117s nat\u016bralios 10\/14 papildom\u0173 vaisi\u0173 yra nat\u016bralus produktas, pagamintas <a href=\"http:\/\/www.conservasoti.es\/paginas\/historia.html\" target=\"_blank\" rel=\"noopener noreferrer nofollow\">amatinink\u0173<\/a>.<\/p>\n<p>Sudedamosios dalys: Arti\u0161okai, vanduo, druska, r\u016bg\u0161tingum\u0105 reguliuojanti med\u017eiaga: citrinos r\u016bg\u0161tis ir antioksidantas: askorbo r\u016bg\u0161tis.<\/p>\n<p>&#8222;Conservas Oti&#8221; yra \u0161eimos tradicijas turinti \u012fmon\u0117, kurios geri darbai perduodami i\u0161 kartos \u012f kart\u0105.<\/p>\n<p>Sunkus \u0161eimos darbas ir pastangos leido <span class=\"negrita\">&#8222;Conservas Oti&#8221;<\/span> augti ir pl\u0117stis.<\/p>\n<p>Pagrindin\u0117s verslo sritys yra &#8222;I\u0161 j\u016bros&#8221;, &#8222;I\u0161 \u017eem\u0117s&#8221; ir &#8222;I\u0161 \u016bkio&#8221;.<\/p>\n<p>I\u0161 j\u016bros: midijos, Ventresca, Sardinillas, Melva&#8230;<\/p>\n<p>Vietiniai produktai: pieni\u0161ki avin\u017eirniai, baltosios inkst\u0173 pupel\u0117s, Pinta pupel\u0117s, Pardina l\u0119\u0161iai&#8230; Arti\u0161oko \u0161irdel\u0117s, nat\u016bralios 10\/14 papildom\u0173 vaisi\u0173 <\/p>\n<p>I\u0161 \u016bkio: grynas avi\u0173 s\u016bris, Ib\u00e9rico kumpis, Ib\u00e9rico kumpelis, Ib\u00e9rico Salchich\u00f3n, Ib\u00e9rico Chorizo,&#8230;<\/p>\n<h4>Pagrindiniai konservuoto maisto privalumai<\/h4>\n<ol>\n<li>Jie i\u0161saugo visas maistines maisto produkto savybes. Maistas i\u0161lieka \u0161vie\u017eias. <\/li>\n<li>Naudojami sveiki maisto produktai, tod\u0117l d\u0117l didelio vitamin\u0173 ir baltym\u0173 kiekio tinka optimaliai mitybai.<\/li>\n<li>\u0160i\u0173 gamini\u0173 naudojimo trukm\u0117 ilgesn\u0117 (paprastai 2-5 metai).<\/li>\n<li>Konservus labai lengva laikyti, nes j\u0173 pakuot\u0119 lengva u\u017ed\u0117ti.<\/li>\n<\/ol>\n<p>Jei norite \u012fsigyti tun\u0173 ar bet kurios kitos r\u016b\u0161ies <a href=\"https:\/\/latiendadesami.com\/categoria-producto\/conservas\/\" rel=\"noopener noreferrer nofollow\" target=\"_blank\">konserv\u0173<\/a>, nedvejodami per\u017ei\u016br\u0117kite m\u016bs\u0173 internetin\u012f katalog\u0105 ir susipa\u017einkite su pla\u010dia <a href=\"https:\/\/latiendadesami.com\/categoria-producto\/conservas\/atun-y-bonito\/\" target=\"_blank\" rel=\"noopener noreferrer nofollow\">tun\u0173<\/a> \u012fvairove.<\/p>\n<p>Nor\u0117dami gauti daugiau informacijos, ra\u0161ykite mums.<\/p>\n","protected":false},"excerpt":{"rendered":"<p>Arti\u0161oko \u0161irdel\u0117s, nat\u016bralios 10\/14 papildom\u0173 vaisi\u0173<\/p>\n","protected":false},"featured_media":48155,"template":"","meta":{"_et_pb_use_builder":"","_et_pb_old_content":"","_et_gb_content_width":""},"product_brand":[1075],"product_cat":[4689,2855,1966],"product_tag":[4692],"class_list":{"0":"post-49587","1":"product","2":"type-product","3":"status-publish","4":"has-post-thumbnail","6":"product_brand-oti","7":"product_cat-artisokai","8":"product_cat-didmenine-prekyba","9":"product_cat-konservai","10":"product_tag-sirdys","12":"first","13":"outofstock","14":"taxable","15":"shipping-taxable","16":"purchasable","17":"product-type-simple"},"_links":{"self":[{"href":"https:\/\/myspainfood.com\/lt\/wp-json\/wp\/v2\/product\/49587","targetHints":{"allow":["GET"]}}],"collection":[{"href":"https:\/\/myspainfood.com\/lt\/wp-json\/wp\/v2\/product"}],"about":[{"href":"https:\/\/myspainfood.com\/lt\/wp-json\/wp\/v2\/types\/product"}],"wp:featuredmedia":[{"embeddable":true,"href":"https:\/\/myspainfood.com\/lt\/wp-json\/wp\/v2\/media\/48155"}],"wp:attachment":[{"href":"https:\/\/myspainfood.com\/lt\/wp-json\/wp\/v2\/media?parent=49587"}],"wp:term":[{"taxonomy":"product_brand","embeddable":true,"href":"https:\/\/myspainfood.com\/lt\/wp-json\/wp\/v2\/product_brand?post=49587"},{"taxonomy":"product_cat","embeddable":true,"href":"https:\/\/myspainfood.com\/lt\/wp-json\/wp\/v2\/product_cat?post=49587"},{"taxonomy":"product_tag","embeddable":true,"href":"https:\/\/myspainfood.com\/lt\/wp-json\/wp\/v2\/product_tag?post=49587"}],"curies":[{"name":"wp","href":"https:\/\/api.w.org\/{rel}","templated":true}]}}