{"id":50560,"date":"2025-05-21T08:44:03","date_gmt":"2025-05-21T06:44:03","guid":{"rendered":"https:\/\/myspainfood.com\/producto\/manzanilla-pitted-chamomile-900-gr-chicon\/"},"modified":"2026-04-12T18:08:43","modified_gmt":"2026-04-12T16:08:43","slug":"manzanilla-pitted-chamomile-900-gr-chicon","status":"publish","type":"product","link":"https:\/\/myspainfood.com\/lt\/producto\/manzanilla-pitted-chamomile-900-gr-chicon\/","title":{"rendered":"Manzanilla Pitted Chamomile 900 gr Chic\u00f3n"},"content":{"rendered":"<p>Nepaisant to, kad kauliukas pa\u0161alintas, alyvuog\u0117s &#8222;Manzanilla&#8221; be kauliuk\u0173 prakti\u0161kai i\u0161laiko savo pirmin\u0119 form\u0105.<\/p>\n<h3>Alyvuogi\u0173 Manzanilla <a href=\"https:\/\/aceitunaschiconlebron.com\/catalogo-productos\/comprar-aceitunas\/deshuesadas\/\" target=\"_blank\" rel=\"noopener noreferrer nofollow\">Chic\u00f3n<\/a> be kauliuk\u0173 nauda<\/h3>\n<p>Ar \u017einojote, koki\u0105 naud\u0105 teikia \u0161ios alyvuog\u0117s? Jos labai veiksmingai apsaugo nuo \u0161irdies ir kraujotakos sistemos lig\u0173 apskritai. <\/p>\n<p>Taip yra d\u0117l didelio neso\u010di\u0173j\u0173 riebal\u0173 kiekio. Be to, tai maistas, kuriame yra daug gele\u017eies ir skaidul\u0173, jis labai sotus, tod\u0117l puikiai tinka u\u017ekand\u017eiams. <\/p>\n<p>Jei norite nusipirkti alyvuogi\u0173 ar kit\u0173 <a href=\"https:\/\/latiendadesami.com\/categoria-producto\/encurtidos\/\" rel=\"noopener noreferrer nofollow\" target=\"_blank\">marinuot\u0173 maisto produkt\u0173<\/a>, nedvejodami per\u017ei\u016br\u0117kite m\u016bs\u0173 internetin\u012f katalog\u0105 ir susipa\u017einkite su pla\u010dia <a href=\"https:\/\/latiendadesami.com\/categoria-producto\/encurtidos\/aceitunas\/\" target=\"_blank\" rel=\"noopener noreferrer nofollow\">alyvuogi\u0173<\/a> \u012fvairove.<\/p>\n","protected":false},"excerpt":{"rendered":"<p>Nepaisant to, kad kauliukas pa\u0161alintas, alyvuog\u0117s &#8222;Manzanilla&#8221; be kauliuk\u0173 prakti\u0161kai i\u0161laiko savo pirmin\u0119 form\u0105. Alyvuogi\u0173 Manzanilla Chic\u00f3n be kauliuk\u0173 nauda Ar \u017einojote, koki\u0105 naud\u0105 teikia \u0161ios alyvuog\u0117s? Jos labai veiksmingai apsaugo nuo \u0161irdies ir kraujotakos sistemos lig\u0173 apskritai. Taip yra d\u0117l didelio neso\u010di\u0173j\u0173 riebal\u0173 kiekio. Be to, tai maistas, kuriame yra daug gele\u017eies ir skaidul\u0173, [&hellip;]<\/p>\n","protected":false},"featured_media":50277,"template":"","meta":{"_et_pb_use_builder":"","_et_pb_old_content":"","_et_gb_content_width":""},"product_brand":[1036],"product_cat":[1718,1715],"product_tag":[10012,2051],"class_list":{"0":"post-50560","1":"product","2":"type-product","3":"status-publish","4":"has-post-thumbnail","6":"product_brand-chicon","7":"product_cat-alyvuoges","8":"product_cat-pickles-lt","9":"product_tag-be-kaulu-lt","10":"product_tag-ramuneles","12":"first","13":"instock","14":"taxable","15":"shipping-taxable","16":"purchasable","17":"product-type-variable"},"_links":{"self":[{"href":"https:\/\/myspainfood.com\/lt\/wp-json\/wp\/v2\/product\/50560","targetHints":{"allow":["GET"]}}],"collection":[{"href":"https:\/\/myspainfood.com\/lt\/wp-json\/wp\/v2\/product"}],"about":[{"href":"https:\/\/myspainfood.com\/lt\/wp-json\/wp\/v2\/types\/product"}],"wp:featuredmedia":[{"embeddable":true,"href":"https:\/\/myspainfood.com\/lt\/wp-json\/wp\/v2\/media\/50277"}],"wp:attachment":[{"href":"https:\/\/myspainfood.com\/lt\/wp-json\/wp\/v2\/media?parent=50560"}],"wp:term":[{"taxonomy":"product_brand","embeddable":true,"href":"https:\/\/myspainfood.com\/lt\/wp-json\/wp\/v2\/product_brand?post=50560"},{"taxonomy":"product_cat","embeddable":true,"href":"https:\/\/myspainfood.com\/lt\/wp-json\/wp\/v2\/product_cat?post=50560"},{"taxonomy":"product_tag","embeddable":true,"href":"https:\/\/myspainfood.com\/lt\/wp-json\/wp\/v2\/product_tag?post=50560"}],"curies":[{"name":"wp","href":"https:\/\/api.w.org\/{rel}","templated":true}]}}