{"id":51025,"date":"2025-05-21T09:40:50","date_gmt":"2025-05-21T07:40:50","guid":{"rendered":"https:\/\/myspainfood.com\/producto\/kimbitos-alyvuoges-ir-agurkai-900-gr-chicon\/"},"modified":"2026-01-29T13:06:14","modified_gmt":"2026-01-29T12:06:14","slug":"kimbitos-alyvuoges-ir-agurkai-900-gr-chicon","status":"publish","type":"product","link":"https:\/\/myspainfood.com\/lt\/producto\/kimbitos-alyvuoges-ir-agurkai-900-gr-chicon\/","title":{"rendered":"Kimbitos - alyvuog\u0117s ir agurkai 900 gr Chic\u00f3n"},"content":{"rendered":"<p><a href=\"https:\/\/aceitunaschiconlebron.com\/catalogo\/manzanilla-rellena-de-pepinillo\/\" target=\"_blank\" rel=\"noopener noreferrer nofollow\">Kimbitos alyvuog\u0117s ir agurkai<\/a>, \u0161velnaus sald\u017eiar\u016bg\u0161\u010dio skonio.<\/p>\n<h3>Manzanilla arba Kimbitos alyvuogi\u0173 savyb\u0117s<\/h3>\n<p>I\u0161 Ispanijos kilusios Manzanilla alyvuog\u0117s turi daug privalum\u0173, i\u0161 kuri\u0173 i\u0161skiriami \u0161ie:<\/p>\n<p>Juose yra daug antioksidant\u0173.<\/p>\n<p>Jie ma\u017eina kraujosp\u016bd\u012f ir cholesterolio kiek\u012f kraujyje.<\/p>\n<p>apsaugo nuo kai kuri\u0173 r\u016b\u0161i\u0173 v\u0117\u017eio.<\/p>\n<p>Jie veikia kaip nat\u016bralus probiotikas.<\/p>\n<p>Pagerinkite \u0161irdies sveikat\u0105.<\/p>\n<p>Jie padeda kovoti su infekcijomis.<\/p>\n<p>Jie apsaugo nuo osteoporoz\u0117s.<\/p>\n<p>Ar \u017einojote, kad \u0161ios &#8222;Kimbitos&#8221; alyvuog\u0117s yra naudingos? Jos turi didel\u0119 gali\u0105, kai kalbama apie \u0161irdies ir kraujotakos lig\u0173 prevencij\u0105 apskritai. <\/p>\n<p>Jei norite nusipirkti alyvuogi\u0173 ar kit\u0173 <a href=\"https:\/\/latiendadesami.com\/categoria-producto\/encurtidos\/\" rel=\"noopener noreferrer nofollow\" target=\"_blank\">marinuot\u0173 maisto produkt\u0173<\/a>, nedvejodami per\u017ei\u016br\u0117kite m\u016bs\u0173 internetin\u012f katalog\u0105 ir susipa\u017einkite su pla\u010dia <a href=\"https:\/\/latiendadesami.com\/categoria-producto\/encurtidos\/aceitunas\/\" target=\"_blank\" rel=\"noopener noreferrer nofollow\">alyvuogi\u0173<\/a> \u012fvairove.<\/p>\n","protected":false},"excerpt":{"rendered":"<p>Kimbitos alyvuog\u0117s ir agurkai, \u0161velnaus sald\u017eiar\u016bg\u0161\u010dio skonio. Manzanilla arba Kimbitos alyvuogi\u0173 savyb\u0117s I\u0161 Ispanijos kilusios Manzanilla alyvuog\u0117s turi daug privalum\u0173, i\u0161 kuri\u0173 i\u0161skiriami \u0161ie: Juose yra daug antioksidant\u0173. Jie ma\u017eina kraujosp\u016bd\u012f ir cholesterolio kiek\u012f kraujyje. apsaugo nuo kai kuri\u0173 r\u016b\u0161i\u0173 v\u0117\u017eio. Jie veikia kaip nat\u016bralus probiotikas. Pagerinkite \u0161irdies sveikat\u0105. Jie padeda kovoti su infekcijomis. Jie [&hellip;]<\/p>\n","protected":false},"featured_media":51030,"template":"","meta":{"_et_pb_use_builder":"","_et_pb_old_content":"","_et_gb_content_width":""},"product_brand":[1036],"product_cat":[1718,2014,1715],"product_tag":[2029,2015,2051],"class_list":{"0":"post-51025","1":"product","2":"type-product","3":"status-publish","4":"has-post-thumbnail","6":"product_brand-chicon","7":"product_cat-alyvuoges","8":"product_cat-kornisonai","9":"product_cat-pickles-lt","10":"product_tag-gherkin-lt","11":"product_tag-kimbo-lt","12":"product_tag-ramuneles","14":"first","15":"instock","16":"taxable","17":"shipping-taxable","18":"purchasable","19":"product-type-variable"},"_links":{"self":[{"href":"https:\/\/myspainfood.com\/lt\/wp-json\/wp\/v2\/product\/51025","targetHints":{"allow":["GET"]}}],"collection":[{"href":"https:\/\/myspainfood.com\/lt\/wp-json\/wp\/v2\/product"}],"about":[{"href":"https:\/\/myspainfood.com\/lt\/wp-json\/wp\/v2\/types\/product"}],"wp:featuredmedia":[{"embeddable":true,"href":"https:\/\/myspainfood.com\/lt\/wp-json\/wp\/v2\/media\/51030"}],"wp:attachment":[{"href":"https:\/\/myspainfood.com\/lt\/wp-json\/wp\/v2\/media?parent=51025"}],"wp:term":[{"taxonomy":"product_brand","embeddable":true,"href":"https:\/\/myspainfood.com\/lt\/wp-json\/wp\/v2\/product_brand?post=51025"},{"taxonomy":"product_cat","embeddable":true,"href":"https:\/\/myspainfood.com\/lt\/wp-json\/wp\/v2\/product_cat?post=51025"},{"taxonomy":"product_tag","embeddable":true,"href":"https:\/\/myspainfood.com\/lt\/wp-json\/wp\/v2\/product_tag?post=51025"}],"curies":[{"name":"wp","href":"https:\/\/api.w.org\/{rel}","templated":true}]}}