{"id":51133,"date":"2025-05-21T09:40:50","date_gmt":"2025-05-21T07:40:50","guid":{"rendered":"https:\/\/myspainfood.com\/producto\/plakta-kiausiniene-extra-900-gr-chicon\/"},"modified":"2026-03-10T17:47:12","modified_gmt":"2026-03-10T16:47:12","slug":"plakta-kiausiniene-extra-900-gr-chicon","status":"publish","type":"product","link":"https:\/\/myspainfood.com\/lt\/producto\/plakta-kiausiniene-extra-900-gr-chicon\/","title":{"rendered":"Plakta kiau\u0161inien\u0117 Extra 900 gr Chic\u00f3n"},"content":{"rendered":"<p>M\u016bs\u0173 papildom\u0105 kiau\u0161inien\u0119 su alyvuog\u0117mis ir marinuotais agurkais sudaro manzaniljos <a href=\"https:\/\/aceitunaschiconlebron.com\/catalogo\/revuelto-extra-aceitunas-encurtidos\/\" target=\"_blank\" rel=\"noopener noreferrer nofollow\">alyvuog\u0117s<\/a>, agurkai, svog\u016bnai ir morkos.<\/p>\n<p>\u0160is alyvuogi\u0173 ir marinuot\u0173 agurk\u0173 derinys leid\u017eia m\u0117gautis nepakartojamu tapas ar u\u017ekand\u017ei\u0173 skoniu.<\/p>\n<p>Tai labai sveikas tradicin\u0117s maistingos Vidur\u017eemio j\u016bros regiono dietos papildymas.<\/p>\n<p>Rauginti agurkai i\u0161 seno maisto konservavimo b\u016bdo visame pasaulyje tapo vienu i\u0161 populiariausi\u0173 Ispanijos gastronomijos u\u017ekand\u017ei\u0173.<\/p>\n<h3><strong>&#8222;Scrambled Extra&#8221; nauda<\/strong><\/h3>\n<p>Ar \u017einojote apie &#8222;Revuelto Extra&#8221; ir apskritai marinuot\u0173 agurk\u0173 naud\u0105? Pateikiame svarbiausi\u0173 i\u0161 j\u0173 s\u0105ra\u0161\u0105: <\/p>\n<ul>\n<li>Daug probiotik\u0173.<\/li>\n<li>Jie padeda vir\u0161kinti.<\/li>\n<li>Jie stiprina imunin\u0119 sistem\u0105.<\/li>\n<li>Jie ma\u017eina potrauk\u012f cukrui.<\/li>\n<li>Palankus tul\u017eies p\u016bslei.<\/li>\n<\/ul>\n<p>Jei norite nusipirkti alyvuogi\u0173 ar kit\u0173 <a href=\"https:\/\/latiendadesami.com\/categoria-producto\/encurtidos\/\" rel=\"noopener noreferrer nofollow\" target=\"_blank\">marinuot\u0173 maisto produkt\u0173<\/a>, nedvejodami per\u017ei\u016br\u0117kite m\u016bs\u0173 internetin\u012f katalog\u0105 ir susipa\u017einkite su pla\u010dia <a href=\"https:\/\/latiendadesami.com\/categoria-producto\/encurtidos\/aceitunas\/\" target=\"_blank\" rel=\"noopener noreferrer nofollow\">alyvuogi\u0173<\/a> \u012fvairove.<\/p>\n","protected":false},"excerpt":{"rendered":"<p>M\u016bs\u0173 papildom\u0105 kiau\u0161inien\u0119 su alyvuog\u0117mis ir marinuotais agurkais sudaro manzaniljos alyvuog\u0117s, agurkai, svog\u016bnai ir morkos. \u0160is alyvuogi\u0173 ir marinuot\u0173 agurk\u0173 derinys leid\u017eia m\u0117gautis nepakartojamu tapas ar u\u017ekand\u017ei\u0173 skoniu. Tai labai sveikas tradicin\u0117s maistingos Vidur\u017eemio j\u016bros regiono dietos papildymas. Rauginti agurkai i\u0161 seno maisto konservavimo b\u016bdo visame pasaulyje tapo vienu i\u0161 populiariausi\u0173 Ispanijos gastronomijos u\u017ekand\u017ei\u0173. &#8222;Scrambled [&hellip;]<\/p>\n","protected":false},"featured_media":50831,"template":"","meta":{"_et_pb_use_builder":"","_et_pb_old_content":"","_et_gb_content_width":""},"product_brand":[1036],"product_cat":[1718,1715],"product_tag":[8120],"class_list":{"0":"post-51133","1":"product","2":"type-product","3":"status-publish","4":"has-post-thumbnail","6":"product_brand-chicon","7":"product_cat-alyvuoges","8":"product_cat-pickles-lt","9":"product_tag-kiausiniene","11":"first","12":"instock","13":"taxable","14":"shipping-taxable","15":"purchasable","16":"product-type-variable"},"_links":{"self":[{"href":"https:\/\/myspainfood.com\/lt\/wp-json\/wp\/v2\/product\/51133","targetHints":{"allow":["GET"]}}],"collection":[{"href":"https:\/\/myspainfood.com\/lt\/wp-json\/wp\/v2\/product"}],"about":[{"href":"https:\/\/myspainfood.com\/lt\/wp-json\/wp\/v2\/types\/product"}],"wp:featuredmedia":[{"embeddable":true,"href":"https:\/\/myspainfood.com\/lt\/wp-json\/wp\/v2\/media\/50831"}],"wp:attachment":[{"href":"https:\/\/myspainfood.com\/lt\/wp-json\/wp\/v2\/media?parent=51133"}],"wp:term":[{"taxonomy":"product_brand","embeddable":true,"href":"https:\/\/myspainfood.com\/lt\/wp-json\/wp\/v2\/product_brand?post=51133"},{"taxonomy":"product_cat","embeddable":true,"href":"https:\/\/myspainfood.com\/lt\/wp-json\/wp\/v2\/product_cat?post=51133"},{"taxonomy":"product_tag","embeddable":true,"href":"https:\/\/myspainfood.com\/lt\/wp-json\/wp\/v2\/product_tag?post=51133"}],"curies":[{"name":"wp","href":"https:\/\/api.w.org\/{rel}","templated":true}]}}