{"id":51381,"date":"2025-05-21T10:50:34","date_gmt":"2025-05-21T08:50:34","guid":{"rendered":"https:\/\/myspainfood.com\/producto\/seneles-paslaptis\/"},"modified":"2026-01-29T13:13:28","modified_gmt":"2026-01-29T12:13:28","slug":"seneles-paslaptis","status":"publish","type":"product","link":"https:\/\/myspainfood.com\/lt\/producto\/seneles-paslaptis\/","title":{"rendered":"Senel\u0117s paslaptis"},"content":{"rendered":"<p>&#8222;Olives Secreto de la Abuela&#8221; - tai gordal alyvuogi\u0173 be kauliuk\u0173, balt\u0173j\u0173 \u010desnak\u0173, kapar\u0117li\u0173 ir bakla\u017ean\u0173 gabal\u0117li\u0173 derinys.<\/p>\n<p>Prieskoniai yra <a href=\"https:\/\/aceitunaschiconlebron.com\/\" target=\"_blank\" rel=\"noopener noreferrer nofollow\">&#8222;Chic\u00f3n&#8221; firmos<\/a> prieskoniai.<\/p>\n<h3><strong>Secreto de la Abuela alyvuogi\u0173 nauda<\/strong><\/h3>\n<p>Ar \u017einojote, koki\u0105 naud\u0105 teikia \u0161ios r\u016b\u0161ies alyvuog\u0117s ir apskritai marinuoti agurkai? Pateikiame svarbiausi\u0173 i\u0161 j\u0173 s\u0105ra\u0161\u0105: <\/p>\n<ul>\n<li>Daug probiotik\u0173.<\/li>\n<li>Jie padeda vir\u0161kinti.<\/li>\n<li>Jie stiprina imunin\u0119 sistem\u0105.<\/li>\n<li>Jie ma\u017eina potrauk\u012f cukrui.<\/li>\n<li>Palankus tul\u017eies p\u016bslei.<\/li>\n<\/ul>\n<p>&nbsp;<\/p>\n<p>Jei norite nusipirkti alyvuogi\u0173 ar kit\u0173 <a href=\"https:\/\/latiendadesami.com\/categoria-producto\/encurtidos\/\" rel=\"noopener noreferrer nofollow\" target=\"_blank\">marinuot\u0173 maisto produkt\u0173<\/a>, nedvejodami per\u017ei\u016br\u0117kite m\u016bs\u0173 internetin\u012f katalog\u0105 ir susipa\u017einkite su pla\u010dia <a href=\"https:\/\/latiendadesami.com\/categoria-producto\/encurtidos\/aceitunas\/\" target=\"_blank\" rel=\"noopener noreferrer nofollow\">alyvuogi\u0173<\/a> \u012fvairove.<\/p>\n","protected":false},"excerpt":{"rendered":"<p>&#8222;Olives Secreto de la Abuela&#8221; - tai gordal alyvuogi\u0173 be kauliuk\u0173, balt\u0173j\u0173 \u010desnak\u0173, kapar\u0117li\u0173 ir bakla\u017ean\u0173 gabal\u0117li\u0173 derinys. Prieskoniai yra &#8222;Chic\u00f3n&#8221; firmos prieskoniai. Secreto de la Abuela alyvuogi\u0173 nauda Ar \u017einojote, koki\u0105 naud\u0105 teikia \u0161ios r\u016b\u0161ies alyvuog\u0117s ir apskritai marinuoti agurkai? Pateikiame svarbiausi\u0173 i\u0161 j\u0173 s\u0105ra\u0161\u0105: Daug probiotik\u0173. Jie padeda vir\u0161kinti. Jie stiprina imunin\u0119 sistem\u0105. [&hellip;]<\/p>\n","protected":false},"featured_media":51212,"template":"","meta":{"_et_pb_use_builder":"","_et_pb_old_content":"","_et_gb_content_width":""},"product_brand":[1036],"product_cat":[1718,1715],"product_tag":[10126,1719],"class_list":{"0":"post-51381","1":"product","2":"type-product","3":"status-publish","4":"has-post-thumbnail","6":"product_brand-chicon","7":"product_cat-alyvuoges","8":"product_cat-pickles-lt","9":"product_tag-paslaptis","10":"product_tag-senele","12":"first","13":"outofstock","14":"taxable","15":"shipping-taxable","16":"product-type-variable"},"_links":{"self":[{"href":"https:\/\/myspainfood.com\/lt\/wp-json\/wp\/v2\/product\/51381","targetHints":{"allow":["GET"]}}],"collection":[{"href":"https:\/\/myspainfood.com\/lt\/wp-json\/wp\/v2\/product"}],"about":[{"href":"https:\/\/myspainfood.com\/lt\/wp-json\/wp\/v2\/types\/product"}],"wp:featuredmedia":[{"embeddable":true,"href":"https:\/\/myspainfood.com\/lt\/wp-json\/wp\/v2\/media\/51212"}],"wp:attachment":[{"href":"https:\/\/myspainfood.com\/lt\/wp-json\/wp\/v2\/media?parent=51381"}],"wp:term":[{"taxonomy":"product_brand","embeddable":true,"href":"https:\/\/myspainfood.com\/lt\/wp-json\/wp\/v2\/product_brand?post=51381"},{"taxonomy":"product_cat","embeddable":true,"href":"https:\/\/myspainfood.com\/lt\/wp-json\/wp\/v2\/product_cat?post=51381"},{"taxonomy":"product_tag","embeddable":true,"href":"https:\/\/myspainfood.com\/lt\/wp-json\/wp\/v2\/product_tag?post=51381"}],"curies":[{"name":"wp","href":"https:\/\/api.w.org\/{rel}","templated":true}]}}