{"id":52425,"date":"2025-05-23T12:58:14","date_gmt":"2025-05-23T10:58:14","guid":{"rendered":"https:\/\/myspainfood.com\/producto\/alyan-dubai-pistaciju-sokolado-plytele-100-gramu\/"},"modified":"2026-01-29T13:16:24","modified_gmt":"2026-01-29T12:16:24","slug":"alyan-dubai-pistaciju-sokolado-plytele-100-gramu","status":"publish","type":"product","link":"https:\/\/myspainfood.com\/lt\/producto\/alyan-dubai-pistaciju-sokolado-plytele-100-gramu\/","title":{"rendered":"&#8222;Alyan Dubai&#8221; pistacij\u0173 \u0161okolado plytel\u0117 100 gram\u0173"},"content":{"rendered":"<p>Pieninis \u0161okoladas su pistacij\u0173 ir kunafos \u012fdaru. Sudedamosios dalys: <\/p>\n<p>Pistacij\u0173 pasta 45 % [cukrus, pistacijos (30 %), augalinis aliejus (visi\u0161kai hidrintas palmi\u0173, medviln\u0117s s\u0117kl\u0173 ir saul\u0117gr\u0105\u017e\u0173 aliejus), nugriebtas pienas, emulsiklis (saul\u0117gr\u0105\u017e\u0173 lecitinas), kvapiosios med\u017eiagos (pienas, vanilinas)],<\/p>\n<p>Pieni\u0161kas \u0161okoladas 45 % [cukrus, kakavos sviestas, nenugriebto pieno milteliai, kakavos mas\u0117, nugriebto pieno milteliai, i\u0161r\u016bg\u0173 milteliai, emulsiklis (amonio fosfatidai, poliglicerolio poliricinoleatas, saul\u0117gr\u0105\u017e\u0173 lecitinas), kvapioji med\u017eiaga (vanilinas)],<\/p>\n<p>Kunafa 10 % [kvie\u010diai (sud\u0117tyje yra glitimo), vanduo], konservantai (kalio sorbatas, kalcio propionatas).<\/p>\n<p>Alergenai: pienas, kvie\u010diai ir pistacijos. Gali b\u016bti kit\u0173 rie\u0161ut\u0173, \u017eem\u0117s rie\u0161ut\u0173 ir kiau\u0161ini\u0173 p\u0117dsak\u0173. <\/p>\n","protected":false},"excerpt":{"rendered":"<p>Pieninis \u0161okoladas su pistacij\u0173 ir kunafos \u012fdaru. Sudedamosios dalys: Pistacij\u0173 pasta 45 % [cukrus, pistacijos (30 %), augalinis aliejus (visi\u0161kai hidrintas palmi\u0173, medviln\u0117s s\u0117kl\u0173 ir saul\u0117gr\u0105\u017e\u0173 aliejus), nugriebtas pienas, emulsiklis (saul\u0117gr\u0105\u017e\u0173 lecitinas), kvapiosios med\u017eiagos (pienas, vanilinas)], Pieni\u0161kas \u0161okoladas 45 % [cukrus, kakavos sviestas, nenugriebto pieno milteliai, kakavos mas\u0117, nugriebto pieno milteliai, i\u0161r\u016bg\u0173 milteliai, emulsiklis (amonio [&hellip;]<\/p>\n","protected":false},"featured_media":52372,"template":"","meta":{"_et_pb_use_builder":"","_et_pb_old_content":"","_et_gb_content_width":""},"product_brand":[],"product_cat":[1966],"product_tag":[],"class_list":{"0":"post-52425","1":"product","2":"type-product","3":"status-publish","4":"has-post-thumbnail","6":"product_cat-konservai","8":"first","9":"instock","10":"featured","11":"taxable","12":"shipping-taxable","13":"purchasable","14":"product-type-variable"},"_links":{"self":[{"href":"https:\/\/myspainfood.com\/lt\/wp-json\/wp\/v2\/product\/52425","targetHints":{"allow":["GET"]}}],"collection":[{"href":"https:\/\/myspainfood.com\/lt\/wp-json\/wp\/v2\/product"}],"about":[{"href":"https:\/\/myspainfood.com\/lt\/wp-json\/wp\/v2\/types\/product"}],"wp:featuredmedia":[{"embeddable":true,"href":"https:\/\/myspainfood.com\/lt\/wp-json\/wp\/v2\/media\/52372"}],"wp:attachment":[{"href":"https:\/\/myspainfood.com\/lt\/wp-json\/wp\/v2\/media?parent=52425"}],"wp:term":[{"taxonomy":"product_brand","embeddable":true,"href":"https:\/\/myspainfood.com\/lt\/wp-json\/wp\/v2\/product_brand?post=52425"},{"taxonomy":"product_cat","embeddable":true,"href":"https:\/\/myspainfood.com\/lt\/wp-json\/wp\/v2\/product_cat?post=52425"},{"taxonomy":"product_tag","embeddable":true,"href":"https:\/\/myspainfood.com\/lt\/wp-json\/wp\/v2\/product_tag?post=52425"}],"curies":[{"name":"wp","href":"https:\/\/api.w.org\/{rel}","templated":true}]}}