{"id":62733,"date":"2025-10-10T12:25:50","date_gmt":"2025-10-10T10:25:50","guid":{"rendered":"https:\/\/myspainfood.com\/producto\/mini-pajaritos-su-astriais-kantabrijos-juros-anciuviais-bokeo-100-vnt\/"},"modified":"2025-10-10T12:25:50","modified_gmt":"2025-10-10T10:25:50","slug":"mini-pajaritos-su-astriais-kantabrijos-juros-anciuviais-bokeo-100-vnt","status":"publish","type":"product","link":"https:\/\/myspainfood.com\/lt\/producto\/mini-pajaritos-su-astriais-kantabrijos-juros-anciuviais-bokeo-100-vnt\/","title":{"rendered":"Mini pajaritos su a\u0161triais Kantabrijos j\u016bros an\u010diuviais Bokeo 100 vnt."},"content":{"rendered":"","protected":false},"excerpt":{"rendered":"","protected":false},"featured_media":59959,"template":"","meta":{"_et_pb_use_builder":"","_et_pb_old_content":"","_et_gb_content_width":""},"product_brand":[1277],"product_cat":[1814,11038,2092,1715,1816,1812],"product_tag":[],"class_list":{"0":"post-62733","1":"product","2":"type-product","3":"status-publish","4":"has-post-thumbnail","6":"product_brand-bokeo","7":"product_cat-anciuviai","8":"product_cat-naujas","9":"product_cat-pennantai-banderillas","10":"product_cat-pickles-lt","11":"product_cat-pintxos-lt","12":"product_cat-saltas","13":"product_shipping_class-saltoji-siunta","15":"first","16":"instock","17":"taxable","18":"shipping-taxable","19":"purchasable","20":"product-type-variable"},"_links":{"self":[{"href":"https:\/\/myspainfood.com\/lt\/wp-json\/wp\/v2\/product\/62733","targetHints":{"allow":["GET"]}}],"collection":[{"href":"https:\/\/myspainfood.com\/lt\/wp-json\/wp\/v2\/product"}],"about":[{"href":"https:\/\/myspainfood.com\/lt\/wp-json\/wp\/v2\/types\/product"}],"wp:featuredmedia":[{"embeddable":true,"href":"https:\/\/myspainfood.com\/lt\/wp-json\/wp\/v2\/media\/59959"}],"wp:attachment":[{"href":"https:\/\/myspainfood.com\/lt\/wp-json\/wp\/v2\/media?parent=62733"}],"wp:term":[{"taxonomy":"product_brand","embeddable":true,"href":"https:\/\/myspainfood.com\/lt\/wp-json\/wp\/v2\/product_brand?post=62733"},{"taxonomy":"product_cat","embeddable":true,"href":"https:\/\/myspainfood.com\/lt\/wp-json\/wp\/v2\/product_cat?post=62733"},{"taxonomy":"product_tag","embeddable":true,"href":"https:\/\/myspainfood.com\/lt\/wp-json\/wp\/v2\/product_tag?post=62733"}],"curies":[{"name":"wp","href":"https:\/\/api.w.org\/{rel}","templated":true}]}}