{"id":62834,"date":"2025-10-10T12:25:50","date_gmt":"2025-10-10T10:25:50","guid":{"rendered":"https:\/\/myspainfood.com\/producto\/sardinijos-ekologiskame-alyvuogiu-aliejuje-20-25-vienetu-rias-baixas-115-gr\/"},"modified":"2025-10-10T12:25:50","modified_gmt":"2025-10-10T10:25:50","slug":"sardinijos-ekologiskame-alyvuogiu-aliejuje-20-25-vienetu-rias-baixas-115-gr","status":"publish","type":"product","link":"https:\/\/myspainfood.com\/lt\/producto\/sardinijos-ekologiskame-alyvuogiu-aliejuje-20-25-vienetu-rias-baixas-115-gr\/","title":{"rendered":"Sardinijos ekologi\u0161kame alyvuogi\u0173 aliejuje 20\/25 vienet\u0173 Rias Baixas 115 gr"},"content":{"rendered":"<p>M\u016bs\u0173 konservuotos sardin\u0117s yra skanios, pasi\u017eymi kvapu, intensyviu skoniu, sidabrine i\u0161vaizda ir puikiu i\u0161d\u0117stymu bei pateikimu skardin\u0117je. Pirmiausia visada atrenkamos geriausios, \u0161vie\u017eiausios ir ma\u017eiausios sardin\u0117s i\u0161 \u017euv\u0173 turgaus (kiekvienoje skardin\u0117je rasite nuo 12 iki 16 sardini\u0173). <\/p>\n<p>M\u016bs\u0173 gamykloje Moa\u00f1a (Pontevedra) patyrusios gamybos darbuotoj\u0173 rankos nuima galv\u0105 ir i\u0161darin\u0117ja kiekvien\u0105 \u017euv\u012f po vien\u0105. Tuomet jos kruop\u0161\u010diai ir precizi\u0161kai i\u0161kepamos garuose ir supakuojamos, kad atidarius skardin\u0119 jos atrodyt\u0173 kuo patraukliau. Pyrago vir\u0161\u016bn\u0117 - <strong>ekologi\u0161kas auk\u0161\u010diausios kokyb\u0117s pirmojo spaudimo alyvuogi\u0173 aliejus*<\/strong>. Rezultatas \u012fsp\u016bdingas, o dabar galite tuo \u012fsitikinti patys.  <\/p>\n<p>Nepamir\u0161kite, kad labai svarbus brandinimo laikas, kuris gali trukti nuo keli\u0173 m\u0117nesi\u0173 iki keleri\u0173 met\u0173, nes sardin\u0117s tampa skanesn\u0117s, kai aliejus \u012fsigeria \u012f \u017euv\u012f. Reguliariai apver\u010diant skardines u\u017etikrinamas i\u0161skirtinis ir vienodas skonis, kuris patenkins net i\u0161rankiausi\u0173 skoni\u0173 m\u0117g\u0117jus. <\/p>\n<p>Pastaraisiais metais konservuotos sardin\u0117s labai i\u0161gars\u0117jo kaip didel\u0117s maistin\u0117s vert\u0117s maisto produktas. Galima sakyti, kad mitybos po\u017ei\u016briu sardin\u0117s laim\u0117jo aukso medal\u012f. Jose yra daug vitamino B12, taip pat vitamin\u0173 A, D, K ir E. Jos taip pat yra svarbus baltym\u0173, natrio, fosforo, jodo ir kalcio \u0161altinis. Be to, jose gausu omega 3 ir oleino r\u016bg\u0161ties, ko daugiau nor\u0117ti?    <\/p>\n","protected":false},"excerpt":{"rendered":"<p>M\u016bs\u0173 konservuotos sardin\u0117s yra skanios, pasi\u017eymi kvapu, intensyviu skoniu, sidabrine i\u0161vaizda ir puikiu i\u0161d\u0117stymu bei pateikimu skardin\u0117je. Pirmiausia visada atrenkamos geriausios, \u0161vie\u017eiausios ir ma\u017eiausios sardin\u0117s i\u0161 \u017euv\u0173 turgaus (kiekvienoje skardin\u0117je rasite nuo 12 iki 16 sardini\u0173). M\u016bs\u0173 gamykloje Moa\u00f1a (Pontevedra) patyrusios gamybos darbuotoj\u0173 rankos nuima galv\u0105 ir i\u0161darin\u0117ja kiekvien\u0105 \u017euv\u012f po vien\u0105. Tuomet jos kruop\u0161\u010diai [&hellip;]<\/p>\n","protected":false},"featured_media":59422,"template":"","meta":{"_et_pb_use_builder":"","_et_pb_old_content":"","_et_gb_content_width":""},"product_brand":[11014],"product_cat":[1966,11038,3774],"product_tag":[],"class_list":{"0":"post-62834","1":"product","2":"type-product","3":"status-publish","4":"has-post-thumbnail","6":"product_brand-rias-baixas","7":"product_cat-konservai","8":"product_cat-naujas","9":"product_cat-sardinillas-lt","11":"first","12":"instock","13":"featured","14":"taxable","15":"shipping-taxable","16":"purchasable","17":"product-type-variable"},"_links":{"self":[{"href":"https:\/\/myspainfood.com\/lt\/wp-json\/wp\/v2\/product\/62834","targetHints":{"allow":["GET"]}}],"collection":[{"href":"https:\/\/myspainfood.com\/lt\/wp-json\/wp\/v2\/product"}],"about":[{"href":"https:\/\/myspainfood.com\/lt\/wp-json\/wp\/v2\/types\/product"}],"wp:featuredmedia":[{"embeddable":true,"href":"https:\/\/myspainfood.com\/lt\/wp-json\/wp\/v2\/media\/59422"}],"wp:attachment":[{"href":"https:\/\/myspainfood.com\/lt\/wp-json\/wp\/v2\/media?parent=62834"}],"wp:term":[{"taxonomy":"product_brand","embeddable":true,"href":"https:\/\/myspainfood.com\/lt\/wp-json\/wp\/v2\/product_brand?post=62834"},{"taxonomy":"product_cat","embeddable":true,"href":"https:\/\/myspainfood.com\/lt\/wp-json\/wp\/v2\/product_cat?post=62834"},{"taxonomy":"product_tag","embeddable":true,"href":"https:\/\/myspainfood.com\/lt\/wp-json\/wp\/v2\/product_tag?post=62834"}],"curies":[{"name":"wp","href":"https:\/\/api.w.org\/{rel}","templated":true}]}}