{"id":62913,"date":"2025-10-10T12:25:49","date_gmt":"2025-10-10T10:25:49","guid":{"rendered":"https:\/\/myspainfood.com\/producto\/midijos-marinuotame-padaze-6-8-vnt-ekologiskas-alyvuogiu-aliejus-rias-baixas-115-g\/"},"modified":"2025-10-10T12:25:49","modified_gmt":"2025-10-10T10:25:49","slug":"midijos-marinuotame-padaze-6-8-vnt-ekologiskas-alyvuogiu-aliejus-rias-baixas-115-g","status":"publish","type":"product","link":"https:\/\/myspainfood.com\/lt\/producto\/midijos-marinuotame-padaze-6-8-vnt-ekologiskas-alyvuogiu-aliejus-rias-baixas-115-g\/","title":{"rendered":"Midijos marinuotame pada\u017ee 6\/8 vnt. ekologi\u0161kas alyvuogi\u0173 aliejus Rias Baixas 115 g"},"content":{"rendered":"<p>Galisijos midija (Mytilus galloprovincialis) jau tapo svarbiausia XXI a. Ispanijoje auginama r\u016b\u0161imi. Ir ka\u017ekas turi b\u016bti su m\u016bs\u0173 pakran\u010di\u0173 midijomis, kai jas jau IV a. pr. m. e. vartojo Kastro gyventojai, o \u0161iandien reikia daugiau kaip 3 000 midij\u0173 plot\u0173, kad b\u016bt\u0173 patenkinta auganti rinkos paklausa. <\/p>\n<p>CONSERVAS R\u00cdAS BAIXAS 1907 atrenka midijas i\u0161 geriausiai i\u0161sid\u0117s\u010diusi\u0173 midij\u0173 telkini\u0173 ir kantriai laukia tinkamo momento joms i\u0161gauti, kai moliuskai yra geriausios brandos stadijos. Mes ver\u010diau nutraukiame atsargas, nei si\u016blome jums prastos kokyb\u0117s ner\u0161t\u0105 turin\u010dias midijas. <\/p>\n<p>Nuplautos ir i\u0161valytos midijos verdamos garuose, o barzdel\u0117s atsargiai pa\u0161alinamos, kad neb\u016bt\u0173 pa\u017eeistos. V\u0117liau jas kepame gerame aliejuje ir atrink\u0119 tinkamo dyd\u017eio midijas pakuojame rankomis vien\u0105 po kitos, kad atidarius skardin\u0119 pamatytum\u0117te gra\u017e\u0173 vaizd\u0105 - vien\u0105 i\u0161 m\u016bs\u0173 \u017evaig\u017ed\u017ei\u0173 produkt\u0173. <\/p>\n<p>Kita paslaptis, d\u0117l kurios m\u016bs\u0173 midijos yra vienos i\u0161 labiausiai vertinam\u0173 rinkoje, yra m\u016bs\u0173 eskabe\u0161as, gaminamas rankomis pagal i\u0161 kartos \u012f kart\u0105 paveld\u0117t\u0105 recept\u0105. Naudojame auk\u0161\u010diausios kokyb\u0117s paprik\u0105 ir raudonojo vyno act\u0105, ekologi\u0161k\u0105 pirmojo spaudimo alyvuogi\u0173 aliej\u0173* ir pagardiname nat\u016braliais lauro lapais. <\/p>\n<p>Kaip jau tikriausiai \u017einote, galisijos midijos yra puikus kokybi\u0161k\u0173 baltym\u0173 \u0161altinis, kuri\u0173 maistin\u0117 vert\u0117 pana\u0161i \u012f omar\u0173 ar j\u016bros lydek\u0173 maistin\u0119 vert\u0119. Be baltym\u0173, jos turi nedaug kalorij\u0173, jose gausu vitamino A, B grup\u0117s vitamin\u0173, vitamin\u0173 C, E ir K bei mineral\u0173: kalcio, vario, fosforo, gele\u017eies, magnio, mangano, kalio, seleno, natrio, jodo ir cinko. <\/p>\n","protected":false},"excerpt":{"rendered":"<p>Galisijos midija (Mytilus galloprovincialis) jau tapo svarbiausia XXI a. Ispanijoje auginama r\u016b\u0161imi. Ir ka\u017ekas turi b\u016bti su m\u016bs\u0173 pakran\u010di\u0173 midijomis, kai jas jau IV a. pr. m. e. vartojo Kastro gyventojai, o \u0161iandien reikia daugiau kaip 3 000 midij\u0173 plot\u0173, kad b\u016bt\u0173 patenkinta auganti rinkos paklausa. CONSERVAS R\u00cdAS BAIXAS 1907 atrenka midijas i\u0161 geriausiai i\u0161sid\u0117s\u010diusi\u0173 [&hellip;]<\/p>\n","protected":false},"featured_media":59373,"template":"","meta":{"_et_pb_use_builder":"","_et_pb_old_content":"","_et_gb_content_width":""},"product_brand":[11014],"product_cat":[1966,4057,11038],"product_tag":[],"class_list":{"0":"post-62913","1":"product","2":"type-product","3":"status-publish","4":"has-post-thumbnail","6":"product_brand-rias-baixas","7":"product_cat-konservai","8":"product_cat-midijos-lt","9":"product_cat-naujas","11":"first","12":"instock","13":"taxable","14":"shipping-taxable","15":"purchasable","16":"product-type-variable"},"_links":{"self":[{"href":"https:\/\/myspainfood.com\/lt\/wp-json\/wp\/v2\/product\/62913","targetHints":{"allow":["GET"]}}],"collection":[{"href":"https:\/\/myspainfood.com\/lt\/wp-json\/wp\/v2\/product"}],"about":[{"href":"https:\/\/myspainfood.com\/lt\/wp-json\/wp\/v2\/types\/product"}],"wp:featuredmedia":[{"embeddable":true,"href":"https:\/\/myspainfood.com\/lt\/wp-json\/wp\/v2\/media\/59373"}],"wp:attachment":[{"href":"https:\/\/myspainfood.com\/lt\/wp-json\/wp\/v2\/media?parent=62913"}],"wp:term":[{"taxonomy":"product_brand","embeddable":true,"href":"https:\/\/myspainfood.com\/lt\/wp-json\/wp\/v2\/product_brand?post=62913"},{"taxonomy":"product_cat","embeddable":true,"href":"https:\/\/myspainfood.com\/lt\/wp-json\/wp\/v2\/product_cat?post=62913"},{"taxonomy":"product_tag","embeddable":true,"href":"https:\/\/myspainfood.com\/lt\/wp-json\/wp\/v2\/product_tag?post=62913"}],"curies":[{"name":"wp","href":"https:\/\/api.w.org\/{rel}","templated":true}]}}