{"id":62991,"date":"2025-10-10T12:25:49","date_gmt":"2025-10-10T10:25:49","guid":{"rendered":"https:\/\/myspainfood.com\/producto\/finisterre-moliuskai-is-rias-baixas-ekologiskas-alyvuogiu-aliejus-115-g\/"},"modified":"2025-10-10T12:25:49","modified_gmt":"2025-10-10T10:25:49","slug":"finisterre-moliuskai-is-rias-baixas-ekologiskas-alyvuogiu-aliejus-115-g","status":"publish","type":"product","link":"https:\/\/myspainfood.com\/lt\/producto\/finisterre-moliuskai-is-rias-baixas-ekologiskas-alyvuogiu-aliejus-115-g\/","title":{"rendered":"Finisterre moliuskai i\u0161 Rias Baixas ekologi\u0161kas alyvuogi\u0173 aliejus 115 g"},"content":{"rendered":"<p>Dygliuotieji moliuskai i\u0161gaunami daugelyje m\u016bs\u0173 gra\u017ei\u0173j\u0173 Rij\u0173 viet\u0173, ta\u010diau i\u0161 vis\u0173 j\u0173 yra viena, kurioje dygliuotieji moliuskai ir longueirones pasiekia auk\u0161\u010diausi\u0105 kokyb\u0119: Finisterre (Fisterra). Kadangi kitaip ir b\u016bti negali, CONSERVAS R\u00cdAS BAIXAS 1907 perka tik \u0161iuose rojaus papl\u016bdimiuose sugautus moliuskus ir tik tuos, kuriuos po vien\u0105 sugauna laisvai nardantys narai, kad b\u016bt\u0173 i\u0161saugota nat\u016brali aplinka ir \u0161iuo delikatesu gal\u0117t\u0173 m\u0117gautis ir ateities kartos. <\/p>\n<p>\u0160vie\u017eias skustuvas i\u0161valomas s\u016briame vandenyje, kad i\u0161 jo b\u016bt\u0173 pa\u0161alintas lik\u0119s sm\u0117lis, o tada kruop\u0161\u010diai supakuojamas m\u016bs\u0173 gamykloje Moanoje.<\/p>\n<p>Ir nors Finister\u0117s skustuviniai moliuskai patys savaime yra delikatesas, nusprend\u0117me juos patiekti su ekologi\u0161ku pirmojo spaudimo alyvuogi\u0173 aliejumi*. Rezultatas \u012fsp\u016bdingas, tod\u0117l kvie\u010diame paragauti. <\/p>\n<p>Be to, skustuvuose yra labai ma\u017eai kalorij\u0173 ir lipid\u0173. Kita vertus, skustuvuose gausu polineso\u010di\u0173j\u0173 riebal\u0173 r\u016bg\u0161\u010di\u0173 OMEGA 3, tod\u0117l j\u0173 vartojimas labai rekomenduojamas. <\/p>\n","protected":false},"excerpt":{"rendered":"<p>Dygliuotieji moliuskai i\u0161gaunami daugelyje m\u016bs\u0173 gra\u017ei\u0173j\u0173 Rij\u0173 viet\u0173, ta\u010diau i\u0161 vis\u0173 j\u0173 yra viena, kurioje dygliuotieji moliuskai ir longueirones pasiekia auk\u0161\u010diausi\u0105 kokyb\u0119: Finisterre (Fisterra). Kadangi kitaip ir b\u016bti negali, CONSERVAS R\u00cdAS BAIXAS 1907 perka tik \u0161iuose rojaus papl\u016bdimiuose sugautus moliuskus ir tik tuos, kuriuos po vien\u0105 sugauna laisvai nardantys narai, kad b\u016bt\u0173 i\u0161saugota nat\u016brali aplinka [&hellip;]<\/p>\n","protected":false},"featured_media":59300,"template":"","meta":{"_et_pb_use_builder":"","_et_pb_old_content":"","_et_gb_content_width":""},"product_brand":[11014],"product_cat":[1966,11038,7555],"product_tag":[],"class_list":{"0":"post-62991","1":"product","2":"type-product","3":"status-publish","4":"has-post-thumbnail","6":"product_brand-rias-baixas","7":"product_cat-konservai","8":"product_cat-naujas","9":"product_cat-skustuvai","11":"first","12":"instock","13":"taxable","14":"shipping-taxable","15":"purchasable","16":"product-type-variable"},"_links":{"self":[{"href":"https:\/\/myspainfood.com\/lt\/wp-json\/wp\/v2\/product\/62991","targetHints":{"allow":["GET"]}}],"collection":[{"href":"https:\/\/myspainfood.com\/lt\/wp-json\/wp\/v2\/product"}],"about":[{"href":"https:\/\/myspainfood.com\/lt\/wp-json\/wp\/v2\/types\/product"}],"wp:featuredmedia":[{"embeddable":true,"href":"https:\/\/myspainfood.com\/lt\/wp-json\/wp\/v2\/media\/59300"}],"wp:attachment":[{"href":"https:\/\/myspainfood.com\/lt\/wp-json\/wp\/v2\/media?parent=62991"}],"wp:term":[{"taxonomy":"product_brand","embeddable":true,"href":"https:\/\/myspainfood.com\/lt\/wp-json\/wp\/v2\/product_brand?post=62991"},{"taxonomy":"product_cat","embeddable":true,"href":"https:\/\/myspainfood.com\/lt\/wp-json\/wp\/v2\/product_cat?post=62991"},{"taxonomy":"product_tag","embeddable":true,"href":"https:\/\/myspainfood.com\/lt\/wp-json\/wp\/v2\/product_tag?post=62991"}],"curies":[{"name":"wp","href":"https:\/\/api.w.org\/{rel}","templated":true}]}}