{"id":63114,"date":"2025-10-10T12:25:49","date_gmt":"2025-10-10T10:25:49","guid":{"rendered":"https:\/\/myspainfood.com\/producto\/mazieji-unguriai-ekologiskame-alyvuogiu-aliejuje-rias-baixas-110-g\/"},"modified":"2026-01-29T11:12:49","modified_gmt":"2026-01-29T10:12:49","slug":"mazieji-unguriai-ekologiskame-alyvuogiu-aliejuje-rias-baixas-110-g","status":"publish","type":"product","link":"https:\/\/myspainfood.com\/lt\/producto\/mazieji-unguriai-ekologiskame-alyvuogiu-aliejuje-rias-baixas-110-g\/","title":{"rendered":"Ma\u017eieji unguriai ekologi\u0161kame alyvuogi\u0173 aliejuje Rias Baixas 110 g"},"content":{"rendered":"<p>Kaip tikriausiai \u017einote, stiklinis ungurys yra unguri\u0173 patel\u0117. J\u0173 nuotykiai prasideda Sargaso j\u016broje, Karib\u0173 j\u016bros viduryje, kur unguriai ner\u0161ia ir i\u0161peri ikrus, kurie ateinan\u010dius trejus metus keliaus Golfo srove, kol pasieks Europos upes. Stikliniai unguriai didel\u0117mis mas\u0117mis susiburia upi\u0173 \u017eiotyse ir plaukia auk\u0161tyn upe, kol tampa suaugusiais. O keis\u010diausia, kad kiekvienas briedis atplaukia \u012f t\u0105 pa\u010di\u0105 up\u0119, i\u0161 kurios i\u0161plauk\u0117 jo t\u0117vai. Sugautas kiekvienas individas paprastai sveria 1 g ir yra \u0161iek tiek ma\u017eesnis nei 8 cm.     <\/p>\n<p>Savaime suprantama, kad su tokia trapia ir vertinga \u017euvimi, gabenant j\u0105 \u012f gamykl\u0105, gaminant ir konservuojant, elgiamasi itin atsargiai ir subtiliai. Pateikiame j\u0105 pagal tradicin\u012f \u0161io delikateso recept\u0105, pagardint\u0105 nat\u016braliais aitri\u0173j\u0173 paprik\u0173 pipirais ir ap\u0161lakstyt\u0105 ekologi\u0161ku pirmojo spaudimo alyvuogi\u0173 aliejumi*. <\/p>\n<p>Be nepakartojamo skonio, kuris, daugelio ekspert\u0173 nuomone, yra nepakartojamas, bried\u017eiai yra labai auk\u0161tos maistin\u0117s vert\u0117s produktas. I\u0161 ties\u0173 tai riebiausia \u017einoma riebi \u017euvis, turinti daug baltym\u0173 (16,3 g 100 g). Taip pat turi \u012fdom\u0173 kiek\u012f kai kuri\u0173 mineralini\u0173 med\u017eiag\u0173, pavyzd\u017eiui, fosforo ir kalio, kurie palankiai veikia inkst\u0173 sveikat\u0105 ir nerv\u0173 sistem\u0105. Ta\u010diau labiausiai i\u0161siskiria labai dideliu vitamino A kiekiu, kuris, be kita ko, yra naudingas m\u016bs\u0173 aki\u0173 ir regos sveikatai.   <\/p>\n","protected":false},"excerpt":{"rendered":"<p>Kaip tikriausiai \u017einote, stiklinis ungurys yra unguri\u0173 patel\u0117. J\u0173 nuotykiai prasideda Sargaso j\u016broje, Karib\u0173 j\u016bros viduryje, kur unguriai ner\u0161ia ir i\u0161peri ikrus, kurie ateinan\u010dius trejus metus keliaus Golfo srove, kol pasieks Europos upes. Stikliniai unguriai didel\u0117mis mas\u0117mis susiburia upi\u0173 \u017eiotyse ir plaukia auk\u0161tyn upe, kol tampa suaugusiais. O keis\u010diausia, kad kiekvienas briedis atplaukia \u012f t\u0105 [&hellip;]<\/p>\n","protected":false},"featured_media":59154,"template":"","meta":{"_et_pb_use_builder":"","_et_pb_old_content":"","_et_gb_content_width":""},"product_brand":[11014],"product_cat":[1966,11038],"product_tag":[],"class_list":{"0":"post-63114","1":"product","2":"type-product","3":"status-publish","4":"has-post-thumbnail","6":"product_brand-rias-baixas","7":"product_cat-konservai","8":"product_cat-naujas","10":"first","11":"instock","12":"taxable","13":"shipping-taxable","14":"purchasable","15":"product-type-variable"},"_links":{"self":[{"href":"https:\/\/myspainfood.com\/lt\/wp-json\/wp\/v2\/product\/63114","targetHints":{"allow":["GET"]}}],"collection":[{"href":"https:\/\/myspainfood.com\/lt\/wp-json\/wp\/v2\/product"}],"about":[{"href":"https:\/\/myspainfood.com\/lt\/wp-json\/wp\/v2\/types\/product"}],"wp:featuredmedia":[{"embeddable":true,"href":"https:\/\/myspainfood.com\/lt\/wp-json\/wp\/v2\/media\/59154"}],"wp:attachment":[{"href":"https:\/\/myspainfood.com\/lt\/wp-json\/wp\/v2\/media?parent=63114"}],"wp:term":[{"taxonomy":"product_brand","embeddable":true,"href":"https:\/\/myspainfood.com\/lt\/wp-json\/wp\/v2\/product_brand?post=63114"},{"taxonomy":"product_cat","embeddable":true,"href":"https:\/\/myspainfood.com\/lt\/wp-json\/wp\/v2\/product_cat?post=63114"},{"taxonomy":"product_tag","embeddable":true,"href":"https:\/\/myspainfood.com\/lt\/wp-json\/wp\/v2\/product_tag?post=63114"}],"curies":[{"name":"wp","href":"https:\/\/api.w.org\/{rel}","templated":true}]}}