{"id":63176,"date":"2025-10-10T12:25:49","date_gmt":"2025-10-10T10:25:49","guid":{"rendered":"https:\/\/myspainfood.com\/producto\/anciuviu-file-kantabrijos-anciuviai-300-g-picarpicar-apvali-skarda-pakuote-16-vnt\/"},"modified":"2025-10-10T12:25:49","modified_gmt":"2025-10-10T10:25:49","slug":"anciuviu-file-kantabrijos-anciuviai-300-g-picarpicar-apvali-skarda-pakuote-16-vnt","status":"publish","type":"product","link":"https:\/\/myspainfood.com\/lt\/producto\/anciuviu-file-kantabrijos-anciuviai-300-g-picarpicar-apvali-skarda-pakuote-16-vnt\/","title":{"rendered":"An\u010diuvi\u0173 fil\u0117 Kantabrijos an\u010diuviai-300 g-Picar&amp;Picar Apvali skarda - pakuot\u0117 16 vnt."},"content":{"rendered":"","protected":false},"excerpt":{"rendered":"","protected":false},"featured_media":59129,"template":"","meta":{"_et_pb_use_builder":"","_et_pb_old_content":"","_et_gb_content_width":""},"product_brand":[1127],"product_cat":[1903,11038,1812],"product_tag":[],"class_list":{"0":"post-63176","1":"product","2":"type-product","3":"status-publish","4":"has-post-thumbnail","6":"product_brand-picarpicar","7":"product_cat-anciuviai-lt","8":"product_cat-naujas","9":"product_cat-saltas","10":"product_shipping_class-saltoji-siunta","12":"first","13":"instock","14":"taxable","15":"shipping-taxable","16":"purchasable","17":"product-type-simple"},"_links":{"self":[{"href":"https:\/\/myspainfood.com\/lt\/wp-json\/wp\/v2\/product\/63176","targetHints":{"allow":["GET"]}}],"collection":[{"href":"https:\/\/myspainfood.com\/lt\/wp-json\/wp\/v2\/product"}],"about":[{"href":"https:\/\/myspainfood.com\/lt\/wp-json\/wp\/v2\/types\/product"}],"wp:featuredmedia":[{"embeddable":true,"href":"https:\/\/myspainfood.com\/lt\/wp-json\/wp\/v2\/media\/59129"}],"wp:attachment":[{"href":"https:\/\/myspainfood.com\/lt\/wp-json\/wp\/v2\/media?parent=63176"}],"wp:term":[{"taxonomy":"product_brand","embeddable":true,"href":"https:\/\/myspainfood.com\/lt\/wp-json\/wp\/v2\/product_brand?post=63176"},{"taxonomy":"product_cat","embeddable":true,"href":"https:\/\/myspainfood.com\/lt\/wp-json\/wp\/v2\/product_cat?post=63176"},{"taxonomy":"product_tag","embeddable":true,"href":"https:\/\/myspainfood.com\/lt\/wp-json\/wp\/v2\/product_tag?post=63176"}],"curies":[{"name":"wp","href":"https:\/\/api.w.org\/{rel}","templated":true}]}}