{"id":63375,"date":"2025-10-10T12:25:48","date_gmt":"2025-10-10T10:25:48","guid":{"rendered":"https:\/\/myspainfood.com\/producto\/la-barraca-naturalus-zirniai-390-gr-zali\/"},"modified":"2025-10-10T12:25:48","modified_gmt":"2025-10-10T10:25:48","slug":"la-barraca-naturalus-zirniai-390-gr-zali","status":"publish","type":"product","link":"https:\/\/myspainfood.com\/lt\/producto\/la-barraca-naturalus-zirniai-390-gr-zali\/","title":{"rendered":"&#8222;La Barraca&#8221; nat\u016bral\u016bs \u017eirniai 390 gr \u017eali"},"content":{"rendered":"<p>\u017dirniai la Barraca<\/p>\n<p>Ingredientai: \u017dirniai, vanduo, cukrus ir druska.<\/p>\n","protected":false},"excerpt":{"rendered":"<p>Labai smulk\u016bs \u017eirneliai Ekstra<\/p>\n","protected":false},"featured_media":59006,"template":"","meta":{"_et_pb_use_builder":"","_et_pb_old_content":"","_et_gb_content_width":""},"product_brand":[11011],"product_cat":[3716,1966,11038],"product_tag":[],"class_list":{"0":"post-63375","1":"product","2":"type-product","3":"status-publish","4":"has-post-thumbnail","6":"product_brand-la-barraca","7":"product_cat-darzoves","8":"product_cat-konservai","9":"product_cat-naujas","11":"first","12":"instock","13":"taxable","14":"shipping-taxable","15":"purchasable","16":"product-type-variable"},"_links":{"self":[{"href":"https:\/\/myspainfood.com\/lt\/wp-json\/wp\/v2\/product\/63375","targetHints":{"allow":["GET"]}}],"collection":[{"href":"https:\/\/myspainfood.com\/lt\/wp-json\/wp\/v2\/product"}],"about":[{"href":"https:\/\/myspainfood.com\/lt\/wp-json\/wp\/v2\/types\/product"}],"wp:featuredmedia":[{"embeddable":true,"href":"https:\/\/myspainfood.com\/lt\/wp-json\/wp\/v2\/media\/59006"}],"wp:attachment":[{"href":"https:\/\/myspainfood.com\/lt\/wp-json\/wp\/v2\/media?parent=63375"}],"wp:term":[{"taxonomy":"product_brand","embeddable":true,"href":"https:\/\/myspainfood.com\/lt\/wp-json\/wp\/v2\/product_brand?post=63375"},{"taxonomy":"product_cat","embeddable":true,"href":"https:\/\/myspainfood.com\/lt\/wp-json\/wp\/v2\/product_cat?post=63375"},{"taxonomy":"product_tag","embeddable":true,"href":"https:\/\/myspainfood.com\/lt\/wp-json\/wp\/v2\/product_tag?post=63375"}],"curies":[{"name":"wp","href":"https:\/\/api.w.org\/{rel}","templated":true}]}}