{"id":18507,"date":"2025-04-08T08:43:07","date_gmt":"2025-04-08T06:43:07","guid":{"rendered":"https:\/\/myspainfood.com\/konfidencialitates-politika\/"},"modified":"2025-05-08T09:59:13","modified_gmt":"2025-05-08T07:59:13","slug":"konfidencialitates-politika","status":"publish","type":"page","link":"https:\/\/myspainfood.com\/lv\/konfidencialitates-politika\/","title":{"rendered":"Konfidencialit\u0101tes politika"},"content":{"rendered":"\n<p>Laipni l\u016bgti vietn\u0113 https:\/\/myspainfood.com (&#8220;Vietne&#8221;). M\u0113s saprotam, ka m\u016bsu Vietnes lietot\u0101jiem ir svar\u012bgs priv\u0101tums tie\u0161saist\u0113, jo \u012bpa\u0161i, veicot dar\u012bjumus. \u0160is pazi\u0146ojums reglament\u0113 m\u016bsu priv\u0101tuma politiku attiec\u012bb\u0101 uz tiem Vietnes lietot\u0101jiem (&#8220;Apmekl\u0113t\u0101ji&#8221;), kuri apmekl\u0113 Vietni, neveicot dar\u012bjumus, un Apmekl\u0113t\u0101jiem, kuri re\u0123istr\u0113jas, lai veiktu dar\u012bjumus Vietn\u0113 un izmantotu da\u017e\u0101dus SUMINISTROS HOSTELEROS, S. L. pied\u0101v\u0101tos pakalpojumus (kop\u0101 saukti &#8220;Pakalpojumi&#8221;) (&#8220;Autoriz\u0113tie klienti&#8221;).  <\/p>\n\n<p><strong>&#8220;Personu identific\u0113jo\u0161a inform\u0101cija<\/strong><\/p>\n\n<p>ir jebk\u0101da inform\u0101cija, kas identific\u0113 vai ko var izmantot, lai identific\u0113tu, sazin\u0101tos vai atrastu personu, uz kuru attiecas \u0161\u0101da inform\u0101cija, tostarp, bet ne tikai, v\u0101rds, uzv\u0101rds, adrese, t\u0101lru\u0146a numurs, faksa numurs, e-pasta adrese, finan\u0161u profili, soci\u0101l\u0101 nodro\u0161in\u0101juma numurs un kred\u012btkartes inform\u0101cija. Personiski identific\u0113jama inform\u0101cija neietver inform\u0101ciju, kas tiek apkopota anon\u012bmi (t. i., neidentific\u0113jot individu\u0101lu lietot\u0101ju), vai demogr\u0101fisko inform\u0101ciju, kas nav saist\u012bta ar identific\u0113tu personu. <\/p>\n\n<p><strong>K\u0101di personas dati tiek v\u0101kti?<\/strong><\/p>\n\n<p>M\u0113s varam v\u0101kt lietot\u0101ja profila pamatinform\u0101ciju no visiem m\u016bsu apmekl\u0113t\u0101jiem. M\u0113s v\u0101cam \u0161\u0101du papildu inform\u0101ciju no saviem autoriz\u0113tajiem klientiem: autoriz\u0113to klientu v\u0101rdi, adreses, t\u0101lru\u0146a numuri un e-pasta adreses, uz\u0146\u0113muma veids un lielums, k\u0101 ar\u012b rekl\u0101mas invent\u0101ra veids un lielums, ko autoriz\u0113tais klients pl\u0101no ieg\u0101d\u0101ties vai p\u0101rdot. <\/p>\n\n<p><strong>Kuras organiz\u0101cijas v\u0101c inform\u0101ciju?<\/strong><\/p>\n\n<p>Papildus m\u016bsu tie\u0161ajai inform\u0101cijas v\u0101k\u0161anai m\u016bsu tre\u0161o pu\u0161u pakalpojumu sniedz\u0113ji (piem\u0113ram, kred\u012btkar\u0161u uz\u0146\u0113mumi, kl\u012bringa nami un bankas), kas var sniegt t\u0101dus pakalpojumus k\u0101 kred\u012btu, apdro\u0161in\u0101\u0161anas un depoz\u012bta pakalpojumi, var v\u0101kt \u0161o inform\u0101ciju no m\u016bsu Apmekl\u0113t\u0101jiem un Autoriz\u0113tajiem klientiem. M\u0113s nekontrol\u0113jam, k\u0101 \u0161\u012bs tre\u0161\u0101s puses izmanto \u0161\u0101du inform\u0101ciju, bet m\u0113s l\u016bdzam t\u0101s atkl\u0101t, k\u0101 t\u0101s izmanto apmekl\u0113t\u0101ju un pilnvaroto klientu sniegto personisko inform\u0101ciju. Da\u017eas no \u0161\u012bm tre\u0161aj\u0101m person\u0101m var b\u016bt starpnieki, kas darbojas tikai k\u0101 izplat\u012b\u0161anas \u0137\u0113des posmi un neuzkr\u0101j, nesaglab\u0101 un neizmanto t\u0101m sniegto inform\u0101ciju.  <\/p>\n\n<p><strong>K\u0101 t\u012bmek\u013ca vietne izmanto personiski identific\u0113jamu inform\u0101ciju?<\/strong><\/p>\n\n<p>M\u0113s izmantojam Personas datus, lai personaliz\u0113tu Vietni, sniegtu atbilsto\u0161us pakalpojumus un izpild\u012btu pirk\u0161anas un p\u0101rdo\u0161anas piepras\u012bjumus Vietn\u0113. M\u0113s varam s\u016bt\u012bt e-pastus Apmekl\u0113t\u0101jiem un Autoriz\u0113tajiem klientiem par izp\u0113tes vai pirk\u0161anas un p\u0101rdo\u0161anas iesp\u0113j\u0101m Vietn\u0113 vai inform\u0101ciju, kas saist\u012bta ar Vietnes tematiku. M\u0113s varam ar\u012b izmantot Personas datus, lai sazin\u0101tos ar Apmekl\u0113t\u0101jiem un Autoriz\u0113tajiem klientiem, atbildot uz konkr\u0113tiem piepras\u012bjumiem, vai lai sniegtu piepras\u012bto inform\u0101ciju.  <\/p>\n\n<p><strong>Ar ko var dal\u012bties inform\u0101cij\u0101?<\/strong><\/p>\n\n<p>Pilnvaroto klientu personas dati var tikt kop\u012bgoti ar citiem Pilnvarotajiem klientiem, kuri v\u0113las nov\u0113rt\u0113t iesp\u0113jamos dar\u012bjumus ar citiem Pilnvarotajiem klientiem. M\u0113s varam kop\u012bgot apkopoto inform\u0101ciju par m\u016bsu apmekl\u0113t\u0101jiem, tostarp apmekl\u0113t\u0101ju un pilnvaroto klientu demogr\u0101fiskos datus, ar m\u016bsu saist\u012btaj\u0101m a\u0123ent\u016br\u0101m un tre\u0161o pu\u0161u pieg\u0101d\u0101t\u0101jiem. M\u0113s pied\u0101v\u0101jam ar\u012b iesp\u0113ju &#8220;atteikties&#8221; no inform\u0101cijas sa\u0146em\u0161anas vai sazi\u0146as ar mums vai jebkuru a\u0123ent\u016bru, kas darbojas m\u016bsu v\u0101rd\u0101.  <\/p>\n\n<p><strong>K\u0101 tiek glab\u0101ta personiski identific\u0113jama inform\u0101cija?<\/strong><\/p>\n\n<p>SUMINISTROS HOSTELEROS, S. L. sav\u0101kt\u0101 personiski identific\u0113jam\u0101 inform\u0101cija tiek glab\u0101ta dro\u0161\u0101 veid\u0101, un t\u0101 nav pieejama tre\u0161aj\u0101m person\u0101m vai SUMINISTROS HOSTELEROS, S. L. darbiniekiem, iz\u0146emot iepriek\u0161 nor\u0101d\u012btajam nol\u016bkam.<\/p>\n\n<p><strong>K\u0101das ir apmekl\u0113t\u0101ju izv\u0113les iesp\u0113jas attiec\u012bb\u0101 uz inform\u0101cijas v\u0101k\u0161anu, izmanto\u0161anu un izplat\u012b\u0161anu?<\/strong><\/p>\n\n<p>Apmekl\u0113t\u0101ji un pilnvarotie klienti var atteikties no nev\u0113lamas inform\u0101cijas sa\u0146em\u0161anas vai no m\u016bsu un\/vai m\u016bsu pieg\u0101d\u0101t\u0101ju un saist\u012bto a\u0123ent\u016bru sazin\u0101\u0161an\u0101s ar mums, atbildot uz e-pasta zi\u0146ojumiem saska\u0146\u0101 ar nor\u0101d\u012bjumiem vai sazinoties ar mums pa \u0161\u0101du adresi.<\/p>\n\n<p><strong>Vai t\u012bmek\u013ca vietn\u0113 tiek izmantotas s\u012bkdatnes?<\/strong><\/p>\n\n<p>S\u012bkfailus izmanto da\u017e\u0101du iemeslu d\u0113\u013c. M\u0113s izmantojam s\u012bkfailus, lai ieg\u016btu inform\u0101ciju par m\u016bsu apmekl\u0113t\u0101ju v\u0113lm\u0113m un vi\u0146u izv\u0113l\u0113tajiem pakalpojumiem. M\u0113s izmantojam s\u012bkfailus ar\u012b dro\u0161\u012bbas nol\u016bkos, lai aizsarg\u0101tu m\u016bsu autoriz\u0113tos klientus. Piem\u0113ram, ja Autoriz\u0113ts klients ir pieteicies un vietne netiek izmantota ilg\u0101k par 10 min\u016bt\u0113m, m\u0113s autom\u0101tiski autoriz\u0113to klientu autom\u0101tiski no t\u0101s atskait\u012bsim.   <\/p>\n\n<p><strong>K\u0101 SUMINISTROS HOSTELEROS, S. L. izmanto piek\u013cuves datus?<\/strong><\/p>\n\n<p>SUMINISTROS HOSTELEROS, S. L. izmanto piek\u013cuves inform\u0101ciju, tostarp, bet ne tikai, IP adreses, interneta pakalpojumu sniedz\u0113jus un p\u0101rl\u016bkprogrammu veidus, lai analiz\u0113tu tendences, p\u0101rvald\u012btu vietni, izsekotu lietot\u0101ja p\u0101rvieto\u0161anos un izmanto\u0161anu un apkopotu pla\u0161u demogr\u0101fisko inform\u0101ciju.<\/p>\n\n<p><strong>Kuriem partneriem vai pakalpojumu sniedz\u0113jiem ir piek\u013cuve Vietnes Apmekl\u0113t\u0101ju un\/vai Autoriz\u0113to klientu personiski identific\u0113jamai inform\u0101cijai?<\/strong><\/p>\n\n<p>SUMINISTROS HOSTELEROS, S. L. ir nosl\u0113gusi un turpin\u0101s sl\u0113gt sadarb\u012bbas l\u012bgumus un citas saist\u012bbas ar vair\u0101kiem pieg\u0101d\u0101t\u0101jiem, kuriem var b\u016bt piek\u013cuve noteiktiem Personas datiem, lai nov\u0113rt\u0113tu Autoriz\u0113to klientu piem\u0113rot\u012bbu pakalpojuma sa\u0146em\u0161anai. M\u016bsu priv\u0101tuma politika neattiecas uz \u0161\u012bs inform\u0101cijas v\u0101k\u0161anu vai izmanto\u0161anu. Personu identific\u0113jo\u0161as inform\u0101cijas izpau\u0161ana, lai iev\u0113rotu ties\u012bbu aktus. M\u0113s atkl\u0101sim personiski identific\u0113jamu inform\u0101ciju, lai izpild\u012btu tiesas r\u012bkojumu, tiesas pav\u0113sti vai ties\u012bbaizsardz\u012bbas iest\u0101des piepras\u012bjumu par inform\u0101cijas atkl\u0101\u0161anu. M\u0113s ar\u012b atkl\u0101sim personiski identific\u0113jamu inform\u0101ciju, ja tas b\u016bs pamatoti nepiecie\u0161ams, lai aizsarg\u0101tu m\u016bsu apmekl\u0113t\u0101ju un pilnvaroto klientu dro\u0161\u012bbu un aizsardz\u012bbu.    <\/p>\n\n<p><strong>K\u0101 vietne aizsarg\u0101 personisko inform\u0101ciju?<\/strong><\/p>\n\n<p>Visi m\u016bsu darbinieki ir inform\u0113ti par m\u016bsu dro\u0161\u012bbas politiku un praksi. M\u016bsu apmekl\u0113t\u0101ju un pilnvaroto klientu personiski identific\u0113jama inform\u0101cija ir pieejama tikai ierobe\u017eotam skaitam kvalific\u0113tu darbinieku, kuriem ir pie\u0161\u0137irta piek\u013cuves parole. M\u0113s regul\u0101ri veicam m\u016bsu dro\u0161\u012bbas sist\u0113mu un procesu rev\u012bziju. Sensit\u012bva inform\u0101cija, piem\u0113ram, kred\u012btkar\u0161u vai soci\u0101l\u0101 nodro\u0161in\u0101juma numuri, tiek aizsarg\u0101ta ar \u0161ifr\u0113\u0161anas protokoliem, kas izveidoti, lai aizsarg\u0101tu internet\u0101 nos\u016bt\u012bto inform\u0101ciju. Lai gan m\u0113s veicam komerci\u0101li pamatotus pas\u0101kumus, lai uztur\u0113tu dro\u0161u vietni, elektronisk\u0101 sazi\u0146a un datub\u0101zes ir pak\u013cautas k\u013c\u016bd\u0101m, viltojumiem un ielau\u0161an\u0101m, un m\u0113s nevaram garant\u0113t vai garant\u0113t, ka \u0161\u0101di gad\u012bjumi nenotiks, un neesam atbild\u012bgi pret Apmekl\u0113t\u0101jiem vai Autoriz\u0113tajiem klientiem par \u0161\u0101diem gad\u012bjumiem.    <\/p>\n\n<p><strong>K\u0101 apmekl\u0113t\u0101ji var labot neprecizit\u0101tes personiski identific\u0113jam\u0101 inform\u0101cij\u0101?<\/strong><\/p>\n\n<p>Apmekl\u0113t\u0101ji un pilnvarotie klienti var sazin\u0101ties ar mums, lai atjaunin\u0101tu savus personas datus vai labotu neprecizit\u0101tes, rakstot mums uz hola@myspainfood.com.<\/p>\n\n<p><strong>Vai apmekl\u0113t\u0101js var dz\u0113st vai deaktiviz\u0113t vietn\u0113 apkopoto personisko inform\u0101ciju?<\/strong><\/p>\n\n<p>M\u0113s pied\u0101v\u0101jam Apmekl\u0113t\u0101jiem un Autoriz\u0113tajiem klientiem meh\u0101nismu, k\u0101 no\u0146emt\/deaktiv\u0113t personiski identific\u0113jamu inform\u0101ciju no Vietnes datub\u0101zes, sazinoties ar . Tom\u0113r rezerves kopiju un dz\u0113\u0161anas ierakstu d\u0113\u013c var b\u016bt neiesp\u0113jami izdz\u0113st Apmekl\u0113t\u0101ja ierakstu, saglab\u0101jot atliku\u0161o inform\u0101ciju. Ja persona pieprasa deaktiviz\u0113t savu Personu identific\u0113jo\u0161o inform\u0101ciju, t\u0101 tiks funkcion\u0101li dz\u0113sta, un m\u0113s nek\u0101d\u0101 veid\u0101 nep\u0101rdosim, nenodosim vai neizmantosim ar \u0161o personu saist\u012bto Personu identific\u0113jo\u0161o inform\u0101ciju n\u0101kotn\u0113.  <\/p>\n\n<p><strong>Kas notiek, ja main\u0101s konfidencialit\u0101tes politika?<\/strong><\/p>\n\n<p>M\u0113s inform\u0113sim savus Apmekl\u0113t\u0101jus un Autoriz\u0113tos klientus par izmai\u0146\u0101m m\u016bsu konfidencialit\u0101tes politik\u0101, public\u0113jot \u0161\u0101das izmai\u0146as Vietn\u0113. Tom\u0113r, ja m\u0113s main\u012bsim savu konfidencialit\u0101tes politiku t\u0101d\u0101 veid\u0101, kas var izrais\u012bt t\u0101das Personu identific\u0113jo\u0161as inform\u0101cijas izpau\u0161anu, kuru Apmekl\u0113t\u0101js vai Pilnvarotais klients iepriek\u0161 ir piepras\u012bjis neizpaust, m\u0113s sazin\u0101simies ar \u0161\u0101du Apmekl\u0113t\u0101ju vai Pilnvaroto klientu, lai \u0161\u0101ds Apmekl\u0113t\u0101js vai Pilnvarotais klients var\u0113tu nov\u0113rst \u0161\u0101du izpau\u0161anu. <\/p>\n\n<p><strong>Atgrie\u0161anas noteikumi?<\/strong><\/p>\n\n<p>T\u0101l\u0101k min\u0113tie nosac\u012bjumi m\u016bsu produktu atgrie\u0161anai nav piem\u0113rojami atteikuma ties\u012bbu izmanto\u0161anas gad\u012bjum\u0101. Produktu atgrie\u0161ana vai apmai\u0146a tiks pie\u0146emta tikai ra\u017eo\u0161anas defektu, transporta boj\u0101jumu vai pieg\u0101des k\u013c\u016bdu gad\u012bjum\u0101. Jebkur\u0101 gad\u012bjum\u0101 nedr\u012bkst b\u016bt pag\u0101ju\u0161as vair\u0101k k\u0101 14 dienas kop\u0161 produkta sa\u0146em\u0161anas, un produktam j\u0101b\u016bt iepakojumam un piederumiem. Iepriek\u0161 j\u0101p\u0101rbauda, vai tas ir ra\u017eo\u0161anas vai iepakojuma defekts vai anom\u0101lija, nevis nepareizas vai nolaid\u012bgas lieto\u0161anas, apstr\u0101des vai uzglab\u0101\u0161anas d\u0113\u013c. Tiem vienm\u0113r j\u0101pievieno attiec\u012bga pavadz\u012bme vai r\u0113\u0137ins. Gan atgrie\u0161anas gad\u012bjum\u0101, kas saist\u012bta ar ra\u017eo\u0161anas vai iepakojuma defektu, gan pas\u016bt\u012bjuma k\u013c\u016bdas gad\u012bjum\u0101 KLIENTAM, ja iesp\u0113jams, tiks pied\u0101v\u0101ts to aizst\u0101t ar citu alternat\u012bvu bez papildu izmaks\u0101m un bez KLIENTA ties\u012bb\u0101m uz jebk\u0101da veida kompens\u0101ciju. MySpainFood sedz izmaksas, kas radu\u0161\u0101s saist\u012bb\u0101 ar pas\u016bt\u012bjuma nos\u016bt\u012b\u0161anu. Jebkur\u0101 gad\u012bjum\u0101 atgrie\u0161ana vienm\u0113r ir atkar\u012bga no MySpainFood veiktas atgriezt\u0101 produkta st\u0101vok\u013ca iepriek\u0161\u0113jas p\u0101rbaudes un p\u0101rbaudes, vai ir iev\u0113rotas \u0161o p\u0101rdo\u0161anas noteikumu pras\u012bbas. P\u0113c atgrie\u0161anas sa\u0146em\u0161anas un, ja piem\u0113rojams, m\u0113s atmaks\u0101sim iekas\u0113to summu ne v\u0113l\u0101k k\u0101 30 dienu laik\u0101 un ar t\u0101diem pa\u0161iem nosac\u012bjumiem, k\u0101di tika izmantoti maks\u0101juma veik\u0161anai. MySpainFood patur ties\u012bbas atteikt atgrie\u0161anu, kas pazi\u0146ota vai nos\u016bt\u012bta p\u0113c termi\u0146a beig\u0101m, vai produktus, kas nav t\u0101d\u0101 pa\u0161\u0101 st\u0101vokl\u012b, k\u0101d\u0101 tie tika sa\u0146emti. Atgrie\u0161ana tiek p\u0101rvald\u012bta, nos\u016btot e-pastu uz adresi info@latiendadesami.com, nor\u0101dot atgrie\u0161anas iemeslus un iemeslus. B\u016bs j\u0101nor\u0101da ar\u012b v\u0101rds un uzv\u0101rds un pas\u016bt\u012bjuma atsauces numurs. Kad piepras\u012bjums b\u016bs sa\u0146emts, m\u0113s to savlaic\u012bgi apstr\u0101d\u0101sim.            <\/p>\n\n<p><strong>Saites:<\/strong><\/p>\n\n<p>https:\/\/myspainfood.com ir saites uz cit\u0101m t\u012bmek\u013ca vietn\u0113m. L\u016bdzu, \u0146emiet v\u0113r\u0101, ka, noklik\u0161\u0137inot uz k\u0101das no \u0161\u012bm sait\u0113m, j\u016bs nok\u013c\u016bsiet cit\u0101 t\u012bmek\u013ca vietn\u0113. M\u0113s iesak\u0101m jums izlas\u012bt \u0161o saist\u012bto viet\u0146u priv\u0101tuma pazi\u0146ojumus, jo to priv\u0101tuma politika var at\u0161\u0137irties no m\u016bsu priv\u0101tuma politikas.  <\/p>\n","protected":false},"excerpt":{"rendered":"<p>Laipni l\u016bgti vietn\u0113 https:\/\/myspainfood.com (&#8220;Vietne&#8221;). M\u0113s saprotam, ka m\u016bsu Vietnes lietot\u0101jiem ir svar\u012bgs priv\u0101tums tie\u0161saist\u0113, jo \u012bpa\u0161i, veicot dar\u012bjumus. \u0160is pazi\u0146ojums reglament\u0113 m\u016bsu priv\u0101tuma politiku attiec\u012bb\u0101 uz tiem Vietnes lietot\u0101jiem (&#8220;Apmekl\u0113t\u0101ji&#8221;), kuri apmekl\u0113 Vietni, neveicot dar\u012bjumus, un Apmekl\u0113t\u0101jiem, kuri re\u0123istr\u0113jas, lai veiktu dar\u012bjumus Vietn\u0113 un izmantotu da\u017e\u0101dus SUMINISTROS HOSTELEROS, S. L. pied\u0101v\u0101tos pakalpojumus (kop\u0101 saukti [&hellip;]<\/p>\n","protected":false},"author":1,"featured_media":0,"parent":0,"menu_order":0,"comment_status":"closed","ping_status":"closed","template":"","meta":{"_et_pb_use_builder":"","_et_pb_old_content":"","_et_gb_content_width":"","footnotes":""},"class_list":["post-18507","page","type-page","status-publish","hentry"],"_links":{"self":[{"href":"https:\/\/myspainfood.com\/lv\/wp-json\/wp\/v2\/pages\/18507","targetHints":{"allow":["GET"]}}],"collection":[{"href":"https:\/\/myspainfood.com\/lv\/wp-json\/wp\/v2\/pages"}],"about":[{"href":"https:\/\/myspainfood.com\/lv\/wp-json\/wp\/v2\/types\/page"}],"author":[{"embeddable":true,"href":"https:\/\/myspainfood.com\/lv\/wp-json\/wp\/v2\/users\/1"}],"replies":[{"embeddable":true,"href":"https:\/\/myspainfood.com\/lv\/wp-json\/wp\/v2\/comments?post=18507"}],"version-history":[{"count":1,"href":"https:\/\/myspainfood.com\/lv\/wp-json\/wp\/v2\/pages\/18507\/revisions"}],"predecessor-version":[{"id":18508,"href":"https:\/\/myspainfood.com\/lv\/wp-json\/wp\/v2\/pages\/18507\/revisions\/18508"}],"wp:attachment":[{"href":"https:\/\/myspainfood.com\/lv\/wp-json\/wp\/v2\/media?parent=18507"}],"curies":[{"name":"wp","href":"https:\/\/api.w.org\/{rel}","templated":true}]}}