{"id":17544,"date":"2025-04-10T12:08:06","date_gmt":"2025-04-10T10:08:06","guid":{"rendered":"https:\/\/myspainfood.com\/producto\/piparras-ar-ansoviem-no-kantabrijas-juras-80-vienibas\/"},"modified":"2026-04-24T07:45:55","modified_gmt":"2026-04-24T05:45:55","slug":"piparras-ar-ansoviem-no-kantabrijas-juras-80-vienibas","status":"publish","type":"product","link":"https:\/\/myspainfood.com\/lv\/producto\/piparras-ar-ansoviem-no-kantabrijas-juras-80-vienibas\/","title":{"rendered":"Piparras ar an\u0161oviem no Kantabrijas j\u016bras 80 vien\u012bbas"},"content":{"rendered":"<p>E\u013c\u013ca (85 % saulespu\u0137u, 15 % ol\u012bvu), <strong>an\u0161ovu<\/strong> pild\u012btas ol\u012bvas, <strong>Kantabrijas an\u0161ovu<\/strong> fileja un piparra.<\/p>\n","protected":false},"excerpt":{"rendered":"<p>E\u013c\u013ca (85 % saulespu\u0137u, 15 % ol\u012bvu), an\u0161ovu pild\u012btas ol\u012bvas, Kantabrijas an\u0161ovu fileja un piparra.<\/p>\n","protected":false},"featured_media":17546,"template":"","meta":{"_et_pb_use_builder":"","_et_pb_old_content":"","_et_gb_content_width":""},"product_brand":[],"product_cat":[1823,1821,1731,1729,1824],"product_tag":[],"class_list":{"0":"post-17544","1":"product","2":"type-product","3":"status-publish","4":"has-post-thumbnail","6":"product_cat-ansovi","7":"product_cat-cold","8":"product_cat-olivas","9":"product_cat-pickles-lv","10":"product_cat-pintxos-lv","11":"product_shipping_class-aukstuma-sutijums","13":"first","14":"instock","15":"taxable","16":"shipping-taxable","17":"purchasable","18":"product-type-simple"},"_links":{"self":[{"href":"https:\/\/myspainfood.com\/lv\/wp-json\/wp\/v2\/product\/17544","targetHints":{"allow":["GET"]}}],"collection":[{"href":"https:\/\/myspainfood.com\/lv\/wp-json\/wp\/v2\/product"}],"about":[{"href":"https:\/\/myspainfood.com\/lv\/wp-json\/wp\/v2\/types\/product"}],"wp:featuredmedia":[{"embeddable":true,"href":"https:\/\/myspainfood.com\/lv\/wp-json\/wp\/v2\/media\/17546"}],"wp:attachment":[{"href":"https:\/\/myspainfood.com\/lv\/wp-json\/wp\/v2\/media?parent=17544"}],"wp:term":[{"taxonomy":"product_brand","embeddable":true,"href":"https:\/\/myspainfood.com\/lv\/wp-json\/wp\/v2\/product_brand?post=17544"},{"taxonomy":"product_cat","embeddable":true,"href":"https:\/\/myspainfood.com\/lv\/wp-json\/wp\/v2\/product_cat?post=17544"},{"taxonomy":"product_tag","embeddable":true,"href":"https:\/\/myspainfood.com\/lv\/wp-json\/wp\/v2\/product_tag?post=17544"}],"curies":[{"name":"wp","href":"https:\/\/api.w.org\/{rel}","templated":true}]}}