{"id":17758,"date":"2025-04-10T12:09:26","date_gmt":"2025-04-10T10:09:26","guid":{"rendered":"https:\/\/myspainfood.com\/producto\/pilditi-ansovi-70-vienibas\/"},"modified":"2026-04-24T07:36:16","modified_gmt":"2026-04-24T05:36:16","slug":"pilditi-ansovi-70-vienibas","status":"publish","type":"product","link":"https:\/\/myspainfood.com\/lv\/producto\/pilditi-ansovi-70-vienibas\/","title":{"rendered":"Pild\u012bti an\u0161ovi 70 vien\u012bbas"},"content":{"rendered":"<p>E\u013c\u013ca (85% saulespu\u0137u, 15% ol\u012bve\u013c\u013cas), ol\u012bvas ar an\u0161ovu pild\u012bjumu, an\u0161ovi eti\u0137\u012b, sarkanie pipari, p\u0113ters\u012b\u013ci un \u0137iploki.<\/p>\n","protected":false},"excerpt":{"rendered":"<p>E\u013c\u013ca (85% saulespu\u0137u, 15% ol\u012bve\u013c\u013cas), ol\u012bvas ar an\u0161ovu pild\u012bjumu, an\u0161ovi eti\u0137\u012b, sarkanie pipari, p\u0113ters\u012b\u013ci un \u0137iploki.<\/p>\n","protected":false},"featured_media":17760,"template":"","meta":{"_et_pb_use_builder":"","_et_pb_old_content":"","_et_gb_content_width":""},"product_brand":[],"product_cat":[1904,1821,1731,1729,1824],"product_tag":[],"class_list":{"0":"post-17758","1":"product","2":"type-product","3":"status-publish","4":"has-post-thumbnail","6":"product_cat-ansovi-lv","7":"product_cat-cold","8":"product_cat-olivas","9":"product_cat-pickles-lv","10":"product_cat-pintxos-lv","11":"product_shipping_class-aukstuma-sutijums","13":"first","14":"instock","15":"taxable","16":"shipping-taxable","17":"purchasable","18":"product-type-simple"},"_links":{"self":[{"href":"https:\/\/myspainfood.com\/lv\/wp-json\/wp\/v2\/product\/17758","targetHints":{"allow":["GET"]}}],"collection":[{"href":"https:\/\/myspainfood.com\/lv\/wp-json\/wp\/v2\/product"}],"about":[{"href":"https:\/\/myspainfood.com\/lv\/wp-json\/wp\/v2\/types\/product"}],"wp:featuredmedia":[{"embeddable":true,"href":"https:\/\/myspainfood.com\/lv\/wp-json\/wp\/v2\/media\/17760"}],"wp:attachment":[{"href":"https:\/\/myspainfood.com\/lv\/wp-json\/wp\/v2\/media?parent=17758"}],"wp:term":[{"taxonomy":"product_brand","embeddable":true,"href":"https:\/\/myspainfood.com\/lv\/wp-json\/wp\/v2\/product_brand?post=17758"},{"taxonomy":"product_cat","embeddable":true,"href":"https:\/\/myspainfood.com\/lv\/wp-json\/wp\/v2\/product_cat?post=17758"},{"taxonomy":"product_tag","embeddable":true,"href":"https:\/\/myspainfood.com\/lv\/wp-json\/wp\/v2\/product_tag?post=17758"}],"curies":[{"name":"wp","href":"https:\/\/api.w.org\/{rel}","templated":true}]}}