{"id":17944,"date":"2025-04-10T12:14:40","date_gmt":"2025-04-10T10:14:40","guid":{"rendered":"https:\/\/myspainfood.com\/producto\/almejon-juras-mandeles-dabigs-estela-do-mar-111-gr\/"},"modified":"2026-01-20T13:35:49","modified_gmt":"2026-01-20T12:35:49","slug":"almejon-juras-mandeles-dabigs-estela-do-mar-111-gr","status":"publish","type":"product","link":"https:\/\/myspainfood.com\/lv\/producto\/almejon-juras-mandeles-dabigs-estela-do-mar-111-gr\/","title":{"rendered":"Almej\u00f3n (j\u016bras mandeles), dab\u012bgs Estela do Mar 111 gr"},"content":{"rendered":"<p>Atkl\u0101jiet \u012bstu j\u016bras gar\u0161u ar <strong>Estela do Mar Natural Almej\u00f3n<\/strong>. \u0160aj\u0101 111 gramu konserv\u0113taj\u0101 j\u016bras mandel\u0113 ir saglab\u0101ts viss lab\u0101ko glieme\u0146u svaigums un t\u012br\u012bba, bez piedev\u0101m un konservantiem. \u0160\u012b gliemene ir ide\u0101li piem\u0113rota tiem, kas mekl\u0113 dab\u012bgas un kvalitat\u012bvas j\u016bras veltes, un to var baud\u012bt atsevi\u0161\u0137i vai iecien\u012bt\u0101kaj\u0101s recept\u0113s, nodro\u0161inot maigu konsistenci un intens\u012bvu gar\u0161u.  <\/p>\n<p>Ar olbaltumviel\u0101m, omega-3 un svar\u012bg\u0101kaj\u0101m miner\u0101lviel\u0101m bag\u0101t\u0101 <strong>Estela do Mar dab\u012bg\u0101 gliemene<\/strong> ir uzturviel\u0101m bag\u0101ts \u0113diens jebkurai di\u0113tai. Pie\u0161\u0137iriet \u0113dieniem gard\u0113\u017eu un vesel\u012bgu piesk\u0101rienu un iepaz\u012bstieties ar vair\u0101k iesp\u0113j\u0101m m\u016bsu <a target=\"_new\" rel=\"noopener\">j\u016bras vel\u0161u sada\u013c\u0101<\/a>, k\u0101 ar\u012b uzziniet par svaigu j\u016bras vel\u0161u priek\u0161roc\u012bb\u0101m, piem\u0113ram, <a href=\"https:\/\/www.fen.org.es\" target=\"_new\" rel=\"noopener noreferrer nofollow\" target=\"_blank\">Sp\u0101nijas Uztura fonda<\/a> m\u0101jaslap\u0101s. <\/p>\n<p>Pievienojiet Estela do Mar gliemenes saviem \u0113dieniem un izbaudiet gard\u0113\u017eu piesk\u0101rienu!<\/p>\n<p><span class=\"BxUVEf ILfuVd\" lang=\"es\"><span class=\"hgKElc\"> <\/span><\/span><\/p>\n","protected":false},"excerpt":{"rendered":"<p>Atkl\u0101jiet \u012bstu j\u016bras gar\u0161u ar Estela do Mar Natural Almej\u00f3n. \u0160aj\u0101 111 gramu konserv\u0113taj\u0101 j\u016bras mandel\u0113 ir saglab\u0101ts viss lab\u0101ko glieme\u0146u svaigums un t\u012br\u012bba, bez piedev\u0101m un konservantiem. \u0160\u012b gliemene ir ide\u0101li piem\u0113rota tiem, kas mekl\u0113 dab\u012bgas un kvalitat\u012bvas j\u016bras veltes, un to var baud\u012bt atsevi\u0161\u0137i vai iecien\u012bt\u0101kaj\u0101s recept\u0113s, nodro\u0161inot maigu konsistenci un intens\u012bvu gar\u0161u. [&hellip;]<\/p>\n","protected":false},"featured_media":17955,"template":"","meta":{"_et_pb_use_builder":"","_et_pb_old_content":"","_et_gb_content_width":""},"product_brand":[1469],"product_cat":[1965,1963],"product_tag":[],"class_list":{"0":"post-17944","1":"product","2":"type-product","3":"status-publish","4":"has-post-thumbnail","6":"product_brand-estela-do-mar","7":"product_cat-midijas","8":"product_cat-saglaba","10":"first","11":"outofstock","12":"taxable","13":"shipping-taxable","14":"product-type-variable"},"_links":{"self":[{"href":"https:\/\/myspainfood.com\/lv\/wp-json\/wp\/v2\/product\/17944","targetHints":{"allow":["GET"]}}],"collection":[{"href":"https:\/\/myspainfood.com\/lv\/wp-json\/wp\/v2\/product"}],"about":[{"href":"https:\/\/myspainfood.com\/lv\/wp-json\/wp\/v2\/types\/product"}],"wp:featuredmedia":[{"embeddable":true,"href":"https:\/\/myspainfood.com\/lv\/wp-json\/wp\/v2\/media\/17955"}],"wp:attachment":[{"href":"https:\/\/myspainfood.com\/lv\/wp-json\/wp\/v2\/media?parent=17944"}],"wp:term":[{"taxonomy":"product_brand","embeddable":true,"href":"https:\/\/myspainfood.com\/lv\/wp-json\/wp\/v2\/product_brand?post=17944"},{"taxonomy":"product_cat","embeddable":true,"href":"https:\/\/myspainfood.com\/lv\/wp-json\/wp\/v2\/product_cat?post=17944"},{"taxonomy":"product_tag","embeddable":true,"href":"https:\/\/myspainfood.com\/lv\/wp-json\/wp\/v2\/product_tag?post=17944"}],"curies":[{"name":"wp","href":"https:\/\/api.w.org\/{rel}","templated":true}]}}