{"id":18025,"date":"2025-04-10T12:05:44","date_gmt":"2025-04-10T10:05:44","guid":{"rendered":"https:\/\/myspainfood.com\/producto\/gurku-pildita-kumelite-38kg-kimbitos\/"},"modified":"2025-04-10T12:05:44","modified_gmt":"2025-04-10T10:05:44","slug":"gurku-pildita-kumelite-38kg-kimbitos","status":"publish","type":"product","link":"https:\/\/myspainfood.com\/lv\/producto\/gurku-pildita-kumelite-38kg-kimbitos\/","title":{"rendered":"Gur\u0137u pild\u012bta kumel\u012bte 3,8kg Kimbitos"},"content":{"rendered":"<p>Manzanilla pild\u012bti gur\u0137i 3,8kg Kimbitos ir uzkoda, kur\u0101 m\u0113s atrodam tradicion\u0101l\u0101s <a href=\"https:\/\/www.laencajera.es\/encurtidos-de-almagro\" target=\"_blank\" rel=\"noopener noreferrer nofollow\">manzanilla<\/a> ol\u012bvas, pild\u012btas ar korni\u0161oniem.<\/p>\n<p>Ide\u0101ls papildin\u0101jums tradicion\u0101lajiem \u0113dieniem.<\/p>\n<p>Kimbitos ir nosaukums, ar k\u0101du da\u017e\u0101s Sp\u0101nijas da\u013c\u0101s paz\u012bstamas manzaniljas ol\u012bvas ar kauli\u0146iem un marin\u0113tiem korni\u0161oniem.<\/p>\n<p>Tas ir roku darbs, lai izveidotu \u0161o savien\u012bbu.<\/p>\n<h3>Gur\u0137u pild\u012btu kumel\u012b\u0161u 3,8kg Kimbitos priek\u0161roc\u012bbas<\/h3>\n<p>Vai zin\u0101j\u0101t, ka \u0161\u012bs ol\u012bvas sniedz daudzpus\u012bgu labumu? T\u0101s ir \u013coti efekt\u012bvas sirds un asinsrites slim\u012bbu profilaksei kopum\u0101. <\/p>\n<p>Tas ir saist\u012bts ar augsto nepies\u0101tin\u0101to tauku saturu. Turkl\u0101t tas ir p\u0101rtikas produkts, kas satur daudz dzelzs un \u0161\u0137iedrvielu un ir \u013coti s\u0101t\u012bgs, padarot to par lielisku uzkodu. <\/p>\n<p>Ja v\u0113laties ieg\u0101d\u0101ties ol\u012bvas vai cita veida <a href=\"https:\/\/latiendadesami.com\/categoria-producto\/encurtidos\/\" rel=\"noopener noreferrer nofollow\" target=\"_blank\">marin\u0113tus d\u0101rze\u0146us<\/a>, nevilcinieties un iel\u016bkojieties m\u016bsu tie\u0161saistes katalog\u0101, lai iepaz\u012btos ar m\u016bsu pla\u0161o <a href=\"https:\/\/latiendadesami.com\/categoria-producto\/encurtidos\/aceitunas\/\" target=\"_blank\" rel=\"noopener noreferrer nofollow\">ol\u012bvu<\/a> kl\u0101stu.<\/p>\n<p>Izcelsme: Castilla la Mancha.<\/p>\n<p>Sast\u0101vda\u013cas: Sast\u0101vda\u013cas: ol\u012bvas, korni\u0161oni, \u016bdens, s\u0101ls, sk\u0101bin\u0101t\u0101js (E-330), konservanti (E211, E-202, E-260), aromatiz\u0113t\u0101ji (E-621, E-631, E-627), antioksidanti (E-300) un dabisk\u0101s aromatiz\u0113t\u0101jvielas. Var satur\u0113t sulf\u012btu p\u0113das. <\/p>\n<h3>Inform\u0101cija par uzturv\u0113rt\u012bbu<\/h3>\n<p>Ener\u0123\u0113tisk\u0101 v\u0113rt\u012bba 132 kcal\/ 553 kj Tauki 13,4 g, no tiem pies\u0101tin\u0101tie 1,7 g Og\u013chidr\u0101ti 0,8 g, no tiem cukurs 0,09 g \u0160\u0137iedrvielas 0,5 g Olbaltumvielas 2,6 g S\u0101ls 2,0 g<\/p>\n","protected":false},"excerpt":{"rendered":"<p>Manzanilla pild\u012bti gur\u0137i 3,8kg Kimbitos ir uzkoda, kur\u0101 m\u0113s atrodam tradicion\u0101l\u0101s manzanilla ol\u012bvas, pild\u012btas ar korni\u0161oniem. Ide\u0101ls papildin\u0101jums tradicion\u0101lajiem \u0113dieniem. Kimbitos ir nosaukums, ar k\u0101du da\u017e\u0101s Sp\u0101nijas da\u013c\u0101s paz\u012bstamas manzaniljas ol\u012bvas ar kauli\u0146iem un marin\u0113tiem korni\u0161oniem. Tas ir roku darbs, lai izveidotu \u0161o savien\u012bbu. Gur\u0137u pild\u012btu kumel\u012b\u0161u 3,8kg Kimbitos priek\u0161roc\u012bbas Vai zin\u0101j\u0101t, ka \u0161\u012bs ol\u012bvas [&hellip;]<\/p>\n","protected":false},"featured_media":18029,"template":"","meta":{"_et_pb_use_builder":"","_et_pb_old_content":"","_et_gb_content_width":""},"product_brand":[],"product_cat":[2008,1731,1729],"product_tag":[2010],"class_list":{"0":"post-18025","1":"product","2":"type-product","3":"status-publish","4":"has-post-thumbnail","6":"product_cat-gurkisi","7":"product_cat-olivas","8":"product_cat-pickles-lv","9":"product_tag-kimbo-lv","11":"first","12":"instock","13":"taxable","14":"shipping-taxable","15":"purchasable","16":"product-type-simple"},"_links":{"self":[{"href":"https:\/\/myspainfood.com\/lv\/wp-json\/wp\/v2\/product\/18025","targetHints":{"allow":["GET"]}}],"collection":[{"href":"https:\/\/myspainfood.com\/lv\/wp-json\/wp\/v2\/product"}],"about":[{"href":"https:\/\/myspainfood.com\/lv\/wp-json\/wp\/v2\/types\/product"}],"wp:featuredmedia":[{"embeddable":true,"href":"https:\/\/myspainfood.com\/lv\/wp-json\/wp\/v2\/media\/18029"}],"wp:attachment":[{"href":"https:\/\/myspainfood.com\/lv\/wp-json\/wp\/v2\/media?parent=18025"}],"wp:term":[{"taxonomy":"product_brand","embeddable":true,"href":"https:\/\/myspainfood.com\/lv\/wp-json\/wp\/v2\/product_brand?post=18025"},{"taxonomy":"product_cat","embeddable":true,"href":"https:\/\/myspainfood.com\/lv\/wp-json\/wp\/v2\/product_cat?post=18025"},{"taxonomy":"product_tag","embeddable":true,"href":"https:\/\/myspainfood.com\/lv\/wp-json\/wp\/v2\/product_tag?post=18025"}],"curies":[{"name":"wp","href":"https:\/\/api.w.org\/{rel}","templated":true}]}}