{"id":18123,"date":"2025-04-10T12:10:57","date_gmt":"2025-04-10T10:10:57","guid":{"rendered":"https:\/\/myspainfood.com\/producto\/olive-chupadedos-aguedo-2-kg-tirsvars\/"},"modified":"2025-04-10T12:10:57","modified_gmt":"2025-04-10T10:10:57","slug":"olive-chupadedos-aguedo-2-kg-tirsvars","status":"publish","type":"product","link":"https:\/\/myspainfood.com\/lv\/producto\/olive-chupadedos-aguedo-2-kg-tirsvars\/","title":{"rendered":"Olive Chupadedos Aguedo 2 kg t\u012brsvars"},"content":{"rendered":"<div>\n<p>Uz\u0146\u0113mum\u0101 ACEITUNAS AGUEDO m\u0113s garant\u0113jam savu produktu izcil\u012bbu, apvienojot trad\u012bcijas un jaun\u0101s tehnolo\u0123ijas. M\u0113s pied\u0101v\u0101jam profesion\u0101lismu, kas izriet no t\u0101, ka esam \u0123imenes uz\u0146\u0113mums, kur\u0161 nep\u0101rtraukti att\u012bst\u0101s, un m\u016bsu vien\u012bgais m\u0113r\u0137is ir klientu apmierin\u0101t\u012bba. <\/p>\n<p>M\u0113s uzraug\u0101m visus ra\u017eo\u0161anas procesus no s\u0101kuma l\u012bdz beig\u0101m, jo tikai t\u0101 var sasniegt MAKSIM\u0100LU produktu kvalit\u0101ti.<\/p>\n<\/div>\n<div class=\"leo_camara_desc\">M\u0113s pied\u0101v\u0101jam saviem klientiem vesel\u012bg\u0101k\u0101s un dabisk\u0101k\u0101s uzkodas ar neatk\u0101rtojamu gar\u0161u un visaugst\u0101ko kvalit\u0101ti.<\/div>\n","protected":false},"excerpt":{"rendered":"<p>Uz\u0146\u0113mum\u0101 ACEITUNAS AGUEDO m\u0113s garant\u0113jam savu produktu izcil\u012bbu, apvienojot trad\u012bcijas un jaun\u0101s tehnolo\u0123ijas. M\u0113s pied\u0101v\u0101jam profesion\u0101lismu, kas izriet no t\u0101, ka esam \u0123imenes uz\u0146\u0113mums, kur\u0161 nep\u0101rtraukti att\u012bst\u0101s, un m\u016bsu vien\u012bgais m\u0113r\u0137is ir klientu apmierin\u0101t\u012bba. M\u0113s uzraug\u0101m visus ra\u017eo\u0161anas procesus no s\u0101kuma l\u012bdz beig\u0101m, jo tikai t\u0101 var sasniegt MAKSIM\u0100LU produktu kvalit\u0101ti. M\u0113s pied\u0101v\u0101jam saviem klientiem [&hellip;]<\/p>\n","protected":false},"featured_media":18125,"template":"","meta":{"_et_pb_use_builder":"","_et_pb_old_content":"","_et_gb_content_width":""},"product_brand":[1397],"product_cat":[1731,1729],"product_tag":[2049],"class_list":{"0":"post-18123","1":"product","2":"type-product","3":"status-publish","4":"has-post-thumbnail","6":"product_brand-aguedo","7":"product_cat-olivas","8":"product_cat-pickles-lv","9":"product_tag-kumelite","11":"first","12":"outofstock","13":"taxable","14":"shipping-taxable","15":"purchasable","16":"product-type-simple"},"_links":{"self":[{"href":"https:\/\/myspainfood.com\/lv\/wp-json\/wp\/v2\/product\/18123","targetHints":{"allow":["GET"]}}],"collection":[{"href":"https:\/\/myspainfood.com\/lv\/wp-json\/wp\/v2\/product"}],"about":[{"href":"https:\/\/myspainfood.com\/lv\/wp-json\/wp\/v2\/types\/product"}],"wp:featuredmedia":[{"embeddable":true,"href":"https:\/\/myspainfood.com\/lv\/wp-json\/wp\/v2\/media\/18125"}],"wp:attachment":[{"href":"https:\/\/myspainfood.com\/lv\/wp-json\/wp\/v2\/media?parent=18123"}],"wp:term":[{"taxonomy":"product_brand","embeddable":true,"href":"https:\/\/myspainfood.com\/lv\/wp-json\/wp\/v2\/product_brand?post=18123"},{"taxonomy":"product_cat","embeddable":true,"href":"https:\/\/myspainfood.com\/lv\/wp-json\/wp\/v2\/product_cat?post=18123"},{"taxonomy":"product_tag","embeddable":true,"href":"https:\/\/myspainfood.com\/lv\/wp-json\/wp\/v2\/product_tag?post=18123"}],"curies":[{"name":"wp","href":"https:\/\/api.w.org\/{rel}","templated":true}]}}