{"id":18165,"date":"2025-04-10T12:05:43","date_gmt":"2025-04-10T10:05:43","guid":{"rendered":"https:\/\/myspainfood.com\/producto\/pikanti-gurki-banderillas-38-kg\/"},"modified":"2025-04-10T12:05:43","modified_gmt":"2025-04-10T10:05:43","slug":"pikanti-gurki-banderillas-38-kg","status":"publish","type":"product","link":"https:\/\/myspainfood.com\/lv\/producto\/pikanti-gurki-banderillas-38-kg\/","title":{"rendered":"Pikanti gur\u0137i Banderillas 3,8 kg"},"content":{"rendered":"<p>Ar Almagro Banderillas Picantes Pepino Entero 3,8 kg j\u016bs varat baud\u012bt vair\u0101kus <a href=\"https:\/\/www.laencajera.es\/encurtidos-de-almagro\" target=\"_blank\" rel=\"noopener noreferrer nofollow\">marin\u0113tus d\u0101rze\u0146us<\/a> vienlaic\u012bgi.<\/p>\n<p>M\u016bsu banderillas ir atspirdzino\u0161as un vieglas gar\u0161as, un t\u0101s var baud\u012bt starp \u0113dienreiz\u0113m vai kop\u0101 ar draugiem.<\/p>\n<p>Izbaudiet gar\u0161vielas vien\u0101 kodien\u0101 ar \u0161iem Banderillas Picantes veseliem 3,8 kg gur\u0137iem. Izcelsme - Kast\u012blija la Man\u010da. <\/p>\n<p>Sast\u0101vda\u013cas: S\u012bpoli 21-23, sarkanie pipari, ol\u012bvas (paredzamais izm\u0113rs 200-320), korni\u0161oni 60-80, \u010dilli pipari, \u016bdens, s\u0101ls, plastmasas \u0161protes, gar\u0161as pastiprin\u0101t\u0101js (E-621, E-627), sk\u0101bin\u0101t\u0101js E-330, antioksidants E-300, konservanti (E-211, E-202, E-270, E-260), Sulf\u012bti.<\/p>\n<p>Aizsardz\u012bbas nosac\u012bjumi:<\/p>\n<p>Uzglab\u0101t v\u0113s\u0101 un saus\u0101 viet\u0101, temperat\u016br\u0101 no 3\u00baC l\u012bdz 10\u00baC. Uzglab\u0101t no saules gaismas un sp\u0113c\u012bg\u0101m smak\u0101m. <\/p>\n<p>P\u0113c atv\u0113r\u0161anas uzglab\u0101t ledusskap\u012b un pat\u0113r\u0113t 30 dienu laik\u0101.<\/p>\n<p>Ja v\u0113laties ieg\u0101d\u0101ties ol\u012bvas vai cita veida <a href=\"https:\/\/latiendadesami.com\/categoria-producto\/encurtidos\/\" rel=\"noopener noreferrer nofollow\" target=\"_blank\">marin\u0113tus gur\u0137us<\/a>, nevilcinieties iel\u016bkoties m\u016bsu tie\u0161saistes katalog\u0101, lai iepaz\u012btos ar m\u016bsu pla\u0161o <a href=\"https:\/\/latiendadesami.com\/categoria-producto\/encurtidos\/berenjenas\/\" target=\"_blank\" rel=\"noopener noreferrer nofollow\">bakla\u017e\u0101nu<\/a> kl\u0101stu.<\/p>\n<p>\u0160is z\u012bmols ir La Encajonera, \u0123imenes uz\u0146\u0113mums, kas dibin\u0101ts 1990. gad\u0101 un atrodas pa\u0161\u0101 La Man\u010das sird\u012b, ALMAGRO pils\u0113t\u0101, Ciudad Real provinc\u0113.<\/p>\n<p>T\u0101s produktu ra\u017eo\u0161anas process s\u0101kas taj\u0101 pa\u0161\u0101 audz\u0113\u0161anas apgabal\u0101, izv\u0113loties vislab\u0101k\u0101s kvalit\u0101tes produktus.<\/p>\n<p>R\u016bpn\u012bca ir apr\u012bkota ar vismodern\u0101kaj\u0101m tehnolo\u0123ij\u0101m, vienlaikus saglab\u0101jot amatnieku trad\u012bcijas un zin\u0101\u0161anas.<\/p>\n","protected":false},"excerpt":{"rendered":"<p>Ar Almagro Banderillas Picantes Pepino Entero 3,8 kg j\u016bs varat baud\u012bt vair\u0101kus marin\u0113tus d\u0101rze\u0146us vienlaic\u012bgi. M\u016bsu banderillas ir atspirdzino\u0161as un vieglas gar\u0161as, un t\u0101s var baud\u012bt starp \u0113dienreiz\u0113m vai kop\u0101 ar draugiem. Izbaudiet gar\u0161vielas vien\u0101 kodien\u0101 ar \u0161iem Banderillas Picantes veseliem 3,8 kg gur\u0137iem. Izcelsme - Kast\u012blija la Man\u010da. Sast\u0101vda\u013cas: S\u012bpoli 21-23, sarkanie pipari, ol\u012bvas [&hellip;]<\/p>\n","protected":false},"featured_media":18166,"template":"","meta":{"_et_pb_use_builder":"","_et_pb_old_content":"","_et_gb_content_width":""},"product_brand":[],"product_cat":[2008,2082,1729],"product_tag":[2083,2028],"class_list":{"0":"post-18165","1":"product","2":"type-product","3":"status-publish","4":"has-post-thumbnail","6":"product_cat-gurkisi","7":"product_cat-pennants-banderillas","8":"product_cat-pickles-lv","9":"product_tag-pikanti","10":"product_tag-piparkuka","12":"first","13":"instock","14":"taxable","15":"shipping-taxable","16":"purchasable","17":"product-type-simple"},"_links":{"self":[{"href":"https:\/\/myspainfood.com\/lv\/wp-json\/wp\/v2\/product\/18165","targetHints":{"allow":["GET"]}}],"collection":[{"href":"https:\/\/myspainfood.com\/lv\/wp-json\/wp\/v2\/product"}],"about":[{"href":"https:\/\/myspainfood.com\/lv\/wp-json\/wp\/v2\/types\/product"}],"wp:featuredmedia":[{"embeddable":true,"href":"https:\/\/myspainfood.com\/lv\/wp-json\/wp\/v2\/media\/18166"}],"wp:attachment":[{"href":"https:\/\/myspainfood.com\/lv\/wp-json\/wp\/v2\/media?parent=18165"}],"wp:term":[{"taxonomy":"product_brand","embeddable":true,"href":"https:\/\/myspainfood.com\/lv\/wp-json\/wp\/v2\/product_brand?post=18165"},{"taxonomy":"product_cat","embeddable":true,"href":"https:\/\/myspainfood.com\/lv\/wp-json\/wp\/v2\/product_cat?post=18165"},{"taxonomy":"product_tag","embeddable":true,"href":"https:\/\/myspainfood.com\/lv\/wp-json\/wp\/v2\/product_tag?post=18165"}],"curies":[{"name":"wp","href":"https:\/\/api.w.org\/{rel}","templated":true}]}}