{"id":18220,"date":"2025-04-10T12:05:34","date_gmt":"2025-04-10T10:05:34","guid":{"rendered":"https:\/\/myspainfood.com\/producto\/baklazani-20-25-gab-merces-45-kg\/"},"modified":"2025-04-10T12:05:34","modified_gmt":"2025-04-10T10:05:34","slug":"baklazani-20-25-gab-merces-45-kg","status":"publish","type":"product","link":"https:\/\/myspainfood.com\/lv\/producto\/baklazani-20-25-gab-merces-45-kg\/","title":{"rendered":"Bakla\u017e\u0101ni 20\/25 gab. m\u0113rces 4,5 kg"},"content":{"rendered":"<p>4,5 kg bakla\u017e\u0101nu ar m\u0113rci ir ide\u0101la <a href=\"https:\/\/www.laencajera.es\/berenjenas-de-almagro\" target=\"_blank\" rel=\"noopener noreferrer nofollow\">uzkoda<\/a>.<\/p>\n<p>Lieto ar\u012b k\u0101 papildin\u0101jumu sal\u0101tiem.<\/p>\n<p>Tos pievieno \u016bdeni, v\u012bna eti\u0137i, ol\u012bve\u013c\u013cu, papriku, s\u0101li, \u0137imenes un \u0137iplokus.<\/p>\n<p>4,5 kg bakla\u017e\u0101nu izcelsme ir no Kast\u012blijas la Man\u010das, Sp\u0101nij\u0101.<\/p>\n<p>Sast\u0101vda\u013cas: S: bakla\u017e\u0101ni &#8220;De Almagro&#8221;, \u016bdens, s\u0101ls, v\u012bna eti\u0137is, dab\u012bg\u0101s gar\u0161vielas (\u0137iploki, \u0137imenes, paprika, ol\u012bve\u013c\u013ca), gar\u0161as pastiprin\u0101t\u0101js (E-621), sk\u0101bes pastiprin\u0101t\u0101ji (E-330), konservanti (E-270, E-211, E-202E-223), antioksidants (E-300), dab\u012bg\u0101s aromatiz\u0113t\u0101jas.<\/p>\n<p>Uzglab\u0101t v\u0113s\u0101 un saus\u0101 viet\u0101, temperat\u016br\u0101 no 3\u00baC l\u012bdz 10\u00baC. Uzglab\u0101t no saules gaismas un sp\u0113c\u012bg\u0101m smak\u0101m. <\/p>\n<p>P\u0113c atv\u0113r\u0161anas uzglab\u0101t ledusskap\u012b un pat\u0113r\u0113t 30 dienu laik\u0101.<\/p>\n<p>Ja v\u0113laties ieg\u0101d\u0101ties ol\u012bvas vai cita veida <a href=\"https:\/\/latiendadesami.com\/categoria-producto\/encurtidos\/\" rel=\"noopener noreferrer nofollow\" target=\"_blank\">marin\u0113tus gur\u0137us<\/a>, nevilcinieties iel\u016bkoties m\u016bsu tie\u0161saistes katalog\u0101, lai iepaz\u012btos ar m\u016bsu pla\u0161o <a href=\"https:\/\/latiendadesami.com\/categoria-producto\/encurtidos\/berenjenas\/\" target=\"_blank\" rel=\"noopener noreferrer nofollow\">bakla\u017e\u0101nu<\/a> kl\u0101stu.<\/p>\n<p>\u0160is z\u012bmols ir La Encajonera, \u0123imenes uz\u0146\u0113mums, kas dibin\u0101ts 1990. gad\u0101 un atrodas pa\u0161\u0101 La Man\u010das sird\u012b, ALMAGRO pils\u0113t\u0101, Ciudad Real provinc\u0113.<\/p>\n<p>T\u0101s produktu ra\u017eo\u0161anas process s\u0101kas taj\u0101 pa\u0161\u0101 audz\u0113\u0161anas apgabal\u0101, izv\u0113loties vislab\u0101k\u0101s kvalit\u0101tes produktus.<\/p>\n<p>R\u016bpn\u012bca ir apr\u012bkota ar vismodern\u0101kaj\u0101m tehnolo\u0123ij\u0101m, vienlaikus saglab\u0101jot amatnieku trad\u012bcijas un zin\u0101\u0161anas.<\/p>\n","protected":false},"excerpt":{"rendered":"<p>4,5 kg bakla\u017e\u0101nu ar m\u0113rci ir ide\u0101la uzkoda. Lieto ar\u012b k\u0101 papildin\u0101jumu sal\u0101tiem. Tos pievieno \u016bdeni, v\u012bna eti\u0137i, ol\u012bve\u013c\u013cu, papriku, s\u0101li, \u0137imenes un \u0137iplokus. 4,5 kg bakla\u017e\u0101nu izcelsme ir no Kast\u012blijas la Man\u010das, Sp\u0101nij\u0101. Sast\u0101vda\u013cas: S: bakla\u017e\u0101ni &#8220;De Almagro&#8221;, \u016bdens, s\u0101ls, v\u012bna eti\u0137is, dab\u012bg\u0101s gar\u0161vielas (\u0137iploki, \u0137imenes, paprika, ol\u012bve\u013c\u013ca), gar\u0161as pastiprin\u0101t\u0101js (E-621), sk\u0101bes pastiprin\u0101t\u0101ji (E-330), [&hellip;]<\/p>\n","protected":false},"featured_media":18221,"template":"","meta":{"_et_pb_use_builder":"","_et_pb_old_content":"","_et_gb_content_width":""},"product_brand":[1057],"product_cat":[2124,1729],"product_tag":[2125],"class_list":{"0":"post-18220","1":"product","2":"type-product","3":"status-publish","4":"has-post-thumbnail","6":"product_brand-la-encajera","7":"product_cat-baklazani","8":"product_cat-pickles-lv","9":"product_tag-alinada-lv","11":"first","12":"instock","13":"taxable","14":"shipping-taxable","15":"purchasable","16":"product-type-simple"},"_links":{"self":[{"href":"https:\/\/myspainfood.com\/lv\/wp-json\/wp\/v2\/product\/18220","targetHints":{"allow":["GET"]}}],"collection":[{"href":"https:\/\/myspainfood.com\/lv\/wp-json\/wp\/v2\/product"}],"about":[{"href":"https:\/\/myspainfood.com\/lv\/wp-json\/wp\/v2\/types\/product"}],"wp:featuredmedia":[{"embeddable":true,"href":"https:\/\/myspainfood.com\/lv\/wp-json\/wp\/v2\/media\/18221"}],"wp:attachment":[{"href":"https:\/\/myspainfood.com\/lv\/wp-json\/wp\/v2\/media?parent=18220"}],"wp:term":[{"taxonomy":"product_brand","embeddable":true,"href":"https:\/\/myspainfood.com\/lv\/wp-json\/wp\/v2\/product_brand?post=18220"},{"taxonomy":"product_cat","embeddable":true,"href":"https:\/\/myspainfood.com\/lv\/wp-json\/wp\/v2\/product_cat?post=18220"},{"taxonomy":"product_tag","embeddable":true,"href":"https:\/\/myspainfood.com\/lv\/wp-json\/wp\/v2\/product_tag?post=18220"}],"curies":[{"name":"wp","href":"https:\/\/api.w.org\/{rel}","templated":true}]}}