{"id":18260,"date":"2025-04-10T12:05:35","date_gmt":"2025-04-10T10:05:35","guid":{"rendered":"https:\/\/myspainfood.com\/producto\/baklazaniem-pilditas-gordal-olivas-45-kg\/"},"modified":"2025-04-10T12:05:35","modified_gmt":"2025-04-10T10:05:35","slug":"baklazaniem-pilditas-gordal-olivas-45-kg","status":"publish","type":"product","link":"https:\/\/myspainfood.com\/lv\/producto\/baklazaniem-pilditas-gordal-olivas-45-kg\/","title":{"rendered":"Bakla\u017e\u0101niem pild\u012btas Gordal ol\u012bvas 4,5 kg"},"content":{"rendered":"<p>Gordal ol\u012bvas, pild\u012btas ar Gordal \u0161\u0137irnes bakla\u017e\u0101niem, pild\u012btiem ar m\u016bsu tradicion\u0101lajiem Almagro <a href=\"https:\/\/www.laencajera.es\/aceitunas\" target=\"_blank\" rel=\"noopener noreferrer nofollow\">bakla\u017e\u0101niem<\/a>.<\/p>\n<p>Viena no popul\u0101r\u0101kaj\u0101m \u0161\u0137irn\u0113m. T\u0101s ir ide\u0101li piem\u0113rotas k\u0101 aperit\u012bvs. <\/p>\n<p>Sast\u0101vda\u013cas: V\u012bna eti\u0137is, maltas \u0137imenes, Paprika de la Vera, oregano, gar\u0161as pastiprin\u0101t\u0101js (E-621, E-631, E-627), sk\u0101bin\u0101t\u0101js (E-330), konservanti (E-260, E-211, E-202), antioksidants (E-300) un dabisk\u0101s esences (piparu esence, \u0137iploku esence, \u0137imenes esence). Var satur\u0113t sulf\u012btus. <\/p>\n<p>Uzglab\u0101t v\u0113s\u0101, saus\u0101 viet\u0101, temperat\u016br\u0101 no 3\u00baC l\u012bdz 10\u00baC.<\/p>\n<p>Aizsarg\u0101jiet no saules gaismas un sp\u0113c\u012bg\u0101m smak\u0101m.<\/p>\n<p>Gordal ol\u012bvas, pild\u012btas ar bakla\u017e\u0101niem. P\u0113c atv\u0113r\u0161anas uzglab\u0101t ledusskap\u012b un pat\u0113r\u0113t 30 dienu laik\u0101.<\/p>\n<p>Ja v\u0113laties ieg\u0101d\u0101ties ol\u012bvas vai cita veida <a href=\"https:\/\/latiendadesami.com\/categoria-producto\/encurtidos\/\" rel=\"noopener noreferrer nofollow\" target=\"_blank\">marin\u0113tus gur\u0137us<\/a>, nevilcinieties iel\u016bkoties m\u016bsu tie\u0161saistes katalog\u0101, lai iepaz\u012btos ar m\u016bsu pla\u0161o <a href=\"https:\/\/latiendadesami.com\/categoria-producto\/encurtidos\/berenjenas\/\" target=\"_blank\" rel=\"noopener noreferrer nofollow\">bakla\u017e\u0101nu<\/a> kl\u0101stu.<\/p>\n<p>\u0160is z\u012bmols ir La Encajonera, \u0123imenes uz\u0146\u0113mums, kas dibin\u0101ts 1990. gad\u0101 un atrodas pa\u0161\u0101 La Man\u010das sird\u012b, ALMAGRO pils\u0113t\u0101, Ciudad Real provinc\u0113.<\/p>\n<p>T\u0101s produktu ra\u017eo\u0161anas process s\u0101kas taj\u0101 pa\u0161\u0101 audz\u0113\u0161anas apgabal\u0101, izv\u0113loties vislab\u0101k\u0101s kvalit\u0101tes produktus.<\/p>\n<p>R\u016bpn\u012bca ir apr\u012bkota ar vismodern\u0101kaj\u0101m tehnolo\u0123ij\u0101m, vienlaikus saglab\u0101jot amatnieku trad\u012bcijas un zin\u0101\u0161anas.<\/p>\n","protected":false},"excerpt":{"rendered":"<p>Gordal ol\u012bvas, pild\u012btas ar Gordal \u0161\u0137irnes bakla\u017e\u0101niem, pild\u012btiem ar m\u016bsu tradicion\u0101lajiem Almagro bakla\u017e\u0101niem. Viena no popul\u0101r\u0101kaj\u0101m \u0161\u0137irn\u0113m. T\u0101s ir ide\u0101li piem\u0113rotas k\u0101 aperit\u012bvs. Sast\u0101vda\u013cas: V\u012bna eti\u0137is, maltas \u0137imenes, Paprika de la Vera, oregano, gar\u0161as pastiprin\u0101t\u0101js (E-621, E-631, E-627), sk\u0101bin\u0101t\u0101js (E-330), konservanti (E-260, E-211, E-202), antioksidants (E-300) un dabisk\u0101s esences (piparu esence, \u0137iploku esence, \u0137imenes esence). [&hellip;]<\/p>\n","protected":false},"featured_media":18262,"template":"","meta":{"_et_pb_use_builder":"","_et_pb_old_content":"","_et_gb_content_width":""},"product_brand":[],"product_cat":[1731,1729],"product_tag":[2167,2166],"class_list":{"0":"post-18260","1":"product","2":"type-product","3":"status-publish","4":"has-post-thumbnail","6":"product_cat-olivas","7":"product_cat-pickles-lv","8":"product_tag-aizpildiet","9":"product_tag-baklazani","11":"first","12":"instock","13":"taxable","14":"shipping-taxable","15":"purchasable","16":"product-type-simple"},"_links":{"self":[{"href":"https:\/\/myspainfood.com\/lv\/wp-json\/wp\/v2\/product\/18260","targetHints":{"allow":["GET"]}}],"collection":[{"href":"https:\/\/myspainfood.com\/lv\/wp-json\/wp\/v2\/product"}],"about":[{"href":"https:\/\/myspainfood.com\/lv\/wp-json\/wp\/v2\/types\/product"}],"wp:featuredmedia":[{"embeddable":true,"href":"https:\/\/myspainfood.com\/lv\/wp-json\/wp\/v2\/media\/18262"}],"wp:attachment":[{"href":"https:\/\/myspainfood.com\/lv\/wp-json\/wp\/v2\/media?parent=18260"}],"wp:term":[{"taxonomy":"product_brand","embeddable":true,"href":"https:\/\/myspainfood.com\/lv\/wp-json\/wp\/v2\/product_brand?post=18260"},{"taxonomy":"product_cat","embeddable":true,"href":"https:\/\/myspainfood.com\/lv\/wp-json\/wp\/v2\/product_cat?post=18260"},{"taxonomy":"product_tag","embeddable":true,"href":"https:\/\/myspainfood.com\/lv\/wp-json\/wp\/v2\/product_tag?post=18260"}],"curies":[{"name":"wp","href":"https:\/\/api.w.org\/{rel}","templated":true}]}}