{"id":18622,"date":"2025-04-10T12:16:51","date_gmt":"2025-04-10T10:16:51","guid":{"rendered":"https:\/\/myspainfood.com\/producto\/partija-3c-kantabrijas-ansovu-fileja-silku-fileja-silku-fileja-ar-olivam-picarpicar\/"},"modified":"2026-01-13T13:54:38","modified_gmt":"2026-01-13T12:54:38","slug":"partija-3c-kantabrijas-ansovu-fileja-silku-fileja-silku-fileja-ar-olivam-picarpicar","status":"publish","type":"product","link":"https:\/\/myspainfood.com\/lv\/producto\/partija-3c-kantabrijas-ansovu-fileja-silku-fileja-silku-fileja-ar-olivam-picarpicar\/","title":{"rendered":"Partija 3C Kantabrijas an\u0161ovu fileja - si\u013c\u0137u fileja - si\u013c\u0137u fileja ar ol\u012bv\u0101m Picar&amp;Picar"},"content":{"rendered":"<p>SAST\u0100VDA\u013bAS:<\/p>\n<ul>\n<li>An\u0161ovu fileja no Biskajas l\u012b\u010da:<\/li>\n<\/ul>\n<p>300 g t\u016bbi\u0146a: 1 gab.<\/p>\n<ul>\n<li>Si\u013c\u0137u fileja:<\/li>\n<\/ul>\n<p>Papl\u0101te 220 gr: 1 gab.<\/p>\n<ul>\n<li>Si\u013c\u0137u fileja ar ol\u012bv\u0101m:<\/li>\n<\/ul>\n<p>Papl\u0101te 220 gr: 1 gab.<\/p>\n","protected":false},"excerpt":{"rendered":"<p>SAST\u0100VDA\u013bAS: An\u0161ovu fileja no Biskajas l\u012b\u010da: 300 g t\u016bbi\u0146a: 1 gab. Si\u013c\u0137u fileja: Papl\u0101te 220 gr: 1 gab. Si\u013c\u0137u fileja ar ol\u012bv\u0101m: Papl\u0101te 220 gr: 1 gab.<\/p>\n","protected":false},"featured_media":18624,"template":"","meta":{"_et_pb_use_builder":"","_et_pb_old_content":"","_et_gb_content_width":""},"product_brand":[1127],"product_cat":[1904,1821],"product_tag":[],"class_list":{"0":"post-18622","1":"product","2":"type-product","3":"status-publish","4":"has-post-thumbnail","6":"product_brand-picarpicar","7":"product_cat-ansovi-lv","8":"product_cat-cold","9":"product_shipping_class-aukstuma-sutijums","11":"first","12":"outofstock","13":"taxable","14":"shipping-taxable","15":"purchasable","16":"product-type-simple"},"_links":{"self":[{"href":"https:\/\/myspainfood.com\/lv\/wp-json\/wp\/v2\/product\/18622","targetHints":{"allow":["GET"]}}],"collection":[{"href":"https:\/\/myspainfood.com\/lv\/wp-json\/wp\/v2\/product"}],"about":[{"href":"https:\/\/myspainfood.com\/lv\/wp-json\/wp\/v2\/types\/product"}],"wp:featuredmedia":[{"embeddable":true,"href":"https:\/\/myspainfood.com\/lv\/wp-json\/wp\/v2\/media\/18624"}],"wp:attachment":[{"href":"https:\/\/myspainfood.com\/lv\/wp-json\/wp\/v2\/media?parent=18622"}],"wp:term":[{"taxonomy":"product_brand","embeddable":true,"href":"https:\/\/myspainfood.com\/lv\/wp-json\/wp\/v2\/product_brand?post=18622"},{"taxonomy":"product_cat","embeddable":true,"href":"https:\/\/myspainfood.com\/lv\/wp-json\/wp\/v2\/product_cat?post=18622"},{"taxonomy":"product_tag","embeddable":true,"href":"https:\/\/myspainfood.com\/lv\/wp-json\/wp\/v2\/product_tag?post=18622"}],"curies":[{"name":"wp","href":"https:\/\/api.w.org\/{rel}","templated":true}]}}