{"id":18695,"date":"2025-04-10T12:16:51","date_gmt":"2025-04-10T10:16:51","guid":{"rendered":"https:\/\/myspainfood.com\/producto\/lote-1f-ansovu-fileja-ella-ansovu-fileja-etiki-ansovu-fileja-kiploku-un-petersilu-merce-kiploku-un-petersilu-chop-chop\/"},"modified":"2026-01-13T13:53:47","modified_gmt":"2026-01-13T12:53:47","slug":"lote-1f-ansovu-fileja-ella-ansovu-fileja-etiki-ansovu-fileja-kiploku-un-petersilu-merce-kiploku-un-petersilu-chop-chop","status":"publish","type":"product","link":"https:\/\/myspainfood.com\/lv\/producto\/lote-1f-ansovu-fileja-ella-ansovu-fileja-etiki-ansovu-fileja-kiploku-un-petersilu-merce-kiploku-un-petersilu-chop-chop\/","title":{"rendered":"Lote 1F An\u0161ovu fileja e\u013c\u013c\u0101-an\u0161ovu fileja eti\u0137\u012b-an\u0161ovu fileja \u0137iploku un p\u0113ters\u012b\u013cu m\u0113rc\u0113 (\u0137iploku un p\u0113ters\u012b\u013cu) Chop &amp; Chop"},"content":{"rendered":"<p>SAST\u0100VDA\u013bAS:<\/p>\n<ul>\n<li>An\u0161ovu fileja e\u013c\u013c\u0101:<\/li>\n<\/ul>\n<p>Papl\u0101te 200 gr: 3 gab.<\/p>\n<ul>\n<li>An\u0161ovu fileja eti\u0137\u012b:<\/li>\n<\/ul>\n<p>Papl\u0101te 200 gr: 3 gab.<\/p>\n<ul>\n<li>An\u0161ovu fileja ar gar\u0161viel\u0101m (\u0137iplokiem un p\u0113ters\u012b\u013ciem):<\/li>\n<\/ul>\n<p>Papl\u0101te 200 gr: 3 gab.<\/p>\n","protected":false},"excerpt":{"rendered":"<p>SAST\u0100VDA\u013bAS: An\u0161ovu fileja e\u013c\u013c\u0101: Papl\u0101te 200 gr: 3 gab. An\u0161ovu fileja eti\u0137\u012b: Papl\u0101te 200 gr: 3 gab. An\u0161ovu fileja ar gar\u0161viel\u0101m (\u0137iplokiem un p\u0113ters\u012b\u013ciem): Papl\u0101te 200 gr: 3 gab.<\/p>\n","protected":false},"featured_media":18697,"template":"","meta":{"_et_pb_use_builder":"","_et_pb_old_content":"","_et_gb_content_width":""},"product_brand":[1127],"product_cat":[1904,1821],"product_tag":[],"class_list":{"0":"post-18695","1":"product","2":"type-product","3":"status-publish","4":"has-post-thumbnail","6":"product_brand-picarpicar","7":"product_cat-ansovi-lv","8":"product_cat-cold","9":"product_shipping_class-aukstuma-sutijums","11":"first","12":"outofstock","13":"taxable","14":"shipping-taxable","15":"purchasable","16":"product-type-simple"},"_links":{"self":[{"href":"https:\/\/myspainfood.com\/lv\/wp-json\/wp\/v2\/product\/18695","targetHints":{"allow":["GET"]}}],"collection":[{"href":"https:\/\/myspainfood.com\/lv\/wp-json\/wp\/v2\/product"}],"about":[{"href":"https:\/\/myspainfood.com\/lv\/wp-json\/wp\/v2\/types\/product"}],"wp:featuredmedia":[{"embeddable":true,"href":"https:\/\/myspainfood.com\/lv\/wp-json\/wp\/v2\/media\/18697"}],"wp:attachment":[{"href":"https:\/\/myspainfood.com\/lv\/wp-json\/wp\/v2\/media?parent=18695"}],"wp:term":[{"taxonomy":"product_brand","embeddable":true,"href":"https:\/\/myspainfood.com\/lv\/wp-json\/wp\/v2\/product_brand?post=18695"},{"taxonomy":"product_cat","embeddable":true,"href":"https:\/\/myspainfood.com\/lv\/wp-json\/wp\/v2\/product_cat?post=18695"},{"taxonomy":"product_tag","embeddable":true,"href":"https:\/\/myspainfood.com\/lv\/wp-json\/wp\/v2\/product_tag?post=18695"}],"curies":[{"name":"wp","href":"https:\/\/api.w.org\/{rel}","templated":true}]}}