{"id":18735,"date":"2025-04-10T12:16:50","date_gmt":"2025-04-10T10:16:50","guid":{"rendered":"https:\/\/myspainfood.com\/producto\/3-a-dala-ansovu-fileja-no-biskajas-lica-ansovu-fileja-ar-kiploku-un-petersilu-merci-picarpicar\/"},"modified":"2026-01-13T13:51:08","modified_gmt":"2026-01-13T12:51:08","slug":"3-a-dala-ansovu-fileja-no-biskajas-lica-ansovu-fileja-ar-kiploku-un-petersilu-merci-picarpicar","status":"publish","type":"product","link":"https:\/\/myspainfood.com\/lv\/producto\/3-a-dala-ansovu-fileja-no-biskajas-lica-ansovu-fileja-ar-kiploku-un-petersilu-merci-picarpicar\/","title":{"rendered":"3.A da\u013ca An\u0161ovu fileja no Biskajas l\u012b\u010da - an\u0161ovu fileja ar \u0137iploku un p\u0113ters\u012b\u013cu m\u0113rci - Picar&amp;Picar"},"content":{"rendered":"<p>SAST\u0100VDA\u013bAS:<\/p>\n<ul>\n<li>An\u0161ovu fileja:<\/li>\n<\/ul>\n<p>Tr\u012bspakete: 3 gab.<\/p>\n<ul>\n<li>An\u0161ovu fileja no Biskajas l\u012b\u010da:<\/li>\n<\/ul>\n<p>Papl\u0101te 120 gr: 2 gab.<\/p>\n<ul>\n<li>An\u0161ovu fileja ar gar\u0161viel\u0101m (\u0137iplokiem un p\u0113ters\u012b\u013ciem):<\/li>\n<\/ul>\n<p>700 g t\u016bbi\u0146a: 1 gab.<\/p>\n<p>Gard\u0113\u017eu produkts.<\/p>\n","protected":false},"excerpt":{"rendered":"<p>SAST\u0100VDA\u013bAS: An\u0161ovu fileja: Tr\u012bspakete: 3 gab. An\u0161ovu fileja no Biskajas l\u012b\u010da: Papl\u0101te 120 gr: 2 gab. An\u0161ovu fileja ar gar\u0161viel\u0101m (\u0137iplokiem un p\u0113ters\u012b\u013ciem): 700 g t\u016bbi\u0146a: 1 gab. Gard\u0113\u017eu produkts.<\/p>\n","protected":false},"featured_media":18736,"template":"","meta":{"_et_pb_use_builder":"","_et_pb_old_content":"","_et_gb_content_width":""},"product_brand":[1127],"product_cat":[1904,1821],"product_tag":[],"class_list":{"0":"post-18735","1":"product","2":"type-product","3":"status-publish","4":"has-post-thumbnail","6":"product_brand-picarpicar","7":"product_cat-ansovi-lv","8":"product_cat-cold","9":"product_shipping_class-aukstuma-sutijums","11":"first","12":"outofstock","13":"taxable","14":"shipping-taxable","15":"purchasable","16":"product-type-simple"},"_links":{"self":[{"href":"https:\/\/myspainfood.com\/lv\/wp-json\/wp\/v2\/product\/18735","targetHints":{"allow":["GET"]}}],"collection":[{"href":"https:\/\/myspainfood.com\/lv\/wp-json\/wp\/v2\/product"}],"about":[{"href":"https:\/\/myspainfood.com\/lv\/wp-json\/wp\/v2\/types\/product"}],"wp:featuredmedia":[{"embeddable":true,"href":"https:\/\/myspainfood.com\/lv\/wp-json\/wp\/v2\/media\/18736"}],"wp:attachment":[{"href":"https:\/\/myspainfood.com\/lv\/wp-json\/wp\/v2\/media?parent=18735"}],"wp:term":[{"taxonomy":"product_brand","embeddable":true,"href":"https:\/\/myspainfood.com\/lv\/wp-json\/wp\/v2\/product_brand?post=18735"},{"taxonomy":"product_cat","embeddable":true,"href":"https:\/\/myspainfood.com\/lv\/wp-json\/wp\/v2\/product_cat?post=18735"},{"taxonomy":"product_tag","embeddable":true,"href":"https:\/\/myspainfood.com\/lv\/wp-json\/wp\/v2\/product_tag?post=18735"}],"curies":[{"name":"wp","href":"https:\/\/api.w.org\/{rel}","templated":true}]}}