{"id":18869,"date":"2025-04-10T12:16:20","date_gmt":"2025-04-10T10:16:20","guid":{"rendered":"https:\/\/myspainfood.com\/producto\/extra-virgin-olivella-3-karafu-iepakojums-viejo-olivas-15-l\/"},"modified":"2026-01-29T12:35:21","modified_gmt":"2026-01-29T11:35:21","slug":"extra-virgin-olivella-3-karafu-iepakojums-viejo-olivas-15-l","status":"publish","type":"product","link":"https:\/\/myspainfood.com\/lv\/producto\/extra-virgin-olivella-3-karafu-iepakojums-viejo-olivas-15-l\/","title":{"rendered":"Extra Virgin ol\u012bve\u013c\u013ca - 3 karafu iepakojums - Viejo Olivas - 15 L"},"content":{"rendered":"<h3><strong>Extra Virgin ol\u012bve\u013c\u013ca - 3 karafu iepakojums - Viejo Olivas - 15 L<\/strong><\/h3>\n<p>Atkl\u0101jiet Vidusj\u016bras re\u0123iona gar\u0161as bag\u0101t\u012bbu ar <strong>Viejo Olivas Extra Virgin ol\u012bve\u013c\u013cas iepakojumu<\/strong>, kur\u0101 ietilpst tr\u012bs 5 litru pudeles. \u0160o e\u013c\u013cu ieg\u016bst, r\u016bp\u012bgi atlasot augst\u0101k\u0101s kvalit\u0101tes ol\u012bvas, kas audz\u0113tas tradicion\u0101laj\u0101s ol\u012bvu audz\u0113s. T\u0101s <strong>aukst\u0101s ekstrakcijas process<\/strong> garant\u0113, ka katrs piliens saglab\u0101 visas uzturv\u0113rt\u012bbas un izcilo gar\u0161u, kas rakstur\u012bga \u012bstai augst\u0101k\u0101 labuma neapstr\u0101d\u0101tai ol\u012bve\u013c\u013c\u013cai.  <\/p>\n<p>Katra 5 litru karafe ir izstr\u0101d\u0101ta, lai apmierin\u0101tu pav\u0101ru un \u0113dienu cien\u012bt\u0101ju vajadz\u012bbas. \u0160\u012b e\u013c\u013ca ar aug\u013cu arom\u0101tu un l\u012bdzsvarotu gar\u0161u ir ide\u0101li piem\u0113rota sal\u0101tu, marin\u0101\u017eu un saut\u0113jumu gar\u0161as uzlabo\u0161anai. T\u0101 ir ide\u0101li piem\u0113rota ikdienas lieto\u0161anai, un t\u0101s 15 litru form\u0101ts nodro\u0161ina iev\u0113rojamu ietaup\u012bjumu, nemazinot kvalit\u0101ti, t\u0101d\u0113j\u0101di nodro\u0161inot, ka \u0161\u012b Vidusj\u016bras virtuves b\u016btisk\u0101 sast\u0101vda\u013ca vienm\u0113r ir pa rokai.  <\/p>\n<p><strong>K\u0101p\u0113c izv\u0113l\u0113ties Viejo Olivas Extra Virgin ol\u012bve\u013c\u013cu?<\/strong><\/p>\n<ul>\n<li><strong>Augst\u0101k\u0101 kvalit\u0101te<\/strong>: katra karafe ir izgatavota no atlas\u012bt\u0101m ol\u012bv\u0101m, t\u0101d\u0113j\u0101di ieg\u016bstot e\u013c\u013cu ar intens\u012bvu gar\u0161u un vesel\u012bg\u0101m \u012bpa\u0161\u012bb\u0101m.<\/li>\n<li><strong>Daudzpus\u012bgs pielietojums<\/strong>: lieliski piem\u0113rots \u0113dienu gatavo\u0161anai, gar\u0161vielu pagatavo\u0161anai un \u012bpa\u0161as nianses pie\u0161\u0137ir\u0161anai.<\/li>\n<li><strong>Ekonomisk\u0101 efektivit\u0101te<\/strong>: p\u0113rkot iepakojum\u0101, j\u016bs ieg\u016bstat lielisku cenas un v\u0113rt\u012bbas attiec\u012bbu, kas ir ide\u0101li piem\u0113rots \u0123imen\u0113m vai viesm\u012bl\u012bbas uz\u0146\u0113mumiem.<\/li>\n<\/ul>\n<p>Ja v\u0113laties uzzin\u0101t vair\u0101k par ol\u012bve\u013c\u013cas priek\u0161roc\u012bb\u0101m, apmekl\u0113jiet m\u016bsu sada\u013cu par <a target=\"_new\" rel=\"noopener\">ol\u012bve\u013c\u013cas priek\u0161roc\u012bb\u0101m<\/a> un uzziniet, k\u0101 t\u0101 var uzlabot j\u016bsu vesel\u012bbu un receptes. Lai ieg\u016btu pla\u0161\u0101ku izv\u0113li, apmekl\u0113jiet m\u016bsu <a target=\"_new\" rel=\"noopener\">e\u013c\u013cu un eti\u0137a<\/a> kategoriju, kur atrad\u012bsiet ar\u012b citus augstas kvalit\u0101tes produktus, kas lieliski papildin\u0101s j\u016bsu virtuvi.<\/p>\n<p>Izv\u0113loties <strong>Viejo Olivas Extra Virgin ol\u012bve\u013c\u013cas iepakojumu<\/strong>, j\u016bs ne tikai izv\u0113laties kvalit\u0101ti un gar\u0161u, bet ar\u012b atbalst\u0101t ilgtsp\u0113j\u012bgu un atbild\u012bgu lauksaimniec\u012bbas praksi. Izmantojiet \u0161o iesp\u0113ju ienest uz sava galda lab\u0101ko no Vidusj\u016bras re\u0123iona trad\u012bcij\u0101m, pas\u016btiet jau \u0161odien un p\u0101rv\u0113rsiet katru malt\u012bti par gard\u0113\u017ea piedz\u012bvojumu!  <\/p>\n","protected":false},"excerpt":{"rendered":"<p>Extra Virgin ol\u012bve\u013c\u013ca - 3 karafu iepakojums - Viejo Olivas - 15 L Atkl\u0101jiet Vidusj\u016bras re\u0123iona gar\u0161as bag\u0101t\u012bbu ar Viejo Olivas Extra Virgin ol\u012bve\u013c\u013cas iepakojumu, kur\u0101 ietilpst tr\u012bs 5 litru pudeles. \u0160o e\u013c\u013cu ieg\u016bst, r\u016bp\u012bgi atlasot augst\u0101k\u0101s kvalit\u0101tes ol\u012bvas, kas audz\u0113tas tradicion\u0101laj\u0101s ol\u012bvu audz\u0113s. T\u0101s aukst\u0101s ekstrakcijas process garant\u0113, ka katrs piliens saglab\u0101 visas uzturv\u0113rt\u012bbas [&hellip;]<\/p>\n","protected":false},"featured_media":18875,"template":"","meta":{"_et_pb_use_builder":"","_et_pb_old_content":"","_et_gb_content_width":""},"product_brand":[1221],"product_cat":[2235,2236],"product_tag":[2237],"class_list":{"0":"post-18869","1":"product","2":"type-product","3":"status-publish","4":"has-post-thumbnail","6":"product_brand-valdezarza","7":"product_cat-ella","8":"product_cat-extra-virgin-olivu","9":"product_tag-ella","11":"first","12":"outofstock","13":"featured","14":"taxable","15":"shipping-taxable","16":"purchasable","17":"product-type-simple"},"_links":{"self":[{"href":"https:\/\/myspainfood.com\/lv\/wp-json\/wp\/v2\/product\/18869","targetHints":{"allow":["GET"]}}],"collection":[{"href":"https:\/\/myspainfood.com\/lv\/wp-json\/wp\/v2\/product"}],"about":[{"href":"https:\/\/myspainfood.com\/lv\/wp-json\/wp\/v2\/types\/product"}],"wp:featuredmedia":[{"embeddable":true,"href":"https:\/\/myspainfood.com\/lv\/wp-json\/wp\/v2\/media\/18875"}],"wp:attachment":[{"href":"https:\/\/myspainfood.com\/lv\/wp-json\/wp\/v2\/media?parent=18869"}],"wp:term":[{"taxonomy":"product_brand","embeddable":true,"href":"https:\/\/myspainfood.com\/lv\/wp-json\/wp\/v2\/product_brand?post=18869"},{"taxonomy":"product_cat","embeddable":true,"href":"https:\/\/myspainfood.com\/lv\/wp-json\/wp\/v2\/product_cat?post=18869"},{"taxonomy":"product_tag","embeddable":true,"href":"https:\/\/myspainfood.com\/lv\/wp-json\/wp\/v2\/product_tag?post=18869"}],"curies":[{"name":"wp","href":"https:\/\/api.w.org\/{rel}","templated":true}]}}