{"id":18988,"date":"2025-04-10T12:16:34","date_gmt":"2025-04-10T10:16:34","guid":{"rendered":"https:\/\/myspainfood.com\/producto\/ar-dzelksniem-barota-50-iberijas-cukgalas-fileja-fili-500-gr\/"},"modified":"2026-01-30T08:24:39","modified_gmt":"2026-01-30T07:24:39","slug":"ar-dzelksniem-barota-50-iberijas-cukgalas-fileja-fili-500-gr","status":"publish","type":"product","link":"https:\/\/myspainfood.com\/lv\/producto\/ar-dzelksniem-barota-50-iberijas-cukgalas-fileja-fili-500-gr\/","title":{"rendered":"Ar dzelk\u0161\u0146iem barota 50% Ib\u0113rijas c\u016bkga\u013cas fileja - Fili - 500 gr"},"content":{"rendered":"<p>800 gramu <strong>Iberijas c\u016bkga\u013cas muguras fileja, kas barota ar 50% dzelk\u0161\u0146u - FILI<\/strong>, ir gard\u0113\u017eu delikatese, kas gatavota no t\u012br\u0161\u0137irnes Iberijas c\u016bk\u0101m, kuras audz\u0113tas savva\u013c\u0101 un barotas ar dzelk\u0161\u0146iem. \u0160is amatnieciskais process un r\u016bp\u012bga konserv\u0113\u0161ana nodro\u0161ina nep\u0101rsp\u0113jamu gar\u0161u un sul\u012bgu konsistenci. Ide\u0101li piem\u0113rots Ib\u0113rijas re\u0123iona produktu cien\u012bt\u0101jiem, un tas ir bag\u0101ts ar vesel\u012bg\u0101m tauksk\u0101b\u0113m.  <\/p>\n<p>Lai uzzin\u0101tu vair\u0101k par Iberijas produktu lieto\u0161anas priek\u0161roc\u012bb\u0101m, apmekl\u0113jiet vietni <a href=\"https:\/\/www.jamonlovers.es\" target=\"_new\" rel=\"noopener noreferrer nofollow\" target=\"_blank\">Jam\u00f3n Lovers<\/a>.<\/p>\n<p>Atkl\u0101jiet vair\u0101k iesp\u0113ju m\u016bsu kategorij\u0101s <a href=\"https:\/\/latiendadesami.com\/categoria-producto\/queso-embutido\/\" target=\"_blank\" rel=\"noopener noreferrer nofollow\"><span style=\"color: #2ea3f2;\">Desas<\/span><\/a><\/p>\n","protected":false},"excerpt":{"rendered":"<p>800 gramu Iberijas c\u016bkga\u013cas muguras fileja, kas barota ar 50% dzelk\u0161\u0146u - FILI, ir gard\u0113\u017eu delikatese, kas gatavota no t\u012br\u0161\u0137irnes Iberijas c\u016bk\u0101m, kuras audz\u0113tas savva\u013c\u0101 un barotas ar dzelk\u0161\u0146iem. \u0160is amatnieciskais process un r\u016bp\u012bga konserv\u0113\u0161ana nodro\u0161ina nep\u0101rsp\u0113jamu gar\u0161u un sul\u012bgu konsistenci. Ide\u0101li piem\u0113rots Ib\u0113rijas re\u0123iona produktu cien\u012bt\u0101jiem, un tas ir bag\u0101ts ar vesel\u012bg\u0101m tauksk\u0101b\u0113m. Lai [&hellip;]<\/p>\n","protected":false},"featured_media":18990,"template":"","meta":{"_et_pb_use_builder":"","_et_pb_old_content":"","_et_gb_content_width":""},"product_brand":[],"product_cat":[2275,2274],"product_tag":[],"class_list":{"0":"post-18988","1":"product","2":"type-product","3":"status-publish","4":"has-post-thumbnail","6":"product_cat-desa","7":"product_cat-siers-un-desa","9":"first","10":"outofstock","11":"taxable","12":"shipping-taxable","13":"purchasable","14":"product-type-simple"},"_links":{"self":[{"href":"https:\/\/myspainfood.com\/lv\/wp-json\/wp\/v2\/product\/18988","targetHints":{"allow":["GET"]}}],"collection":[{"href":"https:\/\/myspainfood.com\/lv\/wp-json\/wp\/v2\/product"}],"about":[{"href":"https:\/\/myspainfood.com\/lv\/wp-json\/wp\/v2\/types\/product"}],"wp:featuredmedia":[{"embeddable":true,"href":"https:\/\/myspainfood.com\/lv\/wp-json\/wp\/v2\/media\/18990"}],"wp:attachment":[{"href":"https:\/\/myspainfood.com\/lv\/wp-json\/wp\/v2\/media?parent=18988"}],"wp:term":[{"taxonomy":"product_brand","embeddable":true,"href":"https:\/\/myspainfood.com\/lv\/wp-json\/wp\/v2\/product_brand?post=18988"},{"taxonomy":"product_cat","embeddable":true,"href":"https:\/\/myspainfood.com\/lv\/wp-json\/wp\/v2\/product_cat?post=18988"},{"taxonomy":"product_tag","embeddable":true,"href":"https:\/\/myspainfood.com\/lv\/wp-json\/wp\/v2\/product_tag?post=18988"}],"curies":[{"name":"wp","href":"https:\/\/api.w.org\/{rel}","templated":true}]}}