{"id":19029,"date":"2025-04-10T12:16:39","date_gmt":"2025-04-10T10:16:39","guid":{"rendered":"https:\/\/myspainfood.com\/producto\/veseli-ipasi-grauzdeti-piquillo-pipari-la-joya-del-valle-320gr\/"},"modified":"2026-01-30T14:22:18","modified_gmt":"2026-01-30T13:22:18","slug":"veseli-ipasi-grauzdeti-piquillo-pipari-la-joya-del-valle-320gr","status":"publish","type":"product","link":"https:\/\/myspainfood.com\/lv\/producto\/veseli-ipasi-grauzdeti-piquillo-pipari-la-joya-del-valle-320gr\/","title":{"rendered":"Veseli \u012bpa\u0161i grauzd\u0113ti Piquillo pipari La joya del valle 320gr"},"content":{"rendered":"<p>Sast\u0101vda\u013cas: <\/p>\n<p> P\u0113c atv\u0113r\u0161anas uzglab\u0101t ledusskap\u012b un pat\u0113r\u0113t v\u0113lams 5 dienu laik\u0101<\/p>\n<p>Mums ir augst\u0101k\u0101 kvalit\u0101te par lab\u0101ko cenu.<\/p>\n<p>Rakstiet mums, lai ieg\u016btu vair\u0101k inform\u0101cijas vai ja jums ir k\u0101di jaut\u0101jumi par \u0161o vai jebkuru citu produktu m\u016bsu katalog\u0101.<\/p>\n","protected":false},"excerpt":{"rendered":"<p>Sast\u0101vda\u013cas: P\u0113c atv\u0113r\u0161anas uzglab\u0101t ledusskap\u012b un pat\u0113r\u0113t v\u0113lams 5 dienu laik\u0101 Mums ir augst\u0101k\u0101 kvalit\u0101te par lab\u0101ko cenu. Rakstiet mums, lai ieg\u016btu vair\u0101k inform\u0101cijas vai ja jums ir k\u0101di jaut\u0101jumi par \u0161o vai jebkuru citu produktu m\u016bsu katalog\u0101.<\/p>\n","protected":false},"featured_media":19035,"template":"","meta":{"_et_pb_use_builder":"","_et_pb_old_content":"","_et_gb_content_width":""},"product_brand":[1129],"product_cat":[2335,1963],"product_tag":[2336,2337],"class_list":{"0":"post-19029","1":"product","2":"type-product","3":"status-publish","4":"has-post-thumbnail","6":"product_brand-mateo","7":"product_cat-pipari","8":"product_cat-saglaba","9":"product_tag-cepts","10":"product_tag-pipari","12":"first","13":"outofstock","14":"featured","15":"taxable","16":"shipping-taxable","17":"product-type-variable"},"_links":{"self":[{"href":"https:\/\/myspainfood.com\/lv\/wp-json\/wp\/v2\/product\/19029","targetHints":{"allow":["GET"]}}],"collection":[{"href":"https:\/\/myspainfood.com\/lv\/wp-json\/wp\/v2\/product"}],"about":[{"href":"https:\/\/myspainfood.com\/lv\/wp-json\/wp\/v2\/types\/product"}],"wp:featuredmedia":[{"embeddable":true,"href":"https:\/\/myspainfood.com\/lv\/wp-json\/wp\/v2\/media\/19035"}],"wp:attachment":[{"href":"https:\/\/myspainfood.com\/lv\/wp-json\/wp\/v2\/media?parent=19029"}],"wp:term":[{"taxonomy":"product_brand","embeddable":true,"href":"https:\/\/myspainfood.com\/lv\/wp-json\/wp\/v2\/product_brand?post=19029"},{"taxonomy":"product_cat","embeddable":true,"href":"https:\/\/myspainfood.com\/lv\/wp-json\/wp\/v2\/product_cat?post=19029"},{"taxonomy":"product_tag","embeddable":true,"href":"https:\/\/myspainfood.com\/lv\/wp-json\/wp\/v2\/product_tag?post=19029"}],"curies":[{"name":"wp","href":"https:\/\/api.w.org\/{rel}","templated":true}]}}