{"id":19125,"date":"2025-04-10T12:16:39","date_gmt":"2025-04-10T10:16:39","guid":{"rendered":"https:\/\/myspainfood.com\/producto\/extra-virgin-olivella-viejo-olivar-5-litri-cazorla-jaen\/"},"modified":"2026-01-29T12:36:20","modified_gmt":"2026-01-29T11:36:20","slug":"extra-virgin-olivella-viejo-olivar-5-litri-cazorla-jaen","status":"publish","type":"product","link":"https:\/\/myspainfood.com\/lv\/producto\/extra-virgin-olivella-viejo-olivar-5-litri-cazorla-jaen\/","title":{"rendered":"Extra virgin ol\u012bve\u013c\u013ca Viejo Olivar 5 litri Cazorla Ja\u00e9n"},"content":{"rendered":"<p><strong>Neapstr\u0101d\u0101ta augst\u0101k\u0101 labuma ol\u012bve\u013c\u013ca<\/strong> no H\u0101enas ir viens no Sp\u0101nijas gastronomijas zvaig\u017e\u0146u produktiem, k\u0101 ar\u012b m\u016bsu iepaz\u012bstin\u0101\u0161anas v\u0113stule vis\u0101 pasaul\u0113. Ieg\u0101d\u0101joties ol\u012bve\u013c\u013cu, j\u016bs ieg\u0101d\u0101jaties izcilu produktu, jo t\u0101 ir neticami labv\u0113l\u012bga vesel\u012bbai. Turkl\u0101t t\u0101 ir Vidusj\u016bras re\u0123iona di\u0113tas pamatsast\u0101vda\u013ca, sast\u0101vda\u013ca, kuras nedr\u012bkst tr\u016bkt nevien\u0101 sevi cieno\u0161\u0101 virtuv\u0113.  <\/p>\n<p>Ol\u012bve\u013c\u013cu vid\u016b neapstr\u0101d\u0101ta augst\u0101k\u0101 labuma ol\u012bve\u013c\u013ca ir visizcil\u0101k\u0101 ar savu gar\u0161u, arom\u0101tu un labv\u0113l\u012bgo ietekmi uz organismu. T\u0101 ir bag\u0101ta ar A, D, E un K vitam\u012bniem, nov\u0113r\u0161 holester\u012bna uzkr\u0101\u0161an\u0101s risku, uzlabo asinsspiedienu un veicina zarnu tranz\u012btu. Visu \u0161o iemeslu d\u0113\u013c neapstr\u0101d\u0101tas augst\u0101k\u0101 labuma ol\u012bve\u013c\u013cas ieg\u0101de vienm\u0113r b\u016bs vislab\u0101k\u0101 izv\u0113le j\u016bsu vesel\u012bbai un gar\u0161as k\u0101rpi\u0146\u0101m.  <\/p>\n<p>M\u0113s lepojamies ar to, ka esam liel\u0101kie ol\u012bve\u013c\u013cas ra\u017eot\u0101ji pasaul\u0113, un neapstr\u0101d\u0101ta augst\u0101k\u0101 labuma ol\u012bve\u013c\u013ca, kas ieg\u016bta m\u016bsu zem\u0113, neap\u0161aub\u0101mi ir vispaz\u012bstam\u0101k\u0101 gan valsts, gan starptautisk\u0101 m\u0113rog\u0101, un t\u0101 ir augst\u0101k\u0101s kvalit\u0101tes ol\u012bve\u013c\u013ca, ko var ieg\u0101d\u0101ties.<\/p>\n","protected":false},"excerpt":{"rendered":"<p>Neapstr\u0101d\u0101ta augst\u0101k\u0101 labuma ol\u012bve\u013c\u013ca no H\u0101enas ir viens no Sp\u0101nijas gastronomijas zvaig\u017e\u0146u produktiem, k\u0101 ar\u012b m\u016bsu iepaz\u012bstin\u0101\u0161anas v\u0113stule vis\u0101 pasaul\u0113. Ieg\u0101d\u0101joties ol\u012bve\u013c\u013cu, j\u016bs ieg\u0101d\u0101jaties izcilu produktu, jo t\u0101 ir neticami labv\u0113l\u012bga vesel\u012bbai. Turkl\u0101t t\u0101 ir Vidusj\u016bras re\u0123iona di\u0113tas pamatsast\u0101vda\u013ca, sast\u0101vda\u013ca, kuras nedr\u012bkst tr\u016bkt nevien\u0101 sevi cieno\u0161\u0101 virtuv\u0113. Ol\u012bve\u013c\u013cu vid\u016b neapstr\u0101d\u0101ta augst\u0101k\u0101 labuma ol\u012bve\u013c\u013ca ir visizcil\u0101k\u0101 [&hellip;]<\/p>\n","protected":false},"featured_media":18875,"template":"","meta":{"_et_pb_use_builder":"","_et_pb_old_content":"","_et_gb_content_width":""},"product_brand":[1221],"product_cat":[2235,2236],"product_tag":[2237],"class_list":{"0":"post-19125","1":"product","2":"type-product","3":"status-publish","4":"has-post-thumbnail","6":"product_brand-valdezarza","7":"product_cat-ella","8":"product_cat-extra-virgin-olivu","9":"product_tag-ella","11":"first","12":"outofstock","13":"featured","14":"taxable","15":"shipping-taxable","16":"product-type-variable"},"_links":{"self":[{"href":"https:\/\/myspainfood.com\/lv\/wp-json\/wp\/v2\/product\/19125","targetHints":{"allow":["GET"]}}],"collection":[{"href":"https:\/\/myspainfood.com\/lv\/wp-json\/wp\/v2\/product"}],"about":[{"href":"https:\/\/myspainfood.com\/lv\/wp-json\/wp\/v2\/types\/product"}],"wp:featuredmedia":[{"embeddable":true,"href":"https:\/\/myspainfood.com\/lv\/wp-json\/wp\/v2\/media\/18875"}],"wp:attachment":[{"href":"https:\/\/myspainfood.com\/lv\/wp-json\/wp\/v2\/media?parent=19125"}],"wp:term":[{"taxonomy":"product_brand","embeddable":true,"href":"https:\/\/myspainfood.com\/lv\/wp-json\/wp\/v2\/product_brand?post=19125"},{"taxonomy":"product_cat","embeddable":true,"href":"https:\/\/myspainfood.com\/lv\/wp-json\/wp\/v2\/product_cat?post=19125"},{"taxonomy":"product_tag","embeddable":true,"href":"https:\/\/myspainfood.com\/lv\/wp-json\/wp\/v2\/product_tag?post=19125"}],"curies":[{"name":"wp","href":"https:\/\/api.w.org\/{rel}","templated":true}]}}