{"id":19215,"date":"2025-04-10T12:16:41","date_gmt":"2025-04-10T10:16:41","guid":{"rendered":"https:\/\/myspainfood.com\/producto\/iberijas-cebo-huelvas-skinkis-sn-finca-6-kg-aptuveni\/"},"modified":"2026-01-30T14:27:13","modified_gmt":"2026-01-30T13:27:13","slug":"iberijas-cebo-huelvas-skinkis-sn-finca-6-kg-aptuveni","status":"publish","type":"product","link":"https:\/\/myspainfood.com\/lv\/producto\/iberijas-cebo-huelvas-skinkis-sn-finca-6-kg-aptuveni\/","title":{"rendered":"Iberijas Cebo Huelvas \u0161\u0137i\u0146\u0137is - SN Finca - 6 kg (aptuveni)"},"content":{"rendered":"<p>Iberijas Cebo Huelva \u0161\u0137i\u0146\u0137is - SN Finca - 6 kg ir izcilas kvalit\u0101tes \u0161\u0137i\u0146\u0137is, kas izkalt\u0113ts Huelvas dab\u012bgaj\u0101s kalt\u0113tav\u0101s, izmantojot tradicion\u0101lo kalt\u0113\u0161anas procesu, kas pie\u0161\u0137ir \u0161\u0137i\u0146\u0137im rakstur\u012bgo arom\u0101tu un labi zin\u0101mo gar\u0161u. \u0160\u012b r\u016bp\u012bba padara \u0161o \u0161\u0137i\u0146\u0137i par baud\u012bjumu Iberijas \u0161\u0137i\u0146\u0137a cien\u012bt\u0101jiem.<\/p>\n<h3><strong>Iberijas Cebo Huelva \u0161\u0137i\u0146\u0137a \u012bpa\u0161\u012bbas<\/strong><\/h3>\n<ol>\n<li><strong>Garant\u0113ta izcelsme<\/strong>\n<p>\u0160is \u0161\u0137i\u0146\u0137is tiek ra\u017eots Huelv\u0101, re\u0123ion\u0101, kas vis\u0101 pasaul\u0113 ir slavens ar savu ide\u0101lo klimatu \u0161\u0137i\u0146\u0137a konserv\u0113\u0161anai. Sierra de Huelva nodro\u0161ina perfektu mitruma un temperat\u016bras l\u012bdzsvaru, t\u0101d\u0113j\u0101di ieg\u016bstot \u0161\u0137i\u0146\u0137i ar optim\u0101lu konserv\u0113\u0161anas procesu. <\/li>\n<li><strong>Sertific\u0113ta kvalit\u0101te<\/strong>\n<p>Katrs izstr\u0101d\u0101jums atbilst stingrai kvalit\u0101tes kontrolei. SN Finca garant\u0113 izsekojamu izcelsmi, nodro\u0161inot, ka pat\u0113r\u0113t\u0101js sa\u0146em lab\u0101ko no Ib\u0113rijas trad\u012bcij\u0101m. <\/li>\n<li><strong>Ilgsto\u0161a konserv\u0113\u0161ana<\/strong>\n<p>\u0160is \u0161\u0137i\u0146\u0137is, kas tiek konserv\u0113ts aptuveni 24 m\u0113ne\u0161us, ieg\u016bst sare\u017e\u0123\u012btu gar\u0161u un unik\u0101lu arom\u0101tu, kas valdzina saj\u016btas jau no pirm\u0101 griezuma.<\/li>\n<li><strong>Ide\u0101ls svars<\/strong>\n<p>\u0160is \u0161\u0137i\u0146\u0137is, kura <strong>aptuvenais svars<\/strong> ir <strong>6 kg,<\/strong> ir lieliski piem\u0113rots \u0123imen\u0113m un \u012bpa\u0161\u0101m svin\u012bb\u0101m, pied\u0101v\u0101jot lielisku kvalit\u0101tes un daudzuma attiec\u012bbu.<\/li>\n<li><strong>Izcila prezent\u0101cija<\/strong>\n<p>T\u0101 griezum\u0101 atkl\u0101jas rakstur\u012bga marmor\u0113\u0161ana, kas ir nep\u0101rprotama t\u0101 kvalit\u0101tes paz\u012bme. L\u012bdzsvars starp ies\u016bktajiem taukiem un ga\u013cu nodro\u0161ina neatk\u0101rtojamu gar\u0161as baud\u012bjumu katr\u0101 \u0161\u0137\u0113l\u0113. <\/li>\n<\/ol>\n<p>J\u016bs varat apl\u016bkot m\u016bsu desu kl\u0101stu, <a href=\"https:\/\/latiendadesami.com\/categoria-producto\/queso-embutido\/\" target=\"_blank\" rel=\"noopener noreferrer nofollow\">kur\u0101<\/a> atrad\u012bsiet gard\u0113\u017eu produktus, kas lieliski piem\u0113roti baud\u012b\u0161anai kop\u0101 ar \u0123imeni un draugiem.<\/p>\n","protected":false},"excerpt":{"rendered":"<p>Iberijas Cebo Huelva \u0161\u0137i\u0146\u0137is - SN Finca - 6 kg ir izcilas kvalit\u0101tes \u0161\u0137i\u0146\u0137is, kas izkalt\u0113ts Huelvas dab\u012bgaj\u0101s kalt\u0113tav\u0101s, izmantojot tradicion\u0101lo kalt\u0113\u0161anas procesu, kas pie\u0161\u0137ir \u0161\u0137i\u0146\u0137im rakstur\u012bgo arom\u0101tu un labi zin\u0101mo gar\u0161u. \u0160\u012b r\u016bp\u012bba padara \u0161o \u0161\u0137i\u0146\u0137i par baud\u012bjumu Iberijas \u0161\u0137i\u0146\u0137a cien\u012bt\u0101jiem. Iberijas Cebo Huelva \u0161\u0137i\u0146\u0137a \u012bpa\u0161\u012bbas Garant\u0113ta izcelsme \u0160is \u0161\u0137i\u0146\u0137is tiek ra\u017eots Huelv\u0101, re\u0123ion\u0101, [&hellip;]<\/p>\n","protected":false},"featured_media":19217,"template":"","meta":{"_et_pb_use_builder":"","_et_pb_old_content":"","_et_gb_content_width":""},"product_brand":[],"product_cat":[8043],"product_tag":[],"class_list":{"0":"post-19215","1":"product","2":"type-product","3":"status-publish","4":"has-post-thumbnail","6":"product_cat-testesanas-kategorija","8":"first","9":"outofstock","10":"taxable","11":"shipping-taxable","12":"purchasable","13":"product-type-simple"},"_links":{"self":[{"href":"https:\/\/myspainfood.com\/lv\/wp-json\/wp\/v2\/product\/19215","targetHints":{"allow":["GET"]}}],"collection":[{"href":"https:\/\/myspainfood.com\/lv\/wp-json\/wp\/v2\/product"}],"about":[{"href":"https:\/\/myspainfood.com\/lv\/wp-json\/wp\/v2\/types\/product"}],"wp:featuredmedia":[{"embeddable":true,"href":"https:\/\/myspainfood.com\/lv\/wp-json\/wp\/v2\/media\/19217"}],"wp:attachment":[{"href":"https:\/\/myspainfood.com\/lv\/wp-json\/wp\/v2\/media?parent=19215"}],"wp:term":[{"taxonomy":"product_brand","embeddable":true,"href":"https:\/\/myspainfood.com\/lv\/wp-json\/wp\/v2\/product_brand?post=19215"},{"taxonomy":"product_cat","embeddable":true,"href":"https:\/\/myspainfood.com\/lv\/wp-json\/wp\/v2\/product_cat?post=19215"},{"taxonomy":"product_tag","embeddable":true,"href":"https:\/\/myspainfood.com\/lv\/wp-json\/wp\/v2\/product_tag?post=19215"}],"curies":[{"name":"wp","href":"https:\/\/api.w.org\/{rel}","templated":true}]}}