{"id":19248,"date":"2025-04-10T12:16:46","date_gmt":"2025-04-10T10:16:46","guid":{"rendered":"https:\/\/myspainfood.com\/producto\/1-a-dala-ansovi-un-ansovi-picarpicar\/"},"modified":"2026-01-13T13:52:26","modified_gmt":"2026-01-13T12:52:26","slug":"1-a-dala-ansovi-un-ansovi-picarpicar","status":"publish","type":"product","link":"https:\/\/myspainfood.com\/lv\/producto\/1-a-dala-ansovi-un-ansovi-picarpicar\/","title":{"rendered":"1.a da\u013ca - an\u0161ovi un an\u0161ovi Picar&amp;Picar"},"content":{"rendered":"<p>1.A LOTE: izcilas kvalit\u0101tes zivju konservi, partija, kur\u0101 ietilpst: An\u0161ovu fileja tripak\u0101 120gr (3 gab.), Kantabrijas an\u0161ovu fileja 120gr (1 gab.), An\u0161ovu fileja e\u013c\u013c\u0101 200gr (1 gab.), An\u0161ovu fileja eti\u0137\u012b 200gr (1 gab.), An\u0161ovu fileja \u0137iplokos un p\u0113ters\u012b\u013cos 200gr (1 gab.) un An\u0161ovu biks\u012btes 220gr (1 gab.).<\/p>\n<p>SAST\u0100VDA\u013bAS:<\/p>\n<ul>\n<li>An\u0161ovu fileja:<\/li>\n<\/ul>\n<p>Tr\u012bspakete 120 gr: 3 gab.<\/p>\n<ul>\n<li>An\u0161ovu fileja no Biskajas l\u012b\u010da:<\/li>\n<\/ul>\n<p>Papl\u0101te 120 gr: 1 gab.<\/p>\n<ul>\n<li>An\u0161ovu fileja e\u013c\u013c\u0101:<\/li>\n<\/ul>\n<p>Papl\u0101te 200 gr: 1 gab.<\/p>\n<ul>\n<li>An\u0161ovu fileja eti\u0137\u012b:<\/li>\n<\/ul>\n<p>Papl\u0101te 200 gr: 1 gab.<\/p>\n<ul>\n<li>An\u0161ovu fileja ar gar\u0161viel\u0101m (\u0137iplokiem un p\u0113ters\u012b\u013ciem):<\/li>\n<\/ul>\n<p>Papl\u0101te 200 gr: 1 gab.<\/p>\n<ul>\n<li>Banderilla de boquer\u00f3n:<\/li>\n<\/ul>\n<p>Papl\u0101te 220 gr: 1 gab.<\/p>\n","protected":false},"excerpt":{"rendered":"<p>1.A LOTE: izcilas kvalit\u0101tes zivju konservi, partija, kur\u0101 ietilpst: An\u0161ovu fileja tripak\u0101 120gr (3 gab.), Kantabrijas an\u0161ovu fileja 120gr (1 gab.), An\u0161ovu fileja e\u013c\u013c\u0101 200gr (1 gab.), An\u0161ovu fileja eti\u0137\u012b 200gr (1 gab.), An\u0161ovu fileja \u0137iplokos un p\u0113ters\u012b\u013cos 200gr (1 gab.) un An\u0161ovu biks\u012btes 220gr (1 gab.). SAST\u0100VDA\u013bAS: An\u0161ovu fileja: Tr\u012bspakete 120 gr: 3 gab. [&hellip;]<\/p>\n","protected":false},"featured_media":19250,"template":"","meta":{"_et_pb_use_builder":"","_et_pb_old_content":"","_et_gb_content_width":""},"product_brand":[1127],"product_cat":[1904,1821],"product_tag":[],"class_list":{"0":"post-19248","1":"product","2":"type-product","3":"status-publish","4":"has-post-thumbnail","6":"product_brand-picarpicar","7":"product_cat-ansovi-lv","8":"product_cat-cold","9":"product_shipping_class-aukstuma-sutijums","11":"first","12":"outofstock","13":"taxable","14":"shipping-taxable","15":"purchasable","16":"product-type-simple"},"_links":{"self":[{"href":"https:\/\/myspainfood.com\/lv\/wp-json\/wp\/v2\/product\/19248","targetHints":{"allow":["GET"]}}],"collection":[{"href":"https:\/\/myspainfood.com\/lv\/wp-json\/wp\/v2\/product"}],"about":[{"href":"https:\/\/myspainfood.com\/lv\/wp-json\/wp\/v2\/types\/product"}],"wp:featuredmedia":[{"embeddable":true,"href":"https:\/\/myspainfood.com\/lv\/wp-json\/wp\/v2\/media\/19250"}],"wp:attachment":[{"href":"https:\/\/myspainfood.com\/lv\/wp-json\/wp\/v2\/media?parent=19248"}],"wp:term":[{"taxonomy":"product_brand","embeddable":true,"href":"https:\/\/myspainfood.com\/lv\/wp-json\/wp\/v2\/product_brand?post=19248"},{"taxonomy":"product_cat","embeddable":true,"href":"https:\/\/myspainfood.com\/lv\/wp-json\/wp\/v2\/product_cat?post=19248"},{"taxonomy":"product_tag","embeddable":true,"href":"https:\/\/myspainfood.com\/lv\/wp-json\/wp\/v2\/product_tag?post=19248"}],"curies":[{"name":"wp","href":"https:\/\/api.w.org\/{rel}","templated":true}]}}