{"id":19321,"date":"2025-04-10T12:16:48","date_gmt":"2025-04-10T10:16:48","guid":{"rendered":"https:\/\/myspainfood.com\/producto\/partija-1d-chop-chop\/"},"modified":"2026-01-13T13:52:49","modified_gmt":"2026-01-13T12:52:49","slug":"partija-1d-chop-chop","status":"publish","type":"product","link":"https:\/\/myspainfood.com\/lv\/producto\/partija-1d-chop-chop\/","title":{"rendered":"partija 1d Chop &amp; Chop"},"content":{"rendered":"<p>1D DA\u013bA: augst\u0101k\u0101s kvalit\u0101tes zivju konservi, partija, kur\u0101 ietilpst: An\u0161ovu fileja e\u013c\u013c\u0101 200 gr (1 gab.), An\u0161ovu fileja eti\u0137\u012b 200 gr (1 gab.), An\u0161ovu fileja \u0137iplokos un p\u0113ters\u012b\u013cos 200 gr (1 gab.), An\u0161ovu karodzi\u0146\u0161 220 gr (3 gab.), Si\u013c\u0137u fileja 220 gr (1 gab.) un Si\u013c\u0137u fileja ar ol\u012bv\u0113m 220 gr (1 gab.).<\/p>\n<p>SAST\u0100VDA\u013bAS:<\/p>\n<ul>\n<li>An\u0161ovu fileja e\u013c\u013c\u0101:<\/li>\n<\/ul>\n<p>Papl\u0101te 200 gr: 1 gab.<\/p>\n<ul>\n<li>An\u0161ovu fileja eti\u0137\u012b:<\/li>\n<\/ul>\n<p>Papl\u0101te 200 gr: 1 gab.<\/p>\n<ul>\n<li>An\u0161ovu fileja ar gar\u0161viel\u0101m (\u0137iplokiem un p\u0113ters\u012b\u013ciem):<\/li>\n<\/ul>\n<p>Papl\u0101te 200 gr: 1 gab.<\/p>\n<ul>\n<li>Banderilla de boquer\u00f3n:<\/li>\n<\/ul>\n<p>Papl\u0101te 220 gr: 3 gab.<\/p>\n<ul>\n<li>Si\u013c\u0137u fileja:<\/li>\n<\/ul>\n<p>Papl\u0101te 220 gr: 1 gab.<\/p>\n<ul>\n<li>Si\u013c\u0137u filejas ar ol\u012bv\u0101m:<\/li>\n<\/ul>\n<p>Papl\u0101te 220 gr: 1 gab.<\/p>\n","protected":false},"excerpt":{"rendered":"<p>1D DA\u013bA: augst\u0101k\u0101s kvalit\u0101tes zivju konservi, partija, kur\u0101 ietilpst: An\u0161ovu fileja e\u013c\u013c\u0101 200 gr (1 gab.), An\u0161ovu fileja eti\u0137\u012b 200 gr (1 gab.), An\u0161ovu fileja \u0137iplokos un p\u0113ters\u012b\u013cos 200 gr (1 gab.), An\u0161ovu karodzi\u0146\u0161 220 gr (3 gab.), Si\u013c\u0137u fileja 220 gr (1 gab.) un Si\u013c\u0137u fileja ar ol\u012bv\u0113m 220 gr (1 gab.). SAST\u0100VDA\u013bAS: An\u0161ovu [&hellip;]<\/p>\n","protected":false},"featured_media":19323,"template":"","meta":{"_et_pb_use_builder":"","_et_pb_old_content":"","_et_gb_content_width":""},"product_brand":[1127],"product_cat":[1904,1821],"product_tag":[],"class_list":{"0":"post-19321","1":"product","2":"type-product","3":"status-publish","4":"has-post-thumbnail","6":"product_brand-picarpicar","7":"product_cat-ansovi-lv","8":"product_cat-cold","9":"product_shipping_class-aukstuma-sutijums","11":"first","12":"outofstock","13":"taxable","14":"shipping-taxable","15":"purchasable","16":"product-type-simple"},"_links":{"self":[{"href":"https:\/\/myspainfood.com\/lv\/wp-json\/wp\/v2\/product\/19321","targetHints":{"allow":["GET"]}}],"collection":[{"href":"https:\/\/myspainfood.com\/lv\/wp-json\/wp\/v2\/product"}],"about":[{"href":"https:\/\/myspainfood.com\/lv\/wp-json\/wp\/v2\/types\/product"}],"wp:featuredmedia":[{"embeddable":true,"href":"https:\/\/myspainfood.com\/lv\/wp-json\/wp\/v2\/media\/19323"}],"wp:attachment":[{"href":"https:\/\/myspainfood.com\/lv\/wp-json\/wp\/v2\/media?parent=19321"}],"wp:term":[{"taxonomy":"product_brand","embeddable":true,"href":"https:\/\/myspainfood.com\/lv\/wp-json\/wp\/v2\/product_brand?post=19321"},{"taxonomy":"product_cat","embeddable":true,"href":"https:\/\/myspainfood.com\/lv\/wp-json\/wp\/v2\/product_cat?post=19321"},{"taxonomy":"product_tag","embeddable":true,"href":"https:\/\/myspainfood.com\/lv\/wp-json\/wp\/v2\/product_tag?post=19321"}],"curies":[{"name":"wp","href":"https:\/\/api.w.org\/{rel}","templated":true}]}}