{"id":19420,"date":"2025-04-10T12:16:30","date_gmt":"2025-04-10T10:16:30","guid":{"rendered":"https:\/\/myspainfood.com\/producto\/100-iberijas-cukgalas-muguras-fileja-kas-barota-ar-akordeoniem-fili-500-gr\/"},"modified":"2026-01-29T13:11:39","modified_gmt":"2026-01-29T12:11:39","slug":"100-iberijas-cukgalas-muguras-fileja-kas-barota-ar-akordeoniem-fili-500-gr","status":"publish","type":"product","link":"https:\/\/myspainfood.com\/lv\/producto\/100-iberijas-cukgalas-muguras-fileja-kas-barota-ar-akordeoniem-fili-500-gr\/","title":{"rendered":"100% Ib\u0113rijas c\u016bkga\u013cas muguras fileja, kas barota ar akordeoniem - FILI - 500 gr"},"content":{"rendered":"<h3>100% Ib\u0113rijas c\u016bkga\u013cas muguras fileja, kas barota ar akordeoniem - FILI - 800 gr<\/h3>\n<p>Ar <strong>100% Ib\u0113rijas c\u016bkga\u013cas muguras fileja, kas barota ar dzelk\u0161\u0146iem, - FILI<\/strong> 800 g ir gard\u0113\u017eu delikatese, kas gatavota no t\u012br\u0161\u0137irnes Ib\u0113rijas c\u016bk\u0101m, kuras audz\u0113tas savva\u013c\u0101 un barotas ar dzelk\u0161\u0146iem. \u0160is amatnieciskais process kop\u0101 ar r\u016bp\u012bgu konserv\u0113\u0161anu nodro\u0161ina nep\u0101rsp\u0113jamu gar\u0161u un sul\u012bgu konsistenci. Ide\u0101li piem\u0113rots Ib\u0113rijas re\u0123iona produktu cien\u012bt\u0101jiem, un tas ir bag\u0101ts ar vesel\u012bg\u0101m tauksk\u0101b\u0113m.  <\/p>\n<p>Lai uzzin\u0101tu vair\u0101k par Iberijas produktu lieto\u0161anas priek\u0161roc\u012bb\u0101m, apmekl\u0113jiet vietni <a href=\"https:\/\/www.jamonlovers.es\" target=\"_new\" rel=\"noopener noreferrer nofollow\" target=\"_blank\">Jam\u00f3n Lovers<\/a>.<\/p>\n<p>Atkl\u0101jiet vair\u0101k iesp\u0113ju m\u016bsu kategorij\u0101s <a href=\"https:\/\/latiendadesami.com\/categoria-producto\/queso-embutido\/\" target=\"_blank\" rel=\"noopener noreferrer nofollow\"><span style=\"color: #2ea3f2;\">Desas<\/span><\/a><\/p>\n","protected":false},"excerpt":{"rendered":"<p>100% Ib\u0113rijas c\u016bkga\u013cas muguras fileja, kas barota ar akordeoniem - FILI - 800 gr Ar 100% Ib\u0113rijas c\u016bkga\u013cas muguras fileja, kas barota ar dzelk\u0161\u0146iem, - FILI 800 g ir gard\u0113\u017eu delikatese, kas gatavota no t\u012br\u0161\u0137irnes Ib\u0113rijas c\u016bk\u0101m, kuras audz\u0113tas savva\u013c\u0101 un barotas ar dzelk\u0161\u0146iem. \u0160is amatnieciskais process kop\u0101 ar r\u016bp\u012bgu konserv\u0113\u0161anu nodro\u0161ina nep\u0101rsp\u0113jamu gar\u0161u un [&hellip;]<\/p>\n","protected":false},"featured_media":19422,"template":"","meta":{"_et_pb_use_builder":"","_et_pb_old_content":"","_et_gb_content_width":""},"product_brand":[1388],"product_cat":[2275,2274],"product_tag":[],"class_list":{"0":"post-19420","1":"product","2":"type-product","3":"status-publish","4":"has-post-thumbnail","6":"product_brand-fili","7":"product_cat-desa","8":"product_cat-siers-un-desa","10":"first","11":"outofstock","12":"taxable","13":"shipping-taxable","14":"purchasable","15":"product-type-simple"},"_links":{"self":[{"href":"https:\/\/myspainfood.com\/lv\/wp-json\/wp\/v2\/product\/19420","targetHints":{"allow":["GET"]}}],"collection":[{"href":"https:\/\/myspainfood.com\/lv\/wp-json\/wp\/v2\/product"}],"about":[{"href":"https:\/\/myspainfood.com\/lv\/wp-json\/wp\/v2\/types\/product"}],"wp:featuredmedia":[{"embeddable":true,"href":"https:\/\/myspainfood.com\/lv\/wp-json\/wp\/v2\/media\/19422"}],"wp:attachment":[{"href":"https:\/\/myspainfood.com\/lv\/wp-json\/wp\/v2\/media?parent=19420"}],"wp:term":[{"taxonomy":"product_brand","embeddable":true,"href":"https:\/\/myspainfood.com\/lv\/wp-json\/wp\/v2\/product_brand?post=19420"},{"taxonomy":"product_cat","embeddable":true,"href":"https:\/\/myspainfood.com\/lv\/wp-json\/wp\/v2\/product_cat?post=19420"},{"taxonomy":"product_tag","embeddable":true,"href":"https:\/\/myspainfood.com\/lv\/wp-json\/wp\/v2\/product_tag?post=19420"}],"curies":[{"name":"wp","href":"https:\/\/api.w.org\/{rel}","templated":true}]}}