{"id":19792,"date":"2025-04-10T12:16:17","date_gmt":"2025-04-10T10:16:17","guid":{"rendered":"https:\/\/myspainfood.com\/producto\/kupinats-norvegu-lasis-port-faroe-600-g\/"},"modified":"2026-01-30T14:33:20","modified_gmt":"2026-01-30T13:33:20","slug":"kupinats-norvegu-lasis-port-faroe-600-g","status":"publish","type":"product","link":"https:\/\/myspainfood.com\/lv\/producto\/kupinats-norvegu-lasis-port-faroe-600-g\/","title":{"rendered":"K\u016bpin\u0101ts norv\u0113\u0123u lasis - Port Faroe - 600 g"},"content":{"rendered":"<h3><strong>K\u016bpin\u0101ts norv\u0113\u0123u lasis - Port Faroe - 600 g<\/strong><\/h3>\n<p><strong>  Tagad j\u016bs varat izbaud\u012bt augst\u0101k\u0101s kvalit\u0101tes la\u0161a svaigumu un kvalit\u0101ti.<\/strong><\/p>\n<p><strong>K\u016bpin\u0101ts Norv\u0113\u0123ijas lasis - Port Faroe<\/strong> apvieno trad\u012bcijas un gar\u0161u, ide\u0101li piem\u0113rots gard\u0113\u017eu recept\u0113m. Tas ieg\u016bts no krist\u0101ldzidrajiem \u016bde\u0146iem, un t\u0101 k\u016bpin\u0101\u0161anas gar\u0161a ir maiga un sabalans\u0113ta. <\/p>\n<h4><strong>Galvenie ieguvumi:<\/strong><\/h4>\n<ul>\n<li><strong>Sertific\u0113ta izcelsme<\/strong>: t\u012bri un ilgtsp\u0113j\u012bgi \u016bde\u0146i no Norv\u0113\u0123ijas un Far\u0113ru salu ostas.<\/li>\n<li><strong>Bag\u0101ts ar Omega-3<\/strong>: lieliski piem\u0113rots vesel\u012bgam un sabalans\u0113tam uzturam.<\/li>\n<li><strong>Viegli lietojams<\/strong>: gatavs sal\u0101tiem, su\u0161i vai uzkod\u0101m.<\/li>\n<\/ul>\n<p><strong>Vai jums pat\u012bk gard\u0113\u017eu virtuve? Izp\u0113tiet ar\u012b <a href=\"https:\/\/latiendadesami.com\/\" rel=\"noopener noreferrer nofollow\" target=\"_blank\">citus augst\u0101k\u0101s kvalit\u0101tes produktus m\u016bsu veikal\u0101<\/a>. <\/strong><\/p>\n","protected":false},"excerpt":{"rendered":"<p>K\u016bpin\u0101ts norv\u0113\u0123u lasis - Port Faroe - 600 g Tagad j\u016bs varat izbaud\u012bt augst\u0101k\u0101s kvalit\u0101tes la\u0161a svaigumu un kvalit\u0101ti. K\u016bpin\u0101ts Norv\u0113\u0123ijas lasis - Port Faroe apvieno trad\u012bcijas un gar\u0161u, ide\u0101li piem\u0113rots gard\u0113\u017eu recept\u0113m. Tas ieg\u016bts no krist\u0101ldzidrajiem \u016bde\u0146iem, un t\u0101 k\u016bpin\u0101\u0161anas gar\u0161a ir maiga un sabalans\u0113ta. Galvenie ieguvumi: Sertific\u0113ta izcelsme: t\u012bri un ilgtsp\u0113j\u012bgi \u016bde\u0146i no [&hellip;]<\/p>\n","protected":false},"featured_media":19796,"template":"","meta":{"_et_pb_use_builder":"","_et_pb_old_content":"","_et_gb_content_width":""},"product_brand":[],"product_cat":[8043],"product_tag":[],"class_list":{"0":"post-19792","1":"product","2":"type-product","3":"status-publish","4":"has-post-thumbnail","6":"product_cat-testesanas-kategorija","8":"first","9":"outofstock","10":"taxable","11":"shipping-taxable","12":"product-type-variable"},"_links":{"self":[{"href":"https:\/\/myspainfood.com\/lv\/wp-json\/wp\/v2\/product\/19792","targetHints":{"allow":["GET"]}}],"collection":[{"href":"https:\/\/myspainfood.com\/lv\/wp-json\/wp\/v2\/product"}],"about":[{"href":"https:\/\/myspainfood.com\/lv\/wp-json\/wp\/v2\/types\/product"}],"wp:featuredmedia":[{"embeddable":true,"href":"https:\/\/myspainfood.com\/lv\/wp-json\/wp\/v2\/media\/19796"}],"wp:attachment":[{"href":"https:\/\/myspainfood.com\/lv\/wp-json\/wp\/v2\/media?parent=19792"}],"wp:term":[{"taxonomy":"product_brand","embeddable":true,"href":"https:\/\/myspainfood.com\/lv\/wp-json\/wp\/v2\/product_brand?post=19792"},{"taxonomy":"product_cat","embeddable":true,"href":"https:\/\/myspainfood.com\/lv\/wp-json\/wp\/v2\/product_cat?post=19792"},{"taxonomy":"product_tag","embeddable":true,"href":"https:\/\/myspainfood.com\/lv\/wp-json\/wp\/v2\/product_tag?post=19792"}],"curies":[{"name":"wp","href":"https:\/\/api.w.org\/{rel}","templated":true}]}}