{"id":19996,"date":"2025-04-10T12:16:17","date_gmt":"2025-04-10T10:16:17","guid":{"rendered":"https:\/\/myspainfood.com\/producto\/jelpiena-aitas-siers-flor-esgueva-1-kg\/"},"modified":"2026-01-30T14:35:56","modified_gmt":"2026-01-30T13:35:56","slug":"jelpiena-aitas-siers-flor-esgueva-1-kg","status":"publish","type":"product","link":"https:\/\/myspainfood.com\/lv\/producto\/jelpiena-aitas-siers-flor-esgueva-1-kg\/","title":{"rendered":"J\u0113lpiena aitas siers - Flor Esgueva - 1 kg"},"content":{"rendered":"<h3><strong>J\u0113lpiena aitas piena siers - Flor Esgueva - 1 kg<\/strong><\/h3>\n<p><strong>Neapstr\u0101d\u0101ts aitas piena siers - Flor Esgueva -<\/strong> ir Sp\u0101nijas amatniecisko sieru etalons. Siers, kas gatavots no atlas\u012btu aitu svaigpiena, izce\u013cas ar stingru konsistenci, intens\u012bvu arom\u0101tu un gar\u0161u, kur\u0101 piena notis apvienojas ar lielisku brieduma piegar\u0161u. <\/p>\n<h4><strong>K\u0101p\u0113c izv\u0113l\u0113ties Flor Esgueva<\/strong><\/h4>\n<ul>\n<li><strong>Neapstr\u0101d\u0101ts aitas piens<\/strong>: autentiska gar\u0161a un neskartas dabisk\u0101s \u012bpa\u0161\u012bbas.<\/li>\n<li><strong>Tradicion\u0101l\u0101 nogatavin\u0101\u0161ana<\/strong>: uzlabota pagrabos, lai ieg\u016btu unik\u0101lu gar\u0161as profilu.<\/li>\n<li><strong>Ide\u0101ls izm\u0113rs<\/strong>: lieliski piem\u0113rots koplieto\u0161anai vai izmanto\u0161anai da\u017e\u0101d\u0101s recept\u0113s.<\/li>\n<\/ul>\n","protected":false},"excerpt":{"rendered":"<p>J\u0113lpiena aitas piena siers - Flor Esgueva - 1 kg Neapstr\u0101d\u0101ts aitas piena siers - Flor Esgueva - ir Sp\u0101nijas amatniecisko sieru etalons. Siers, kas gatavots no atlas\u012btu aitu svaigpiena, izce\u013cas ar stingru konsistenci, intens\u012bvu arom\u0101tu un gar\u0161u, kur\u0101 piena notis apvienojas ar lielisku brieduma piegar\u0161u. K\u0101p\u0113c izv\u0113l\u0113ties Flor Esgueva Neapstr\u0101d\u0101ts aitas piens: autentiska gar\u0161a [&hellip;]<\/p>\n","protected":false},"featured_media":20002,"template":"","meta":{"_et_pb_use_builder":"","_et_pb_old_content":"","_et_gb_content_width":""},"product_brand":[],"product_cat":[2274],"product_tag":[],"class_list":{"0":"post-19996","1":"product","2":"type-product","3":"status-publish","4":"has-post-thumbnail","6":"product_cat-siers-un-desa","8":"first","9":"outofstock","10":"taxable","11":"shipping-taxable","12":"product-type-variable"},"_links":{"self":[{"href":"https:\/\/myspainfood.com\/lv\/wp-json\/wp\/v2\/product\/19996","targetHints":{"allow":["GET"]}}],"collection":[{"href":"https:\/\/myspainfood.com\/lv\/wp-json\/wp\/v2\/product"}],"about":[{"href":"https:\/\/myspainfood.com\/lv\/wp-json\/wp\/v2\/types\/product"}],"wp:featuredmedia":[{"embeddable":true,"href":"https:\/\/myspainfood.com\/lv\/wp-json\/wp\/v2\/media\/20002"}],"wp:attachment":[{"href":"https:\/\/myspainfood.com\/lv\/wp-json\/wp\/v2\/media?parent=19996"}],"wp:term":[{"taxonomy":"product_brand","embeddable":true,"href":"https:\/\/myspainfood.com\/lv\/wp-json\/wp\/v2\/product_brand?post=19996"},{"taxonomy":"product_cat","embeddable":true,"href":"https:\/\/myspainfood.com\/lv\/wp-json\/wp\/v2\/product_cat?post=19996"},{"taxonomy":"product_tag","embeddable":true,"href":"https:\/\/myspainfood.com\/lv\/wp-json\/wp\/v2\/product_tag?post=19996"}],"curies":[{"name":"wp","href":"https:\/\/api.w.org\/{rel}","templated":true}]}}