{"id":20083,"date":"2025-04-10T12:16:18","date_gmt":"2025-04-10T10:16:18","guid":{"rendered":"https:\/\/myspainfood.com\/producto\/sardines-saulespuku-ella-rias-baixas-855-g\/"},"modified":"2026-01-30T14:37:07","modified_gmt":"2026-01-30T13:37:07","slug":"sardines-saulespuku-ella-rias-baixas-855-g","status":"publish","type":"product","link":"https:\/\/myspainfood.com\/lv\/producto\/sardines-saulespuku-ella-rias-baixas-855-g\/","title":{"rendered":"Sard\u012bnes saulespu\u0137u e\u013c\u013c\u0101 - Rias Baixas - 855 g"},"content":{"rendered":"<h3><strong>Sard\u012bnes saulespu\u0137u e\u013c\u013c\u0101 - R\u00edas Baixas - 855 g<\/strong><\/h3>\n<p><strong>Sard\u012bnes saulespu\u0137u e\u013c\u013c\u0101 no R\u00edas Baixas<\/strong> ir r\u016bp\u012bgi atlas\u012btas un iepakotas, lai saglab\u0101tu to svaigumu un dabisko gar\u0161u un j\u016bs var\u0113tu izbaud\u012bt visu to gar\u0161u. T\u0101s ir ide\u0101li piem\u0113rotas sal\u0101tiem, uzkod\u0101m vai tradicion\u0101l\u0101m recept\u0113m, un t\u0101s izce\u013cas ar maigo tekst\u016bru un izsmalcin\u0101to gar\u0161u mut\u0113. <\/p>\n<p>Nevilcinieties un izbaudiet lab\u0101k\u0101s sard\u012bnes. Atkl\u0101jiet m\u016bsu <a href=\"https:\/\/latiendadesami.com\/categoria-producto\/conservas\/\" target=\"_blank\" rel=\"noopener noreferrer nofollow\"><b>konservi<\/b> <\/a>  <\/p>\n<h4><strong>K\u0101p\u0113c izv\u0113l\u0113ties tos<\/strong><\/h4>\n<ul>\n<li><strong>Garant\u0113ta izcelsme!<\/strong>  Nozvejotas t\u012bros un bag\u0101t\u012bgos Atlantijas oke\u0101na \u016bde\u0146os Galisijas re\u0123ion\u0101 R\u00edas Baixas.<\/li>\n<li><strong>Augst\u0101k\u0101s kvalit\u0101tes saulespu\u0137u e\u013c\u013ca, kas pie\u0161\u0137ir<\/strong>maigumu un l\u012bdzsvaro gar\u0161u.<\/li>\n<li><strong>Form\u0101ts<\/strong>: 855 g bund\u017ea, ide\u0101li piem\u0113rota \u0123imen\u0113m vai \u012bpa\u0161iem pas\u0101kumiem.<\/li>\n<\/ul>\n","protected":false},"excerpt":{"rendered":"<p>Sard\u012bnes saulespu\u0137u e\u013c\u013c\u0101 - R\u00edas Baixas - 855 g Sard\u012bnes saulespu\u0137u e\u013c\u013c\u0101 no R\u00edas Baixas ir r\u016bp\u012bgi atlas\u012btas un iepakotas, lai saglab\u0101tu to svaigumu un dabisko gar\u0161u un j\u016bs var\u0113tu izbaud\u012bt visu to gar\u0161u. T\u0101s ir ide\u0101li piem\u0113rotas sal\u0101tiem, uzkod\u0101m vai tradicion\u0101l\u0101m recept\u0113m, un t\u0101s izce\u013cas ar maigo tekst\u016bru un izsmalcin\u0101to gar\u0161u mut\u0113. Nevilcinieties un [&hellip;]<\/p>\n","protected":false},"featured_media":20086,"template":"","meta":{"_et_pb_use_builder":"","_et_pb_old_content":"","_et_gb_content_width":""},"product_brand":[],"product_cat":[1963],"product_tag":[],"class_list":{"0":"post-20083","1":"product","2":"type-product","3":"status-publish","4":"has-post-thumbnail","6":"product_cat-saglaba","8":"first","9":"outofstock","10":"taxable","11":"shipping-taxable","12":"product-type-variable"},"_links":{"self":[{"href":"https:\/\/myspainfood.com\/lv\/wp-json\/wp\/v2\/product\/20083","targetHints":{"allow":["GET"]}}],"collection":[{"href":"https:\/\/myspainfood.com\/lv\/wp-json\/wp\/v2\/product"}],"about":[{"href":"https:\/\/myspainfood.com\/lv\/wp-json\/wp\/v2\/types\/product"}],"wp:featuredmedia":[{"embeddable":true,"href":"https:\/\/myspainfood.com\/lv\/wp-json\/wp\/v2\/media\/20086"}],"wp:attachment":[{"href":"https:\/\/myspainfood.com\/lv\/wp-json\/wp\/v2\/media?parent=20083"}],"wp:term":[{"taxonomy":"product_brand","embeddable":true,"href":"https:\/\/myspainfood.com\/lv\/wp-json\/wp\/v2\/product_brand?post=20083"},{"taxonomy":"product_cat","embeddable":true,"href":"https:\/\/myspainfood.com\/lv\/wp-json\/wp\/v2\/product_cat?post=20083"},{"taxonomy":"product_tag","embeddable":true,"href":"https:\/\/myspainfood.com\/lv\/wp-json\/wp\/v2\/product_tag?post=20083"}],"curies":[{"name":"wp","href":"https:\/\/api.w.org\/{rel}","templated":true}]}}