{"id":20605,"date":"2025-04-10T12:11:04","date_gmt":"2025-04-10T10:11:04","guid":{"rendered":"https:\/\/myspainfood.com\/producto\/iberijas-cukgalas-fileja-iberijas-skirnes-fili-500-grami-apm\/"},"modified":"2025-06-24T13:18:33","modified_gmt":"2025-06-24T11:18:33","slug":"iberijas-cukgalas-fileja-iberijas-skirnes-fili-500-grami-apm","status":"publish","type":"product","link":"https:\/\/myspainfood.com\/lv\/producto\/iberijas-cukgalas-fileja-iberijas-skirnes-fili-500-grami-apm\/","title":{"rendered":"Iberijas c\u016bkga\u013cas fileja Iberijas \u0161\u0137irnes FILI 500 grami apm."},"content":{"rendered":"<p>Tradicion\u0101ls augst\u0101k\u0101s kvalit\u0101tes produkts, kas pagatavots no lab\u0101k\u0101s Ib\u0113rijas re\u0123iona lies\u0101s ga\u013cas ar dab\u012bg\u0101m gar\u0161viel\u0101m.<\/p>\n","protected":false},"excerpt":{"rendered":"<p>Tradicion\u0101ls augst\u0101k\u0101s kvalit\u0101tes produkts, kas pagatavots no lab\u0101k\u0101s Ib\u0113rijas re\u0123iona lies\u0101s ga\u013cas ar dab\u012bg\u0101m gar\u0161viel\u0101m.<\/p>\n","protected":false},"featured_media":20609,"template":"","meta":{"_et_pb_use_builder":"","_et_pb_old_content":"","_et_gb_content_width":""},"product_brand":[],"product_cat":[1821,2275,2274],"product_tag":[],"class_list":{"0":"post-20605","1":"product","2":"type-product","3":"status-publish","4":"has-post-thumbnail","6":"product_cat-cold","7":"product_cat-desa","8":"product_cat-siers-un-desa","9":"product_shipping_class-aukstuma-sutijums","11":"first","12":"outofstock","13":"taxable","14":"shipping-taxable","15":"purchasable","16":"product-type-simple"},"_links":{"self":[{"href":"https:\/\/myspainfood.com\/lv\/wp-json\/wp\/v2\/product\/20605","targetHints":{"allow":["GET"]}}],"collection":[{"href":"https:\/\/myspainfood.com\/lv\/wp-json\/wp\/v2\/product"}],"about":[{"href":"https:\/\/myspainfood.com\/lv\/wp-json\/wp\/v2\/types\/product"}],"wp:featuredmedia":[{"embeddable":true,"href":"https:\/\/myspainfood.com\/lv\/wp-json\/wp\/v2\/media\/20609"}],"wp:attachment":[{"href":"https:\/\/myspainfood.com\/lv\/wp-json\/wp\/v2\/media?parent=20605"}],"wp:term":[{"taxonomy":"product_brand","embeddable":true,"href":"https:\/\/myspainfood.com\/lv\/wp-json\/wp\/v2\/product_brand?post=20605"},{"taxonomy":"product_cat","embeddable":true,"href":"https:\/\/myspainfood.com\/lv\/wp-json\/wp\/v2\/product_cat?post=20605"},{"taxonomy":"product_tag","embeddable":true,"href":"https:\/\/myspainfood.com\/lv\/wp-json\/wp\/v2\/product_tag?post=20605"}],"curies":[{"name":"wp","href":"https:\/\/api.w.org\/{rel}","templated":true}]}}