{"id":21304,"date":"2025-04-10T12:10:23","date_gmt":"2025-04-10T10:10:23","guid":{"rendered":"https:\/\/myspainfood.com\/producto\/pikillo-paprikas-salati-15-kg\/"},"modified":"2025-04-10T12:10:23","modified_gmt":"2025-04-10T10:10:23","slug":"pikillo-paprikas-salati-15-kg","status":"publish","type":"product","link":"https:\/\/myspainfood.com\/lv\/producto\/pikillo-paprikas-salati-15-kg\/","title":{"rendered":"Pikillo paprikas sal\u0101ti 1,5 kg"},"content":{"rendered":"<p><a href=\"https:\/\/www.alsurvegetales.com\/producto\/id\/35\/pimiento-del-piquillo\" target=\"_blank\" rel=\"noopener noreferrer nofollow\">Alsur<\/a> &#8216;s piquillo piparu sal\u0101ti ir gatavoti no saldajiem konserv\u0113tajiem pipariem.<\/p>\n<p>Pipari ir slaveni ar savu augsto kvalit\u0101ti un \u013coti \u012bpa\u0161o gar\u0161u ar pikantu piegar\u0161u.<\/p>\n<p>Tos raksturo ar\u012b intens\u012bvi sarkan\u0101 kr\u0101sa, unik\u0101l\u0101 tekst\u016bra, lielums un \u012bpa\u0161\u0101 iegaren\u0101 tr\u012bsst\u016bra forma.<\/p>\n<p>Sast\u0101vda\u013cas: Sast\u0101vda\u013cas: pikiljo pipari, s\u012bpoli, \u016bdens, cukurs, s\u0101ls, eti\u0137is un citronsk\u0101be.<\/p>\n<p>Poda t\u012brais svars ir 410 grami.<\/p>\n<p>Uzglab\u0101t v\u0113s\u0101, saus\u0101 viet\u0101. P\u0113c atv\u0113r\u0161anas p\u0101rlejiet nemet\u0101lisk\u0101 trauk\u0101, uzglab\u0101jiet ledusskap\u012b un pat\u0113r\u0113jiet 7 dienu laik\u0101. <\/p>\n<p>Alsur ir \u0123imenes uz\u0146\u0113mums, kura galvenais varonis ir \u0113diena b\u016bt\u012bba.<\/p>\n<h4>Galven\u0101s konservu priek\u0161roc\u012bbas<\/h4>\n<ol>\n<li>Tie saglab\u0101 visas p\u0101rtikas produkta uzturv\u0113rt\u012bbas. P\u0101rtika saglab\u0101 savu svaigumu. <\/li>\n<li>Izmantotie p\u0101rtikas produkti ir vesel\u012bgi un t\u0101p\u0113c piem\u0113roti optim\u0101lam uzturam, jo tajos ir liels vitam\u012bnu un olbaltumvielu saturs.<\/li>\n<li>\u0160iem izstr\u0101d\u0101jumiem ir ilg\u0101ks kalpo\u0161anas laiks (parasti 2-5 gadi).<\/li>\n<li>Konservi ir \u013coti \u0113rti uzglab\u0101jami, jo to iepakojums ir viegli uzkl\u0101jams.<\/li>\n<\/ol>\n<p>Ja v\u0113laties ieg\u0101d\u0101ties piparu sal\u0101tus ar tunci vai jebkura cita veida <a href=\"https:\/\/latiendadesami.com\/categoria-producto\/conservas\/\" rel=\"noopener noreferrer nofollow\" target=\"_blank\">konservus<\/a>, nevilcinieties un apskatiet m\u016bsu tie\u0161saistes katalogu, lai iepaz\u012btos ar m\u016bsu pla\u0161o <a href=\"https:\/\/latiendadesami.com\/categoria-producto\/conservas\/atun-y-bonito\/\" target=\"_blank\" rel=\"noopener noreferrer nofollow\">tun\u010da<\/a> kl\u0101stu.<\/p>\n<p>Lai ieg\u016btu vair\u0101k inform\u0101cijas, rakstiet mums.<\/p>\n","protected":false},"excerpt":{"rendered":"<p>Alsur &#8216;s piquillo piparu sal\u0101ti ir gatavoti no saldajiem konserv\u0113tajiem pipariem. Pipari ir slaveni ar savu augsto kvalit\u0101ti un \u013coti \u012bpa\u0161o gar\u0161u ar pikantu piegar\u0161u. Tos raksturo ar\u012b intens\u012bvi sarkan\u0101 kr\u0101sa, unik\u0101l\u0101 tekst\u016bra, lielums un \u012bpa\u0161\u0101 iegaren\u0101 tr\u012bsst\u016bra forma. Sast\u0101vda\u013cas: Sast\u0101vda\u013cas: pikiljo pipari, s\u012bpoli, \u016bdens, cukurs, s\u0101ls, eti\u0137is un citronsk\u0101be. Poda t\u012brais svars ir 410 [&hellip;]<\/p>\n","protected":false},"featured_media":21308,"template":"","meta":{"_et_pb_use_builder":"","_et_pb_old_content":"","_et_gb_content_width":""},"product_brand":[1196],"product_cat":[3718,2335,1963],"product_tag":[],"class_list":{"0":"post-21304","1":"product","2":"type-product","3":"status-publish","4":"has-post-thumbnail","6":"product_brand-alsur","7":"product_cat-darzeni","8":"product_cat-pipari","9":"product_cat-saglaba","11":"first","12":"outofstock","13":"taxable","14":"shipping-taxable","15":"purchasable","16":"product-type-simple"},"_links":{"self":[{"href":"https:\/\/myspainfood.com\/lv\/wp-json\/wp\/v2\/product\/21304","targetHints":{"allow":["GET"]}}],"collection":[{"href":"https:\/\/myspainfood.com\/lv\/wp-json\/wp\/v2\/product"}],"about":[{"href":"https:\/\/myspainfood.com\/lv\/wp-json\/wp\/v2\/types\/product"}],"wp:featuredmedia":[{"embeddable":true,"href":"https:\/\/myspainfood.com\/lv\/wp-json\/wp\/v2\/media\/21308"}],"wp:attachment":[{"href":"https:\/\/myspainfood.com\/lv\/wp-json\/wp\/v2\/media?parent=21304"}],"wp:term":[{"taxonomy":"product_brand","embeddable":true,"href":"https:\/\/myspainfood.com\/lv\/wp-json\/wp\/v2\/product_brand?post=21304"},{"taxonomy":"product_cat","embeddable":true,"href":"https:\/\/myspainfood.com\/lv\/wp-json\/wp\/v2\/product_cat?post=21304"},{"taxonomy":"product_tag","embeddable":true,"href":"https:\/\/myspainfood.com\/lv\/wp-json\/wp\/v2\/product_tag?post=21304"}],"curies":[{"name":"wp","href":"https:\/\/api.w.org\/{rel}","templated":true}]}}