{"id":21350,"date":"2025-04-10T12:10:26","date_gmt":"2025-04-10T10:10:26","guid":{"rendered":"https:\/\/myspainfood.com\/producto\/bocaditos-bacalao-salados\/"},"modified":"2025-06-24T13:15:28","modified_gmt":"2025-06-24T11:15:28","slug":"bocaditos-bacalao-salados","status":"publish","type":"product","link":"https:\/\/myspainfood.com\/lv\/producto\/bocaditos-bacalao-salados\/","title":{"rendered":"Bocaditos Bacalao Salados"},"content":{"rendered":"<p style=\"text-align: left\">&#8220;Menca ir kop\u012bgs nosaukums vair\u0101k\u0101m Gadus \u0123ints zivju sug\u0101m, lai gan da\u017e\u0101m \u0161\u012bs pa\u0161as \u0123ints ziv\u012bm var b\u016bt ar\u012b citi nosaukumi. Visbie\u017e\u0101k sastopam\u0101 suga ir Atlantijas menca<strong>(Gadus morhua<\/strong> jeb parast\u0101 menca). T\u0101 ir viena no paz\u012bstam\u0101kaj\u0101m ziv\u012bm pasaul\u0113, un to augstu v\u0113rt\u0113 t\u0101s lielisk\u0101s gar\u0161as d\u0113\u013c.  <\/p>\n<h6 style=\"text-align: left\"><u>UZTURV\u0112RT\u012aBA<\/u><\/h6>\n<p>No uzturv\u0113rt\u012bbas viedok\u013ca menca ir p\u0101rtika, kas bag\u0101ta ar olbaltumviel\u0101m ar augstu biolo\u0123isko v\u0113rt\u012bbu un sagremojam\u012bbu, ar zemu tauku un kaloriju saturu. T\u0101s \u016bdens saturs ir aptuveni 80 % (svaig\u0101 menc\u0113), un t\u0101 ir labs organismam nepiecie\u0161amo vitam\u012bnu (galvenok\u0101rt B grupas) un miner\u0101ls\u0101\u013cu avots. Svaigu vai ats\u0101l\u012btu mencu var lietot cilv\u0113ki ar augstu asinsspiedienu, jo taj\u0101 ir maz n\u0101trija un daudz k\u0101lija.  <\/p>\n","protected":false},"excerpt":{"rendered":"<p>&#8220;Menca ir kop\u012bgs nosaukums vair\u0101k\u0101m Gadus \u0123ints zivju sug\u0101m, lai gan da\u017e\u0101m \u0161\u012bs pa\u0161as \u0123ints ziv\u012bm var b\u016bt ar\u012b citi nosaukumi. Visbie\u017e\u0101k sastopam\u0101 suga ir Atlantijas menca(Gadus morhua jeb parast\u0101 menca). T\u0101 ir viena no paz\u012bstam\u0101kaj\u0101m ziv\u012bm pasaul\u0113, un to augstu v\u0113rt\u0113 t\u0101s lielisk\u0101s gar\u0161as d\u0113\u013c. UZTURV\u0112RT\u012aBA No uzturv\u0113rt\u012bbas viedok\u013ca menca ir p\u0101rtika, kas bag\u0101ta [&hellip;]<\/p>\n","protected":false},"featured_media":21352,"template":"","meta":{"_et_pb_use_builder":"","_et_pb_old_content":"","_et_gb_content_width":""},"product_brand":[1290],"product_cat":[1821,3520],"product_tag":[],"class_list":{"0":"post-21350","1":"product","2":"type-product","3":"status-publish","4":"has-post-thumbnail","6":"product_brand-la-barajilla","7":"product_cat-cold","8":"product_cat-mencas","9":"product_shipping_class-aukstuma-sutijums","11":"first","12":"outofstock","13":"taxable","14":"shipping-taxable","15":"purchasable","16":"product-type-simple"},"_links":{"self":[{"href":"https:\/\/myspainfood.com\/lv\/wp-json\/wp\/v2\/product\/21350","targetHints":{"allow":["GET"]}}],"collection":[{"href":"https:\/\/myspainfood.com\/lv\/wp-json\/wp\/v2\/product"}],"about":[{"href":"https:\/\/myspainfood.com\/lv\/wp-json\/wp\/v2\/types\/product"}],"wp:featuredmedia":[{"embeddable":true,"href":"https:\/\/myspainfood.com\/lv\/wp-json\/wp\/v2\/media\/21352"}],"wp:attachment":[{"href":"https:\/\/myspainfood.com\/lv\/wp-json\/wp\/v2\/media?parent=21350"}],"wp:term":[{"taxonomy":"product_brand","embeddable":true,"href":"https:\/\/myspainfood.com\/lv\/wp-json\/wp\/v2\/product_brand?post=21350"},{"taxonomy":"product_cat","embeddable":true,"href":"https:\/\/myspainfood.com\/lv\/wp-json\/wp\/v2\/product_cat?post=21350"},{"taxonomy":"product_tag","embeddable":true,"href":"https:\/\/myspainfood.com\/lv\/wp-json\/wp\/v2\/product_tag?post=21350"}],"curies":[{"name":"wp","href":"https:\/\/api.w.org\/{rel}","templated":true}]}}